{"id":2,"date":"2026-02-05T16:23:19","date_gmt":"2026-02-05T16:23:19","guid":{"rendered":"http:\/\/biblivres.fr\/?page_id=2"},"modified":"2026-02-12T10:55:00","modified_gmt":"2026-02-12T10:55:00","slug":"sample-page","status":"publish","type":"page","link":"https:\/\/biblivres.fr\/index.php\/sample-page\/","title":{"rendered":"Information"},"content":{"rendered":"<p><H2>Pr\u00e9sentation g\u00e9n\u00e9rale des ouvrages<\/H2><br \/>\n<H3>1 &#8211; Ouvrages pr\u00e9sent\u00e9s<\/H3><\/p>\n<p>Les ouvrages pr\u00e9sent\u00e9s dans ce site sont des traductions de commentaires ou \u00e9tudes bibliques, ou de documents d&rsquo;int\u00e9r\u00eat biblique, publi\u00e9s initialement en anglais.<br \/>\n\u00c0 part quelques exceptions, beaucoup datent des ann\u00e9es 1800 et proviennent d&rsquo;auteurs connus \u00e0 cette \u00e9poque<br \/>&nbsp;&nbsp;&nbsp;(J.N. Darby, W. Kelly, F.P. Patterson , F.W. Grant, N. Noel, etc) ou plus r\u00e9cents (A. Ladrierre, W.R. Dronsfield, S. Prodhom, A.J. Pollock, G. Vogel, etc).<br \/>\n<em>La plupart de ces traductions \u00e9taient jusque-l\u00e0 <strong>in\u00e9dites<\/strong>.<\/em> Les premi\u00e8res traductions datent de 1998.<\/p>\n<p><H3>2 &#8211; Pr\u00e9sentation d\u00e9taill\u00e9e d&rsquo;un ouvrage<\/H3><\/p>\n<p>Dans le d\u00e9tail de chaque livre, vous trouverez un court descriptif, le format et la pr\u00e9sentation, ainsi que le nombre de pages.<br \/>\nVous pouvez commander un de ces livres, quel que soit le nombre d&rsquo;exemplaires, car il s&rsquo;agit d&rsquo;une impression \u00e0 la demande.<br \/>\nLes taxes ne sont pas comprises dans les prix.<br \/>\nSelon le type de commande, les taxes peuvent s&rsquo;\u00e9lever <strong>de 10 \u00e0 12%<\/strong> (taxes USA), et les frais de transport peuvent varier <strong>de 30 \u00e0 38%<\/strong>.<br \/>\nEn s\u00e9lectionnant un article, on verra notamment l&rsquo;auteur, le format et le <strong><em>type de couverture<\/em><\/strong>.<br \/>\n<em>Le format et le type de couverture expliquent <strong>les \u00e9carts de prix<\/strong> entre produits apparemment similaires<\/em>.<br \/>\nLes produits portant la mention \u00ab\u00a0\u00c9puis\u00e9\u00a0\u00bb ne peuvent pas \u00eatre command\u00e9s en ligne. Dans ce cas, merci d&rsquo;adresser un mail \u00e0 contact@biblivres.fr<\/p>\n<p><H3>3 &#8211; Ouvrages en format PDF<\/H3><\/p>\n<p>Les ouvrages t\u00e9l\u00e9chargeables en PDF (gratuits) doivent \u00eatre command\u00e9s, pour pouvoir \u00eatre t\u00e9l\u00e9charg\u00e9s.<br \/>\nSi aucun ouvrage payant n&rsquo;a par ailleurs \u00e9t\u00e9 ajout\u00e9 au panier, <em>aucun paiement et aucune carte ne vous seront demand\u00e9s<\/em>.<\/p>\n<p><H3>4 &#8211; Impression des ouvrages<\/H3><\/p>\n<p>L&rsquo;imprimeur est Lulu, aux USA, un des leaders mondiaux de l&rsquo;impression \u00e0 la demande.<br \/>\nLes sites d&rsquo;impression de Lulu sont r\u00e9partis dans plusieurs pays dont la France, mais le choix du lieu d&rsquo;impression n&rsquo;est pas possible.<br \/>\nIl est d\u00e9termin\u00e9 pour chaque commande par Lulu, qui optimise ainsi les traitements et les flux.<br \/>\nPour les d\u00e9lais, il faut compter de l&rsquo;ordre de <strong><em>9 \u00e0 10 jours<\/em><\/strong> (fabrication, transport et livraison compris)<\/p>\n<p><H3>5 &#8211; Pr\u00e9cision concernant le site biblivres.fr<\/H3><\/p>\n<p>Ce site n&rsquo;est pas index\u00e9 par les robots internet, et donc il n&rsquo;est pas visible par des outils de recherche tels que Google.<br \/>Par contre, vous pouvez communiquer l&rsquo;adresse du site <a href=\"https:\/\/biblivres.fr\">https:\/\/biblivres.fr<\/a> \u00e0 toute personne que vous pensez \u00eatre int\u00e9ress\u00e9e.<\/p>\n<p><H3>6 &#8211; Remarques ou demandes<\/H3><\/p>\n<p>Pour toute remarque ou demande, merci d&rsquo;adresser un mail \u00e0 contact@biblivres.com <\/p>\n<p>Bonne lecture !<br \/>\n<em>Biblivres.fr<\/em><\/p>\n","protected":false},"excerpt":{"rendered":"<p>Pr\u00e9sentation g\u00e9n\u00e9rale des ouvrages 1 &#8211; Ouvrages pr\u00e9sent\u00e9s Les ouvrages pr\u00e9sent\u00e9s dans ce site sont des traductions de commentaires ou \u00e9tudes bibliques, ou de documents d&rsquo;int\u00e9r\u00eat biblique, publi\u00e9s initialement en anglais. \u00c0 part quelques exceptions, beaucoup datent des ann\u00e9es 1800 et proviennent d&rsquo;auteurs connus \u00e0 cette \u00e9poque&nbsp;&nbsp;&nbsp;(J.N. Darby, W. Kelly, F.P. Patterson , F.W. Grant, [&hellip;]<\/p>\n","protected":false},"author":1,"featured_media":0,"parent":0,"menu_order":0,"comment_status":"closed","ping_status":"closed","template":"","meta":{"ocean_post_layout":"","ocean_both_sidebars_style":"","ocean_both_sidebars_content_width":0,"ocean_both_sidebars_sidebars_width":0,"ocean_sidebar":"","ocean_second_sidebar":"","ocean_disable_margins":"enable","ocean_add_body_class":"","ocean_shortcode_before_top_bar":"","ocean_shortcode_after_top_bar":"","ocean_shortcode_before_header":"","ocean_shortcode_after_header":"","ocean_has_shortcode":"","ocean_shortcode_after_title":"","ocean_shortcode_before_footer_widgets":"","ocean_shortcode_after_footer_widgets":"","ocean_shortcode_before_footer_bottom":"","ocean_shortcode_after_footer_bottom":"","ocean_display_top_bar":"default","ocean_display_header":"default","ocean_header_style":"","ocean_center_header_left_menu":"","ocean_custom_header_template":"","ocean_custom_logo":0,"ocean_custom_retina_logo":0,"ocean_custom_logo_max_width":0,"ocean_custom_logo_tablet_max_width":0,"ocean_custom_logo_mobile_max_width":0,"ocean_custom_logo_max_height":0,"ocean_custom_logo_tablet_max_height":0,"ocean_custom_logo_mobile_max_height":0,"ocean_header_custom_menu":"","ocean_menu_typo_font_family":"","ocean_menu_typo_font_subset":"","ocean_menu_typo_font_size":0,"ocean_menu_typo_font_size_tablet":0,"ocean_menu_typo_font_size_mobile":0,"ocean_menu_typo_font_size_unit":"px","ocean_menu_typo_font_weight":"","ocean_menu_typo_font_weight_tablet":"","ocean_menu_typo_font_weight_mobile":"","ocean_menu_typo_transform":"","ocean_menu_typo_transform_tablet":"","ocean_menu_typo_transform_mobile":"","ocean_menu_typo_line_height":0,"ocean_menu_typo_line_height_tablet":0,"ocean_menu_typo_line_height_mobile":0,"ocean_menu_typo_line_height_unit":"","ocean_menu_typo_spacing":0,"ocean_menu_typo_spacing_tablet":0,"ocean_menu_typo_spacing_mobile":0,"ocean_menu_typo_spacing_unit":"","ocean_menu_link_color":"","ocean_menu_link_color_hover":"","ocean_menu_link_color_active":"","ocean_menu_link_background":"","ocean_menu_link_hover_background":"","ocean_menu_link_active_background":"","ocean_menu_social_links_bg":"","ocean_menu_social_hover_links_bg":"","ocean_menu_social_links_color":"","ocean_menu_social_hover_links_color":"","ocean_disable_title":"default","ocean_disable_heading":"default","ocean_post_title":"","ocean_post_subheading":"","ocean_post_title_style":"","ocean_post_title_background_color":"","ocean_post_title_background":0,"ocean_post_title_bg_image_position":"","ocean_post_title_bg_image_attachment":"","ocean_post_title_bg_image_repeat":"","ocean_post_title_bg_image_size":"","ocean_post_title_height":0,"ocean_post_title_bg_overlay":0.5,"ocean_post_title_bg_overlay_color":"","ocean_disable_breadcrumbs":"default","ocean_breadcrumbs_color":"","ocean_breadcrumbs_separator_color":"","ocean_breadcrumbs_links_color":"","ocean_breadcrumbs_links_hover_color":"","ocean_display_footer_widgets":"default","ocean_display_footer_bottom":"default","ocean_custom_footer_template":"","footnotes":""},"class_list":["post-2","page","type-page","status-publish","hentry","entry","owp-thumbs-layout-horizontal","owp-btn-normal","owp-tabs-layout-horizontal","has-no-thumbnails","has-product-nav"],"_links":{"self":[{"href":"https:\/\/biblivres.fr\/index.php\/wp-json\/wp\/v2\/pages\/2","targetHints":{"allow":["GET"]}}],"collection":[{"href":"https:\/\/biblivres.fr\/index.php\/wp-json\/wp\/v2\/pages"}],"about":[{"href":"https:\/\/biblivres.fr\/index.php\/wp-json\/wp\/v2\/types\/page"}],"author":[{"embeddable":true,"href":"https:\/\/biblivres.fr\/index.php\/wp-json\/wp\/v2\/users\/1"}],"replies":[{"embeddable":true,"href":"https:\/\/biblivres.fr\/index.php\/wp-json\/wp\/v2\/comments?post=2"}],"version-history":[{"count":38,"href":"https:\/\/biblivres.fr\/index.php\/wp-json\/wp\/v2\/pages\/2\/revisions"}],"predecessor-version":[{"id":737,"href":"https:\/\/biblivres.fr\/index.php\/wp-json\/wp\/v2\/pages\/2\/revisions\/737"}],"wp:attachment":[{"href":"https:\/\/biblivres.fr\/index.php\/wp-json\/wp\/v2\/media?parent=2"}],"curies":[{"name":"wp","href":"https:\/\/api.w.org\/{rel}","templated":true}]}}