{"id":116,"date":"2026-02-06T10:47:13","date_gmt":"2026-02-06T10:47:13","guid":{"rendered":"https:\/\/biblivres.fr\/index.php\/product\/les-sacrifices-tome-2\/"},"modified":"2026-02-11T22:01:11","modified_gmt":"2026-02-11T22:01:11","slug":"les-sacrifices-tome-2","status":"publish","type":"product","link":"https:\/\/biblivres.fr\/index.php\/product\/les-sacrifices-tome-2\/","title":{"rendered":"Les sacrifices (tome 2)"},"content":{"rendered":"<p>\u00c9tude approfondie sur les diverses ordonnances rattach\u00e9es aux sacrifices et aux f\u00eates religieuses du livre du livre du L\u00e9vitique. Applications pratiques \u00e9difiantes et spirituelles pour le chr\u00e9tien, qui n\u2019est plus du tout maintenant sous la loi\u00a0:\u00a0\u00ab\u00a0\u2026vous n\u2019\u00eates plus sous la loi, mais sous la gr\u00e2ce\u00a0\u00bb (Romains 6:14)\u00a0; \u00ab\u00a0Christ\u2026 a effac\u00e9 l\u2019obligation qui \u00e9tait contre nous, laquelle consistait en ordonnances\u2026 et il l\u2019a \u00f4t\u00e9e en la clouant \u00e0 la croix\u00a0\u00bb (Colossiens 2:14).<\/p>\n","protected":false},"excerpt":{"rendered":"<p>\u00c9tude approfondie sur les diverses ordonnances rattach\u00e9es aux sacrifices et aux f\u00eates religieuses du livre du livre du L\u00e9vitique. Applications pratiques \u00e9difiantes et spirituelles pour le chr\u00e9tien, qui n\u2019est plus du tout maintenant sous la loi\u00a0:\u00a0\u00ab\u00a0\u2026vous n\u2019\u00eates plus sous la loi, mais sous la gr\u00e2ce\u00a0\u00bb (Romains 6:14)\u00a0; \u00ab\u00a0Christ\u2026 a effac\u00e9 l\u2019obligation qui \u00e9tait contre nous, laquelle consistait en ordonnances\u2026 et il l\u2019a \u00f4t\u00e9e en la clouant \u00e0 la croix\u00a0\u00bb (Colossiens 2:14).<\/p>\n","protected":false},"featured_media":117,"template":"","meta":{"ocean_post_layout":"","ocean_both_sidebars_style":"","ocean_both_sidebars_content_width":0,"ocean_both_sidebars_sidebars_width":0,"ocean_sidebar":"0","ocean_second_sidebar":"0","ocean_disable_margins":"enable","ocean_add_body_class":"","ocean_shortcode_before_top_bar":"","ocean_shortcode_after_top_bar":"","ocean_shortcode_before_header":"","ocean_shortcode_after_header":"","ocean_has_shortcode":"","ocean_shortcode_after_title":"","ocean_shortcode_before_footer_widgets":"","ocean_shortcode_after_footer_widgets":"","ocean_shortcode_before_footer_bottom":"","ocean_shortcode_after_footer_bottom":"","ocean_display_top_bar":"default","ocean_display_header":"default","ocean_header_style":"","ocean_center_header_left_menu":"0","ocean_custom_header_template":"0","ocean_custom_logo":0,"ocean_custom_retina_logo":0,"ocean_custom_logo_max_width":0,"ocean_custom_logo_tablet_max_width":0,"ocean_custom_logo_mobile_max_width":0,"ocean_custom_logo_max_height":0,"ocean_custom_logo_tablet_max_height":0,"ocean_custom_logo_mobile_max_height":0,"ocean_header_custom_menu":"0","ocean_menu_typo_font_family":"0","ocean_menu_typo_font_subset":"","ocean_menu_typo_font_size":0,"ocean_menu_typo_font_size_tablet":0,"ocean_menu_typo_font_size_mobile":0,"ocean_menu_typo_font_size_unit":"px","ocean_menu_typo_font_weight":"","ocean_menu_typo_font_weight_tablet":"","ocean_menu_typo_font_weight_mobile":"","ocean_menu_typo_transform":"","ocean_menu_typo_transform_tablet":"","ocean_menu_typo_transform_mobile":"","ocean_menu_typo_line_height":0,"ocean_menu_typo_line_height_tablet":0,"ocean_menu_typo_line_height_mobile":0,"ocean_menu_typo_line_height_unit":"","ocean_menu_typo_spacing":0,"ocean_menu_typo_spacing_tablet":0,"ocean_menu_typo_spacing_mobile":0,"ocean_menu_typo_spacing_unit":"","ocean_menu_link_color":"","ocean_menu_link_color_hover":"","ocean_menu_link_color_active":"","ocean_menu_link_background":"","ocean_menu_link_hover_background":"","ocean_menu_link_active_background":"","ocean_menu_social_links_bg":"","ocean_menu_social_hover_links_bg":"","ocean_menu_social_links_color":"","ocean_menu_social_hover_links_color":"","ocean_disable_title":"default","ocean_disable_heading":"default","ocean_post_title":"","ocean_post_subheading":"","ocean_post_title_style":"","ocean_post_title_background_color":"","ocean_post_title_background":0,"ocean_post_title_bg_image_position":"","ocean_post_title_bg_image_attachment":"","ocean_post_title_bg_image_repeat":"","ocean_post_title_bg_image_size":"","ocean_post_title_height":0,"ocean_post_title_bg_overlay":0.5,"ocean_post_title_bg_overlay_color":"","ocean_disable_breadcrumbs":"default","ocean_breadcrumbs_color":"","ocean_breadcrumbs_separator_color":"","ocean_breadcrumbs_links_color":"","ocean_breadcrumbs_links_hover_color":"","ocean_display_footer_widgets":"default","ocean_display_footer_bottom":"default","ocean_custom_footer_template":"0"},"product_brand":[38],"product_cat":[16],"product_tag":[33],"class_list":{"0":"post-116","1":"product","2":"type-product","3":"status-publish","4":"has-post-thumbnail","6":"product_brand-moy","7":"product_cat-edi","8":"product_tag-com","10":"entry","11":"has-media","13":"first","14":"instock","15":"taxable","16":"shipping-taxable","17":"purchasable","18":"product-type-simple","19":"has-product-nav","20":"col","21":"span_1_of_6","22":"owp-content-center","23":"owp-thumbs-layout-horizontal","24":"owp-btn-normal","25":"owp-tabs-layout-horizontal","26":"has-no-thumbnails"},"_links":{"self":[{"href":"https:\/\/biblivres.fr\/index.php\/wp-json\/wp\/v2\/product\/116","targetHints":{"allow":["GET"]}}],"collection":[{"href":"https:\/\/biblivres.fr\/index.php\/wp-json\/wp\/v2\/product"}],"about":[{"href":"https:\/\/biblivres.fr\/index.php\/wp-json\/wp\/v2\/types\/product"}],"wp:featuredmedia":[{"embeddable":true,"href":"https:\/\/biblivres.fr\/index.php\/wp-json\/wp\/v2\/media\/117"}],"wp:attachment":[{"href":"https:\/\/biblivres.fr\/index.php\/wp-json\/wp\/v2\/media?parent=116"}],"wp:term":[{"taxonomy":"product_brand","embeddable":true,"href":"https:\/\/biblivres.fr\/index.php\/wp-json\/wp\/v2\/product_brand?post=116"},{"taxonomy":"product_cat","embeddable":true,"href":"https:\/\/biblivres.fr\/index.php\/wp-json\/wp\/v2\/product_cat?post=116"},{"taxonomy":"product_tag","embeddable":true,"href":"https:\/\/biblivres.fr\/index.php\/wp-json\/wp\/v2\/product_tag?post=116"}],"curies":[{"name":"wp","href":"https:\/\/api.w.org\/{rel}","templated":true}]}}