{"id":126,"date":"2026-02-06T10:48:57","date_gmt":"2026-02-06T10:48:57","guid":{"rendered":"https:\/\/biblivres.fr\/index.php\/product\/la-mer-rouge-et-le-jourdain\/"},"modified":"2026-02-11T21:59:55","modified_gmt":"2026-02-11T21:59:55","slug":"la-mer-rouge-et-le-jourdain","status":"publish","type":"product","link":"https:\/\/biblivres.fr\/index.php\/product\/la-mer-rouge-et-le-jourdain\/","title":{"rendered":"La Mer Rouge et le Jourdain"},"content":{"rendered":"<p>Le bapt\u00eame d\u2019eau chr\u00e9tien correspond \u00e0 la Mer Rouge (figure de la terre, et du monde), mais jamais au Jourdain (figure du ciel). Le bapt\u00eame est en relation avec la profession chr\u00e9tienne sur la terre, c\u2019est-\u00e0-dire la Maison de Dieu, non pas avec le Corps de Christ et son Chef (ou T\u00eate) dans le ciel (1\u00a0Cor. 10:1-13). Le baptis\u00e9, suppos\u00e9 avoir v\u00e9ritablement la foi, est invit\u00e9 \u00e0 prendre part spirituellement \u00e0 la mort de Christ et \u00e0 vivre de mani\u00e8re toute nouvelle (Rom. 6:11, 4). Il est responsable d\u2019\u00eatre vrai dans sa profession de Christ. Ce n\u2019est pas le t\u00e9moignage du baptis\u00e9, mais le t\u00e9moignage du bapt\u00eame, au baptis\u00e9.<\/p>\n","protected":false},"excerpt":{"rendered":"<p>Le bapt\u00eame d\u2019eau chr\u00e9tien correspond \u00e0 la Mer Rouge (figure de la terre, et du monde), mais jamais au Jourdain (figure du ciel). Le bapt\u00eame est en relation avec la profession chr\u00e9tienne sur la terre, c\u2019est-\u00e0-dire la Maison de Dieu, non pas avec le Corps de Christ et son Chef (ou T\u00eate) dans le ciel (1\u00a0Cor. 10:1-13). Le baptis\u00e9, suppos\u00e9 avoir v\u00e9ritablement la foi, est invit\u00e9 \u00e0 prendre part spirituellement \u00e0 la mort de Christ et \u00e0 vivre de mani\u00e8re toute nouvelle (Rom. 6:11, 4). Il est responsable d\u2019\u00eatre vrai dans sa profession de Christ. Ce n\u2019est pas le t\u00e9moignage du baptis\u00e9, mais le t\u00e9moignage du bapt\u00eame, au baptis\u00e9.<\/p>\n","protected":false},"featured_media":127,"template":"","meta":{"ocean_post_layout":"","ocean_both_sidebars_style":"","ocean_both_sidebars_content_width":0,"ocean_both_sidebars_sidebars_width":0,"ocean_sidebar":"0","ocean_second_sidebar":"0","ocean_disable_margins":"enable","ocean_add_body_class":"","ocean_shortcode_before_top_bar":"","ocean_shortcode_after_top_bar":"","ocean_shortcode_before_header":"","ocean_shortcode_after_header":"","ocean_has_shortcode":"","ocean_shortcode_after_title":"","ocean_shortcode_before_footer_widgets":"","ocean_shortcode_after_footer_widgets":"","ocean_shortcode_before_footer_bottom":"","ocean_shortcode_after_footer_bottom":"","ocean_display_top_bar":"default","ocean_display_header":"default","ocean_header_style":"","ocean_center_header_left_menu":"0","ocean_custom_header_template":"0","ocean_custom_logo":0,"ocean_custom_retina_logo":0,"ocean_custom_logo_max_width":0,"ocean_custom_logo_tablet_max_width":0,"ocean_custom_logo_mobile_max_width":0,"ocean_custom_logo_max_height":0,"ocean_custom_logo_tablet_max_height":0,"ocean_custom_logo_mobile_max_height":0,"ocean_header_custom_menu":"0","ocean_menu_typo_font_family":"0","ocean_menu_typo_font_subset":"","ocean_menu_typo_font_size":0,"ocean_menu_typo_font_size_tablet":0,"ocean_menu_typo_font_size_mobile":0,"ocean_menu_typo_font_size_unit":"px","ocean_menu_typo_font_weight":"","ocean_menu_typo_font_weight_tablet":"","ocean_menu_typo_font_weight_mobile":"","ocean_menu_typo_transform":"","ocean_menu_typo_transform_tablet":"","ocean_menu_typo_transform_mobile":"","ocean_menu_typo_line_height":0,"ocean_menu_typo_line_height_tablet":0,"ocean_menu_typo_line_height_mobile":0,"ocean_menu_typo_line_height_unit":"","ocean_menu_typo_spacing":0,"ocean_menu_typo_spacing_tablet":0,"ocean_menu_typo_spacing_mobile":0,"ocean_menu_typo_spacing_unit":"","ocean_menu_link_color":"","ocean_menu_link_color_hover":"","ocean_menu_link_color_active":"","ocean_menu_link_background":"","ocean_menu_link_hover_background":"","ocean_menu_link_active_background":"","ocean_menu_social_links_bg":"","ocean_menu_social_hover_links_bg":"","ocean_menu_social_links_color":"","ocean_menu_social_hover_links_color":"","ocean_disable_title":"default","ocean_disable_heading":"default","ocean_post_title":"","ocean_post_subheading":"","ocean_post_title_style":"","ocean_post_title_background_color":"","ocean_post_title_background":0,"ocean_post_title_bg_image_position":"","ocean_post_title_bg_image_attachment":"","ocean_post_title_bg_image_repeat":"","ocean_post_title_bg_image_size":"","ocean_post_title_height":0,"ocean_post_title_bg_overlay":0.5,"ocean_post_title_bg_overlay_color":"","ocean_disable_breadcrumbs":"default","ocean_breadcrumbs_color":"","ocean_breadcrumbs_separator_color":"","ocean_breadcrumbs_links_color":"","ocean_breadcrumbs_links_hover_color":"","ocean_display_footer_widgets":"default","ocean_display_footer_bottom":"default","ocean_custom_footer_template":"0"},"product_brand":[38],"product_cat":[17],"product_tag":[33],"class_list":{"0":"post-126","1":"product","2":"type-product","3":"status-publish","4":"has-post-thumbnail","6":"product_brand-moy","7":"product_cat-doc","8":"product_tag-com","10":"entry","11":"has-media","13":"first","14":"instock","15":"taxable","16":"shipping-taxable","17":"purchasable","18":"product-type-simple","19":"has-product-nav","20":"col","21":"span_1_of_6","22":"owp-content-center","23":"owp-thumbs-layout-horizontal","24":"owp-btn-normal","25":"owp-tabs-layout-horizontal","26":"has-no-thumbnails"},"_links":{"self":[{"href":"https:\/\/biblivres.fr\/index.php\/wp-json\/wp\/v2\/product\/126","targetHints":{"allow":["GET"]}}],"collection":[{"href":"https:\/\/biblivres.fr\/index.php\/wp-json\/wp\/v2\/product"}],"about":[{"href":"https:\/\/biblivres.fr\/index.php\/wp-json\/wp\/v2\/types\/product"}],"wp:featuredmedia":[{"embeddable":true,"href":"https:\/\/biblivres.fr\/index.php\/wp-json\/wp\/v2\/media\/127"}],"wp:attachment":[{"href":"https:\/\/biblivres.fr\/index.php\/wp-json\/wp\/v2\/media?parent=126"}],"wp:term":[{"taxonomy":"product_brand","embeddable":true,"href":"https:\/\/biblivres.fr\/index.php\/wp-json\/wp\/v2\/product_brand?post=126"},{"taxonomy":"product_cat","embeddable":true,"href":"https:\/\/biblivres.fr\/index.php\/wp-json\/wp\/v2\/product_cat?post=126"},{"taxonomy":"product_tag","embeddable":true,"href":"https:\/\/biblivres.fr\/index.php\/wp-json\/wp\/v2\/product_tag?post=126"}],"curies":[{"name":"wp","href":"https:\/\/api.w.org\/{rel}","templated":true}]}}