{"id":130,"date":"2026-02-06T10:50:18","date_gmt":"2026-02-06T10:50:18","guid":{"rendered":"https:\/\/biblivres.fr\/index.php\/product\/remarques-sur-le-sectarisme\/"},"modified":"2026-02-11T21:59:31","modified_gmt":"2026-02-11T21:59:31","slug":"remarques-sur-le-sectarisme","status":"publish","type":"product","link":"https:\/\/biblivres.fr\/index.php\/product\/remarques-sur-le-sectarisme\/","title":{"rendered":"Remarques sur \u00ab\u00a0Le sectarisme\u00a0\u00bb"},"content":{"rendered":"<p>Cette lettre ouverte met s\u00e9rieusement en garde contre les doctrines nouvelles et mauvaises avanc\u00e9es par W.J.\u00a0Ouweneel. L\u2019attitude pr\u00e9conis\u00e9e est de sortir du chemin \u00ab\u00a0\u00e9troit\u00a0\u00bb pour s\u2019associer avec les \u00ab\u00a0Fr\u00e8res Libres\u00a0\u00bb. Cette attitude rel\u00e2ch\u00e9e est accompagn\u00e9e d\u2019accusations de sectarisme (cercle de communion \u00ab\u00a0ferm\u00e9\u00a0\u00bb liste \u00ab\u00a0rigide\u00a0\u00bb d\u2019assembl\u00e9es) et d\u2019un enseignement erron\u00e9 au sujet de la s\u00e9paration (limit\u00e9e au mal dit \u00ab\u00a0fondamental\u00a0\u00bb), le tout soutenu par des pens\u00e9es philosophiques.<\/p>\n","protected":false},"excerpt":{"rendered":"<p>Cette lettre ouverte met s\u00e9rieusement en garde contre les doctrines nouvelles et mauvaises avanc\u00e9es par W.J.\u00a0Ouweneel. L\u2019attitude pr\u00e9conis\u00e9e est de sortir du chemin \u00ab\u00a0\u00e9troit\u00a0\u00bb pour s\u2019associer avec les \u00ab\u00a0Fr\u00e8res Libres\u00a0\u00bb. Cette attitude rel\u00e2ch\u00e9e est accompagn\u00e9e d\u2019accusations de sectarisme (cercle de communion \u00ab\u00a0ferm\u00e9\u00a0\u00bb liste \u00ab\u00a0rigide\u00a0\u00bb d\u2019assembl\u00e9es) et d\u2019un enseignement erron\u00e9 au sujet de la s\u00e9paration (limit\u00e9e au mal dit \u00ab\u00a0fondamental\u00a0\u00bb), le tout soutenu par des pens\u00e9es philosophiques.<\/p>\n","protected":false},"featured_media":131,"template":"","meta":{"ocean_post_layout":"","ocean_both_sidebars_style":"","ocean_both_sidebars_content_width":0,"ocean_both_sidebars_sidebars_width":0,"ocean_sidebar":"0","ocean_second_sidebar":"0","ocean_disable_margins":"enable","ocean_add_body_class":"","ocean_shortcode_before_top_bar":"","ocean_shortcode_after_top_bar":"","ocean_shortcode_before_header":"","ocean_shortcode_after_header":"","ocean_has_shortcode":"","ocean_shortcode_after_title":"","ocean_shortcode_before_footer_widgets":"","ocean_shortcode_after_footer_widgets":"","ocean_shortcode_before_footer_bottom":"","ocean_shortcode_after_footer_bottom":"","ocean_display_top_bar":"default","ocean_display_header":"default","ocean_header_style":"","ocean_center_header_left_menu":"0","ocean_custom_header_template":"0","ocean_custom_logo":0,"ocean_custom_retina_logo":0,"ocean_custom_logo_max_width":0,"ocean_custom_logo_tablet_max_width":0,"ocean_custom_logo_mobile_max_width":0,"ocean_custom_logo_max_height":0,"ocean_custom_logo_tablet_max_height":0,"ocean_custom_logo_mobile_max_height":0,"ocean_header_custom_menu":"0","ocean_menu_typo_font_family":"0","ocean_menu_typo_font_subset":"","ocean_menu_typo_font_size":0,"ocean_menu_typo_font_size_tablet":0,"ocean_menu_typo_font_size_mobile":0,"ocean_menu_typo_font_size_unit":"px","ocean_menu_typo_font_weight":"","ocean_menu_typo_font_weight_tablet":"","ocean_menu_typo_font_weight_mobile":"","ocean_menu_typo_transform":"","ocean_menu_typo_transform_tablet":"","ocean_menu_typo_transform_mobile":"","ocean_menu_typo_line_height":0,"ocean_menu_typo_line_height_tablet":0,"ocean_menu_typo_line_height_mobile":0,"ocean_menu_typo_line_height_unit":"","ocean_menu_typo_spacing":0,"ocean_menu_typo_spacing_tablet":0,"ocean_menu_typo_spacing_mobile":0,"ocean_menu_typo_spacing_unit":"","ocean_menu_link_color":"","ocean_menu_link_color_hover":"","ocean_menu_link_color_active":"","ocean_menu_link_background":"","ocean_menu_link_hover_background":"","ocean_menu_link_active_background":"","ocean_menu_social_links_bg":"","ocean_menu_social_hover_links_bg":"","ocean_menu_social_links_color":"","ocean_menu_social_hover_links_color":"","ocean_disable_title":"default","ocean_disable_heading":"default","ocean_post_title":"","ocean_post_subheading":"","ocean_post_title_style":"","ocean_post_title_background_color":"","ocean_post_title_background":0,"ocean_post_title_bg_image_position":"","ocean_post_title_bg_image_attachment":"","ocean_post_title_bg_image_repeat":"","ocean_post_title_bg_image_size":"","ocean_post_title_height":0,"ocean_post_title_bg_overlay":0.5,"ocean_post_title_bg_overlay_color":"","ocean_disable_breadcrumbs":"default","ocean_breadcrumbs_color":"","ocean_breadcrumbs_separator_color":"","ocean_breadcrumbs_links_color":"","ocean_breadcrumbs_links_hover_color":"","ocean_display_footer_widgets":"default","ocean_display_footer_bottom":"default","ocean_custom_footer_template":"0"},"product_brand":[38],"product_cat":[22],"product_tag":[40],"class_list":{"0":"post-130","1":"product","2":"type-product","3":"status-publish","4":"has-post-thumbnail","6":"product_brand-moy","7":"product_cat-div","8":"product_tag-doc","10":"entry","11":"has-media","13":"first","14":"instock","15":"taxable","16":"shipping-taxable","17":"purchasable","18":"product-type-simple","19":"has-product-nav","20":"col","21":"span_1_of_6","22":"owp-content-center","23":"owp-thumbs-layout-horizontal","24":"owp-btn-normal","25":"owp-tabs-layout-horizontal","26":"has-no-thumbnails"},"_links":{"self":[{"href":"https:\/\/biblivres.fr\/index.php\/wp-json\/wp\/v2\/product\/130","targetHints":{"allow":["GET"]}}],"collection":[{"href":"https:\/\/biblivres.fr\/index.php\/wp-json\/wp\/v2\/product"}],"about":[{"href":"https:\/\/biblivres.fr\/index.php\/wp-json\/wp\/v2\/types\/product"}],"wp:featuredmedia":[{"embeddable":true,"href":"https:\/\/biblivres.fr\/index.php\/wp-json\/wp\/v2\/media\/131"}],"wp:attachment":[{"href":"https:\/\/biblivres.fr\/index.php\/wp-json\/wp\/v2\/media?parent=130"}],"wp:term":[{"taxonomy":"product_brand","embeddable":true,"href":"https:\/\/biblivres.fr\/index.php\/wp-json\/wp\/v2\/product_brand?post=130"},{"taxonomy":"product_cat","embeddable":true,"href":"https:\/\/biblivres.fr\/index.php\/wp-json\/wp\/v2\/product_cat?post=130"},{"taxonomy":"product_tag","embeddable":true,"href":"https:\/\/biblivres.fr\/index.php\/wp-json\/wp\/v2\/product_tag?post=130"}],"curies":[{"name":"wp","href":"https:\/\/api.w.org\/{rel}","templated":true}]}}