{"id":136,"date":"2026-02-06T10:50:56","date_gmt":"2026-02-06T10:50:56","guid":{"rendered":"https:\/\/biblivres.fr\/index.php\/product\/verites-scripturaires-et-deviations-volume-2\/"},"modified":"2026-02-11T21:59:04","modified_gmt":"2026-02-11T21:59:04","slug":"verites-scripturaires-et-deviations-volume-2","status":"publish","type":"product","link":"https:\/\/biblivres.fr\/index.php\/product\/verites-scripturaires-et-deviations-volume-2\/","title":{"rendered":"V\u00e9rit\u00e9s scripturaires et d\u00e9viations &#8211; volume 2"},"content":{"rendered":"<p>Cet ouvrage contient des articles de croyants de l\u2019\u00e9poque du R\u00e9veil, dans les ann\u00e9es 1830. Ayant red\u00e9couvert la valeur du simple rassemblement des \u00ab\u00a0deux ou trois\u00a0\u00bb au nom du Seigneur selon Matthieu 18:20, des fr\u00e8res ont \u00e9t\u00e9 rapidement confront\u00e9s aux efforts de Satan, pour annuler la s\u00e9paration du mal ou d\u00e9truire l\u2019unit\u00e9. Le lecteur trouvera des expos\u00e9s doctrinaux en relation avec des faits historiques pr\u00e9cis qui ont provoqu\u00e9 des controverses ardues dans lesquelles des fr\u00e8res se sont engag\u00e9s pour faire triompher la v\u00e9rit\u00e9 de Dieu. Ayant \u00ab\u00a0achet\u00e9\u00a0\u00bb ch\u00e8rement la v\u00e9rit\u00e9, les pionniers du r\u00e9veil ont appris \u00e0 en estimer la valeur, soutenus par une pi\u00e9t\u00e9 sans concession. Ils l\u2019ont d\u00e9fendue avec ardeur, pr\u00e9servant et affermissant ainsi la position eccl\u00e9siastique des fr\u00e8res.<\/p>\n","protected":false},"excerpt":{"rendered":"<p>Cet ouvrage contient des articles de croyants de l\u2019\u00e9poque du R\u00e9veil, dans les ann\u00e9es 1830. Ayant red\u00e9couvert la valeur du simple rassemblement des \u00ab\u00a0deux ou trois\u00a0\u00bb au nom du Seigneur selon Matthieu 18:20, des fr\u00e8res ont \u00e9t\u00e9 rapidement confront\u00e9s aux efforts de Satan, pour annuler la s\u00e9paration du mal ou d\u00e9truire l\u2019unit\u00e9. Le lecteur trouvera des expos\u00e9s doctrinaux en relation avec des faits historiques pr\u00e9cis qui ont provoqu\u00e9 des controverses ardues dans lesquelles des fr\u00e8res se sont engag\u00e9s pour faire triompher la v\u00e9rit\u00e9 de Dieu. Ayant \u00ab\u00a0achet\u00e9\u00a0\u00bb ch\u00e8rement la v\u00e9rit\u00e9, les pionniers du r\u00e9veil ont appris \u00e0 en estimer la valeur, soutenus par une pi\u00e9t\u00e9 sans concession. Ils l\u2019ont d\u00e9fendue avec ardeur, pr\u00e9servant et affermissant ainsi la position eccl\u00e9siastique des fr\u00e8res.<\/p>\n","protected":false},"featured_media":137,"template":"","meta":{"ocean_post_layout":"","ocean_both_sidebars_style":"","ocean_both_sidebars_content_width":0,"ocean_both_sidebars_sidebars_width":0,"ocean_sidebar":"0","ocean_second_sidebar":"0","ocean_disable_margins":"enable","ocean_add_body_class":"","ocean_shortcode_before_top_bar":"","ocean_shortcode_after_top_bar":"","ocean_shortcode_before_header":"","ocean_shortcode_after_header":"","ocean_has_shortcode":"","ocean_shortcode_after_title":"","ocean_shortcode_before_footer_widgets":"","ocean_shortcode_after_footer_widgets":"","ocean_shortcode_before_footer_bottom":"","ocean_shortcode_after_footer_bottom":"","ocean_display_top_bar":"default","ocean_display_header":"default","ocean_header_style":"","ocean_center_header_left_menu":"0","ocean_custom_header_template":"0","ocean_custom_logo":0,"ocean_custom_retina_logo":0,"ocean_custom_logo_max_width":0,"ocean_custom_logo_tablet_max_width":0,"ocean_custom_logo_mobile_max_width":0,"ocean_custom_logo_max_height":0,"ocean_custom_logo_tablet_max_height":0,"ocean_custom_logo_mobile_max_height":0,"ocean_header_custom_menu":"0","ocean_menu_typo_font_family":"0","ocean_menu_typo_font_subset":"","ocean_menu_typo_font_size":0,"ocean_menu_typo_font_size_tablet":0,"ocean_menu_typo_font_size_mobile":0,"ocean_menu_typo_font_size_unit":"px","ocean_menu_typo_font_weight":"","ocean_menu_typo_font_weight_tablet":"","ocean_menu_typo_font_weight_mobile":"","ocean_menu_typo_transform":"","ocean_menu_typo_transform_tablet":"","ocean_menu_typo_transform_mobile":"","ocean_menu_typo_line_height":0,"ocean_menu_typo_line_height_tablet":0,"ocean_menu_typo_line_height_mobile":0,"ocean_menu_typo_line_height_unit":"","ocean_menu_typo_spacing":0,"ocean_menu_typo_spacing_tablet":0,"ocean_menu_typo_spacing_mobile":0,"ocean_menu_typo_spacing_unit":"","ocean_menu_link_color":"","ocean_menu_link_color_hover":"","ocean_menu_link_color_active":"","ocean_menu_link_background":"","ocean_menu_link_hover_background":"","ocean_menu_link_active_background":"","ocean_menu_social_links_bg":"","ocean_menu_social_hover_links_bg":"","ocean_menu_social_links_color":"","ocean_menu_social_hover_links_color":"","ocean_disable_title":"default","ocean_disable_heading":"default","ocean_post_title":"","ocean_post_subheading":"","ocean_post_title_style":"","ocean_post_title_background_color":"","ocean_post_title_background":0,"ocean_post_title_bg_image_position":"","ocean_post_title_bg_image_attachment":"","ocean_post_title_bg_image_repeat":"","ocean_post_title_bg_image_size":"","ocean_post_title_height":0,"ocean_post_title_bg_overlay":0.5,"ocean_post_title_bg_overlay_color":"","ocean_disable_breadcrumbs":"default","ocean_breadcrumbs_color":"","ocean_breadcrumbs_separator_color":"","ocean_breadcrumbs_links_color":"","ocean_breadcrumbs_links_hover_color":"","ocean_display_footer_widgets":"default","ocean_display_footer_bottom":"default","ocean_custom_footer_template":"0"},"product_brand":[37],"product_cat":[16,20],"product_tag":[33],"class_list":{"0":"post-136","1":"product","2":"type-product","3":"status-publish","4":"has-post-thumbnail","6":"product_brand-fac","7":"product_cat-edi","8":"product_cat-exh","9":"product_tag-com","11":"entry","12":"has-media","14":"first","15":"instock","16":"taxable","17":"shipping-taxable","18":"purchasable","19":"product-type-simple","20":"has-product-nav","21":"col","22":"span_1_of_6","23":"owp-content-center","24":"owp-thumbs-layout-horizontal","25":"owp-btn-normal","26":"owp-tabs-layout-horizontal","27":"has-no-thumbnails"},"_links":{"self":[{"href":"https:\/\/biblivres.fr\/index.php\/wp-json\/wp\/v2\/product\/136","targetHints":{"allow":["GET"]}}],"collection":[{"href":"https:\/\/biblivres.fr\/index.php\/wp-json\/wp\/v2\/product"}],"about":[{"href":"https:\/\/biblivres.fr\/index.php\/wp-json\/wp\/v2\/types\/product"}],"wp:featuredmedia":[{"embeddable":true,"href":"https:\/\/biblivres.fr\/index.php\/wp-json\/wp\/v2\/media\/137"}],"wp:attachment":[{"href":"https:\/\/biblivres.fr\/index.php\/wp-json\/wp\/v2\/media?parent=136"}],"wp:term":[{"taxonomy":"product_brand","embeddable":true,"href":"https:\/\/biblivres.fr\/index.php\/wp-json\/wp\/v2\/product_brand?post=136"},{"taxonomy":"product_cat","embeddable":true,"href":"https:\/\/biblivres.fr\/index.php\/wp-json\/wp\/v2\/product_cat?post=136"},{"taxonomy":"product_tag","embeddable":true,"href":"https:\/\/biblivres.fr\/index.php\/wp-json\/wp\/v2\/product_tag?post=136"}],"curies":[{"name":"wp","href":"https:\/\/api.w.org\/{rel}","templated":true}]}}