{"id":138,"date":"2026-02-06T10:51:07","date_gmt":"2026-02-06T10:51:07","guid":{"rendered":"https:\/\/biblivres.fr\/index.php\/product\/verites-scripturaires-et-deviations-volume-1\/"},"modified":"2026-02-11T21:58:54","modified_gmt":"2026-02-11T21:58:54","slug":"verites-scripturaires-et-deviations-volume-1","status":"publish","type":"product","link":"https:\/\/biblivres.fr\/index.php\/product\/verites-scripturaires-et-deviations-volume-1\/","title":{"rendered":"V\u00e9rit\u00e9s scripturaires et d\u00e9viations &#8211; volume 1"},"content":{"rendered":"<p>Cet ouvrage contient des articles de base de croyants de l\u2019\u00e9poque du R\u00e9veil, dans les ann\u00e9es 1830. Face \u00e0 la ruine de l\u2019\u00e9glise et l\u2019impossibilit\u00e9 de conformer leur marche \u00e0 la Parole, ils comprirent que Dieu leur demandait de sortir \u00ab\u00a0hors du camp\u00a0\u00bb (H\u00e9b. 13:13). Ils d\u00e9couvrirent la valeur du simple rassemblement des \u00ab\u00a0deux ou trois\u00a0\u00bb au nom du Seigneur et jouirent de sa pr\u00e9sence au milieu d\u2019eux selon Matthieu 18:20, comme \u00e0 l\u2019aurore de la p\u00e9riode chr\u00e9tienne. Ils r\u00e9alis\u00e8rent la libert\u00e9 de l\u2019action de l\u2019Esprit parmi les croyants ainsi r\u00e9unis, en dehors de tout minist\u00e8re institu\u00e9 par les hommes. Une r\u00e9elle soif de la v\u00e9rit\u00e9 les amena \u00e0 d\u00e9couvrir d\u2019autres lumi\u00e8res dans la Parole, dont ils reconnaissaient l\u2019autorit\u00e9 absolue. La clart\u00e9 de leur enseignement, toujours fond\u00e9 sur l\u2019\u00c9criture, et leur \u00e9nergie \u00e0 soutenir la v\u00e9rit\u00e9 dans toutes les controverses, nous invitent \u00e0 pr\u00eater attention aux valeurs qu\u2019ils ont d\u00e9fendues, car ils n\u2019ont pas \u00e9t\u00e9 form\u00e9s \u00e0 l\u2019\u00e9cole des hommes. \u00ab\u00a0L\u2019\u00c9ternel, le Dieu d\u2019Isra\u00ebl, devant qui je me tiens\u00a0\u00bb, disait \u00c9lie (1\u00a0Rois 17:1), lui, les avait pr\u00e9par\u00e9s.<\/p>\n","protected":false},"excerpt":{"rendered":"<p>Cet ouvrage contient des articles de base de croyants de l\u2019\u00e9poque du R\u00e9veil, dans les ann\u00e9es 1830. Face \u00e0 la ruine de l\u2019\u00e9glise et l\u2019impossibilit\u00e9 de conformer leur marche \u00e0 la Parole, ils comprirent que Dieu leur demandait de sortir \u00ab\u00a0hors du camp\u00a0\u00bb (H\u00e9b. 13:13). Ils d\u00e9couvrirent la valeur du simple rassemblement des \u00ab\u00a0deux ou trois\u00a0\u00bb au nom du Seigneur et jouirent de sa pr\u00e9sence au milieu d\u2019eux selon Matthieu 18:20, comme \u00e0 l\u2019aurore de la p\u00e9riode chr\u00e9tienne. Ils r\u00e9alis\u00e8rent la libert\u00e9 de l\u2019action de l\u2019Esprit parmi les croyants ainsi r\u00e9unis, en dehors de tout minist\u00e8re institu\u00e9 par les hommes. Une r\u00e9elle soif de la v\u00e9rit\u00e9 les amena \u00e0 d\u00e9couvrir d\u2019autres lumi\u00e8res dans la Parole, dont ils reconnaissaient l\u2019autorit\u00e9 absolue. La clart\u00e9 de leur enseignement, toujours fond\u00e9 sur l\u2019\u00c9criture, et leur \u00e9nergie \u00e0 soutenir la v\u00e9rit\u00e9 dans toutes les controverses, nous invitent \u00e0 pr\u00eater attention aux valeurs qu\u2019ils ont d\u00e9fendues, car ils n\u2019ont pas \u00e9t\u00e9 form\u00e9s \u00e0 l\u2019\u00e9cole des hommes. \u00ab\u00a0L\u2019\u00c9ternel, le Dieu d\u2019Isra\u00ebl, devant qui je me tiens\u00a0\u00bb, disait \u00c9lie (1\u00a0Rois 17:1), lui, les avait pr\u00e9par\u00e9s.<\/p>\n","protected":false},"featured_media":139,"template":"","meta":{"ocean_post_layout":"","ocean_both_sidebars_style":"","ocean_both_sidebars_content_width":0,"ocean_both_sidebars_sidebars_width":0,"ocean_sidebar":"0","ocean_second_sidebar":"0","ocean_disable_margins":"enable","ocean_add_body_class":"","ocean_shortcode_before_top_bar":"","ocean_shortcode_after_top_bar":"","ocean_shortcode_before_header":"","ocean_shortcode_after_header":"","ocean_has_shortcode":"","ocean_shortcode_after_title":"","ocean_shortcode_before_footer_widgets":"","ocean_shortcode_after_footer_widgets":"","ocean_shortcode_before_footer_bottom":"","ocean_shortcode_after_footer_bottom":"","ocean_display_top_bar":"default","ocean_display_header":"default","ocean_header_style":"","ocean_center_header_left_menu":"0","ocean_custom_header_template":"0","ocean_custom_logo":0,"ocean_custom_retina_logo":0,"ocean_custom_logo_max_width":0,"ocean_custom_logo_tablet_max_width":0,"ocean_custom_logo_mobile_max_width":0,"ocean_custom_logo_max_height":0,"ocean_custom_logo_tablet_max_height":0,"ocean_custom_logo_mobile_max_height":0,"ocean_header_custom_menu":"0","ocean_menu_typo_font_family":"0","ocean_menu_typo_font_subset":"","ocean_menu_typo_font_size":0,"ocean_menu_typo_font_size_tablet":0,"ocean_menu_typo_font_size_mobile":0,"ocean_menu_typo_font_size_unit":"px","ocean_menu_typo_font_weight":"","ocean_menu_typo_font_weight_tablet":"","ocean_menu_typo_font_weight_mobile":"","ocean_menu_typo_transform":"","ocean_menu_typo_transform_tablet":"","ocean_menu_typo_transform_mobile":"","ocean_menu_typo_line_height":0,"ocean_menu_typo_line_height_tablet":0,"ocean_menu_typo_line_height_mobile":0,"ocean_menu_typo_line_height_unit":"","ocean_menu_typo_spacing":0,"ocean_menu_typo_spacing_tablet":0,"ocean_menu_typo_spacing_mobile":0,"ocean_menu_typo_spacing_unit":"","ocean_menu_link_color":"","ocean_menu_link_color_hover":"","ocean_menu_link_color_active":"","ocean_menu_link_background":"","ocean_menu_link_hover_background":"","ocean_menu_link_active_background":"","ocean_menu_social_links_bg":"","ocean_menu_social_hover_links_bg":"","ocean_menu_social_links_color":"","ocean_menu_social_hover_links_color":"","ocean_disable_title":"default","ocean_disable_heading":"default","ocean_post_title":"","ocean_post_subheading":"","ocean_post_title_style":"","ocean_post_title_background_color":"","ocean_post_title_background":0,"ocean_post_title_bg_image_position":"","ocean_post_title_bg_image_attachment":"","ocean_post_title_bg_image_repeat":"","ocean_post_title_bg_image_size":"","ocean_post_title_height":0,"ocean_post_title_bg_overlay":0.5,"ocean_post_title_bg_overlay_color":"","ocean_disable_breadcrumbs":"default","ocean_breadcrumbs_color":"","ocean_breadcrumbs_separator_color":"","ocean_breadcrumbs_links_color":"","ocean_breadcrumbs_links_hover_color":"","ocean_display_footer_widgets":"default","ocean_display_footer_bottom":"default","ocean_custom_footer_template":"0"},"product_brand":[37],"product_cat":[16,20],"product_tag":[33],"class_list":{"0":"post-138","1":"product","2":"type-product","3":"status-publish","4":"has-post-thumbnail","6":"product_brand-fac","7":"product_cat-edi","8":"product_cat-exh","9":"product_tag-com","11":"entry","12":"has-media","14":"first","15":"instock","16":"taxable","17":"shipping-taxable","18":"purchasable","19":"product-type-simple","20":"has-product-nav","21":"col","22":"span_1_of_6","23":"owp-content-center","24":"owp-thumbs-layout-horizontal","25":"owp-btn-normal","26":"owp-tabs-layout-horizontal","27":"has-no-thumbnails"},"_links":{"self":[{"href":"https:\/\/biblivres.fr\/index.php\/wp-json\/wp\/v2\/product\/138","targetHints":{"allow":["GET"]}}],"collection":[{"href":"https:\/\/biblivres.fr\/index.php\/wp-json\/wp\/v2\/product"}],"about":[{"href":"https:\/\/biblivres.fr\/index.php\/wp-json\/wp\/v2\/types\/product"}],"wp:featuredmedia":[{"embeddable":true,"href":"https:\/\/biblivres.fr\/index.php\/wp-json\/wp\/v2\/media\/139"}],"wp:attachment":[{"href":"https:\/\/biblivres.fr\/index.php\/wp-json\/wp\/v2\/media?parent=138"}],"wp:term":[{"taxonomy":"product_brand","embeddable":true,"href":"https:\/\/biblivres.fr\/index.php\/wp-json\/wp\/v2\/product_brand?post=138"},{"taxonomy":"product_cat","embeddable":true,"href":"https:\/\/biblivres.fr\/index.php\/wp-json\/wp\/v2\/product_cat?post=138"},{"taxonomy":"product_tag","embeddable":true,"href":"https:\/\/biblivres.fr\/index.php\/wp-json\/wp\/v2\/product_tag?post=138"}],"curies":[{"name":"wp","href":"https:\/\/api.w.org\/{rel}","templated":true}]}}