{"id":156,"date":"2026-02-06T10:52:37","date_gmt":"2026-02-06T10:52:37","guid":{"rendered":"https:\/\/biblivres.fr\/index.php\/product\/le-preche-aux-esprits-en-prison\/"},"modified":"2026-02-11T21:56:55","modified_gmt":"2026-02-11T21:56:55","slug":"le-preche-aux-esprits-en-prison","status":"publish","type":"product","link":"https:\/\/biblivres.fr\/index.php\/product\/le-preche-aux-esprits-en-prison\/","title":{"rendered":"Le pr\u00eache aux esprits en prison"},"content":{"rendered":"<p>D\u00e8s les premiers temps de la chr\u00e9tient\u00e9, ces trois versets ont \u00e9t\u00e9 l\u2019objet d\u2019explications les plus diverses, souvent fabuleuses, parfois mystiques. Elles ont conduit \u00e0 des affirmations dogmatiques oppos\u00e9es \u00e0 la Parole, parfois clairement h\u00e9r\u00e9tiques, ainsi qu\u2019\u00e0 une lourde tradition religieuse sans fondement. L\u2019ap\u00f4tre Pierre, qui consid\u00e9rait les \u00e9crits de Paul comme parfois \u00ab\u00a0difficiles \u00e0 comprendre\u00a0\u00bb (2\u00a0Pierre 3:16) aurait-il lui-m\u00eame \u00e9crit des choses difficiles\u00a0? S\u2019appuyant sur le v\u00e9ritable texte grec et sur l\u2019enseignement de la Parole de Dieu tout en r\u00e9futant en d\u00e9tail les fausses interpr\u00e9tations, W. Kelly en donne une explication simple et claire.<\/p>\n","protected":false},"excerpt":{"rendered":"<p>D\u00e8s les premiers temps de la chr\u00e9tient\u00e9, ces trois versets ont \u00e9t\u00e9 l\u2019objet d\u2019explications les plus diverses, souvent fabuleuses, parfois mystiques. Elles ont conduit \u00e0 des affirmations dogmatiques oppos\u00e9es \u00e0 la Parole, parfois clairement h\u00e9r\u00e9tiques, ainsi qu\u2019\u00e0 une lourde tradition religieuse sans fondement. L\u2019ap\u00f4tre Pierre, qui consid\u00e9rait les \u00e9crits de Paul comme parfois \u00ab\u00a0difficiles \u00e0 comprendre\u00a0\u00bb (2\u00a0Pierre 3:16) aurait-il lui-m\u00eame \u00e9crit des choses difficiles\u00a0? S\u2019appuyant sur le v\u00e9ritable texte grec et sur l\u2019enseignement de la Parole de Dieu tout en r\u00e9futant en d\u00e9tail les fausses interpr\u00e9tations, W. Kelly en donne une explication simple et claire.<\/p>\n","protected":false},"featured_media":157,"template":"","meta":{"ocean_post_layout":"","ocean_both_sidebars_style":"","ocean_both_sidebars_content_width":0,"ocean_both_sidebars_sidebars_width":0,"ocean_sidebar":"0","ocean_second_sidebar":"0","ocean_disable_margins":"enable","ocean_add_body_class":"","ocean_shortcode_before_top_bar":"","ocean_shortcode_after_top_bar":"","ocean_shortcode_before_header":"","ocean_shortcode_after_header":"","ocean_has_shortcode":"","ocean_shortcode_after_title":"","ocean_shortcode_before_footer_widgets":"","ocean_shortcode_after_footer_widgets":"","ocean_shortcode_before_footer_bottom":"","ocean_shortcode_after_footer_bottom":"","ocean_display_top_bar":"default","ocean_display_header":"default","ocean_header_style":"","ocean_center_header_left_menu":"0","ocean_custom_header_template":"0","ocean_custom_logo":0,"ocean_custom_retina_logo":0,"ocean_custom_logo_max_width":0,"ocean_custom_logo_tablet_max_width":0,"ocean_custom_logo_mobile_max_width":0,"ocean_custom_logo_max_height":0,"ocean_custom_logo_tablet_max_height":0,"ocean_custom_logo_mobile_max_height":0,"ocean_header_custom_menu":"0","ocean_menu_typo_font_family":"0","ocean_menu_typo_font_subset":"","ocean_menu_typo_font_size":0,"ocean_menu_typo_font_size_tablet":0,"ocean_menu_typo_font_size_mobile":0,"ocean_menu_typo_font_size_unit":"px","ocean_menu_typo_font_weight":"","ocean_menu_typo_font_weight_tablet":"","ocean_menu_typo_font_weight_mobile":"","ocean_menu_typo_transform":"","ocean_menu_typo_transform_tablet":"","ocean_menu_typo_transform_mobile":"","ocean_menu_typo_line_height":0,"ocean_menu_typo_line_height_tablet":0,"ocean_menu_typo_line_height_mobile":0,"ocean_menu_typo_line_height_unit":"","ocean_menu_typo_spacing":0,"ocean_menu_typo_spacing_tablet":0,"ocean_menu_typo_spacing_mobile":0,"ocean_menu_typo_spacing_unit":"","ocean_menu_link_color":"","ocean_menu_link_color_hover":"","ocean_menu_link_color_active":"","ocean_menu_link_background":"","ocean_menu_link_hover_background":"","ocean_menu_link_active_background":"","ocean_menu_social_links_bg":"","ocean_menu_social_hover_links_bg":"","ocean_menu_social_links_color":"","ocean_menu_social_hover_links_color":"","ocean_disable_title":"default","ocean_disable_heading":"default","ocean_post_title":"","ocean_post_subheading":"","ocean_post_title_style":"","ocean_post_title_background_color":"","ocean_post_title_background":0,"ocean_post_title_bg_image_position":"","ocean_post_title_bg_image_attachment":"","ocean_post_title_bg_image_repeat":"","ocean_post_title_bg_image_size":"","ocean_post_title_height":0,"ocean_post_title_bg_overlay":0.5,"ocean_post_title_bg_overlay_color":"","ocean_disable_breadcrumbs":"default","ocean_breadcrumbs_color":"","ocean_breadcrumbs_separator_color":"","ocean_breadcrumbs_links_color":"","ocean_breadcrumbs_links_hover_color":"","ocean_display_footer_widgets":"default","ocean_display_footer_bottom":"default","ocean_custom_footer_template":"0"},"product_brand":[39],"product_cat":[22],"product_tag":[32],"class_list":{"0":"post-156","1":"product","2":"type-product","3":"status-publish","4":"has-post-thumbnail","6":"product_brand-ava","7":"product_cat-div","8":"product_tag-etl","10":"entry","11":"has-media","13":"first","14":"instock","15":"taxable","16":"shipping-taxable","17":"purchasable","18":"product-type-simple","19":"has-product-nav","20":"col","21":"span_1_of_6","22":"owp-content-center","23":"owp-thumbs-layout-horizontal","24":"owp-btn-normal","25":"owp-tabs-layout-horizontal","26":"has-no-thumbnails"},"_links":{"self":[{"href":"https:\/\/biblivres.fr\/index.php\/wp-json\/wp\/v2\/product\/156","targetHints":{"allow":["GET"]}}],"collection":[{"href":"https:\/\/biblivres.fr\/index.php\/wp-json\/wp\/v2\/product"}],"about":[{"href":"https:\/\/biblivres.fr\/index.php\/wp-json\/wp\/v2\/types\/product"}],"wp:featuredmedia":[{"embeddable":true,"href":"https:\/\/biblivres.fr\/index.php\/wp-json\/wp\/v2\/media\/157"}],"wp:attachment":[{"href":"https:\/\/biblivres.fr\/index.php\/wp-json\/wp\/v2\/media?parent=156"}],"wp:term":[{"taxonomy":"product_brand","embeddable":true,"href":"https:\/\/biblivres.fr\/index.php\/wp-json\/wp\/v2\/product_brand?post=156"},{"taxonomy":"product_cat","embeddable":true,"href":"https:\/\/biblivres.fr\/index.php\/wp-json\/wp\/v2\/product_cat?post=156"},{"taxonomy":"product_tag","embeddable":true,"href":"https:\/\/biblivres.fr\/index.php\/wp-json\/wp\/v2\/product_tag?post=156"}],"curies":[{"name":"wp","href":"https:\/\/api.w.org\/{rel}","templated":true}]}}