{"id":160,"date":"2026-02-06T10:52:56","date_gmt":"2026-02-06T10:52:56","guid":{"rendered":"https:\/\/biblivres.fr\/index.php\/product\/la-seconde-epitre-aux-corinthiens\/"},"modified":"2026-02-11T21:55:52","modified_gmt":"2026-02-11T21:55:52","slug":"la-seconde-epitre-aux-corinthiens","status":"publish","type":"product","link":"https:\/\/biblivres.fr\/index.php\/product\/la-seconde-epitre-aux-corinthiens\/","title":{"rendered":"La Seconde  \u00c9p\u00eetre aux Corinthiens"},"content":{"rendered":"<p>La seconde \u00e9p\u00eetre est extr\u00eamement instructive, parce qu\u2019elle pr\u00e9sente la justesse et la profondeur de sentiment avec lesquelles l\u2019ap\u00f4tre s\u2019occupe des saints. Dans un amour qui ne cherche pas son propre int\u00e9r\u00eat mais celui des Corinthiens, Paul parle de son minist\u00e8re dans la souffrance et la saintet\u00e9, avec les profonds exercices d\u2019\u00e2me caus\u00e9s par l\u2019\u00e9tat des saints. Il reconna\u00eet pleinement la gr\u00e2ce qui restaure le fautif et manifeste la puret\u00e9 de l\u2019assembl\u00e9e (ch.1-7). \u00c9tant ramen\u00e9s par gr\u00e2ce, il les encourage alors au devoir et privil\u00e8ge b\u00e9nis de l\u2019\u00e9glise envers les saints pauvres en tout temps, \u00e0 savoir de donner et de recevoir (chap. 8-9). Enfin \u2013 sujet combien difficile et d\u00e9licat \u2013 il joint, dans un esprit int\u00e8gre et aimant, une vraie humilit\u00e9 \u00e0 la br\u00fblante indignation contre ceux qui s\u2019opposent \u00e0 la gloire de Christ et \u00e0 la b\u00e9n\u00e9diction des saints (chap. 10-13).<\/p>\n","protected":false},"excerpt":{"rendered":"<p>La seconde \u00e9p\u00eetre est extr\u00eamement instructive, parce qu\u2019elle pr\u00e9sente la justesse et la profondeur de sentiment avec lesquelles l\u2019ap\u00f4tre s\u2019occupe des saints. Dans un amour qui ne cherche pas son propre int\u00e9r\u00eat mais celui des Corinthiens, Paul parle de son minist\u00e8re dans la souffrance et la saintet\u00e9, avec les profonds exercices d\u2019\u00e2me caus\u00e9s par l\u2019\u00e9tat des saints. Il reconna\u00eet pleinement la gr\u00e2ce qui restaure le fautif et manifeste la puret\u00e9 de l\u2019assembl\u00e9e (ch.1-7). \u00c9tant ramen\u00e9s par gr\u00e2ce, il les encourage alors au devoir et privil\u00e8ge b\u00e9nis de l\u2019\u00e9glise envers les saints pauvres en tout temps, \u00e0 savoir de donner et de recevoir (chap. 8-9). Enfin \u2013 sujet combien difficile et d\u00e9licat \u2013 il joint, dans un esprit int\u00e8gre et aimant, une vraie humilit\u00e9 \u00e0 la br\u00fblante indignation contre ceux qui s\u2019opposent \u00e0 la gloire de Christ et \u00e0 la b\u00e9n\u00e9diction des saints (chap. 10-13).<\/p>\n","protected":false},"featured_media":161,"template":"","meta":{"ocean_post_layout":"","ocean_both_sidebars_style":"","ocean_both_sidebars_content_width":0,"ocean_both_sidebars_sidebars_width":0,"ocean_sidebar":"0","ocean_second_sidebar":"0","ocean_disable_margins":"enable","ocean_add_body_class":"","ocean_shortcode_before_top_bar":"","ocean_shortcode_after_top_bar":"","ocean_shortcode_before_header":"","ocean_shortcode_after_header":"","ocean_has_shortcode":"","ocean_shortcode_after_title":"","ocean_shortcode_before_footer_widgets":"","ocean_shortcode_after_footer_widgets":"","ocean_shortcode_before_footer_bottom":"","ocean_shortcode_after_footer_bottom":"","ocean_display_top_bar":"default","ocean_display_header":"default","ocean_header_style":"","ocean_center_header_left_menu":"0","ocean_custom_header_template":"0","ocean_custom_logo":0,"ocean_custom_retina_logo":0,"ocean_custom_logo_max_width":0,"ocean_custom_logo_tablet_max_width":0,"ocean_custom_logo_mobile_max_width":0,"ocean_custom_logo_max_height":0,"ocean_custom_logo_tablet_max_height":0,"ocean_custom_logo_mobile_max_height":0,"ocean_header_custom_menu":"0","ocean_menu_typo_font_family":"0","ocean_menu_typo_font_subset":"","ocean_menu_typo_font_size":0,"ocean_menu_typo_font_size_tablet":0,"ocean_menu_typo_font_size_mobile":0,"ocean_menu_typo_font_size_unit":"px","ocean_menu_typo_font_weight":"","ocean_menu_typo_font_weight_tablet":"","ocean_menu_typo_font_weight_mobile":"","ocean_menu_typo_transform":"","ocean_menu_typo_transform_tablet":"","ocean_menu_typo_transform_mobile":"","ocean_menu_typo_line_height":0,"ocean_menu_typo_line_height_tablet":0,"ocean_menu_typo_line_height_mobile":0,"ocean_menu_typo_line_height_unit":"","ocean_menu_typo_spacing":0,"ocean_menu_typo_spacing_tablet":0,"ocean_menu_typo_spacing_mobile":0,"ocean_menu_typo_spacing_unit":"","ocean_menu_link_color":"","ocean_menu_link_color_hover":"","ocean_menu_link_color_active":"","ocean_menu_link_background":"","ocean_menu_link_hover_background":"","ocean_menu_link_active_background":"","ocean_menu_social_links_bg":"","ocean_menu_social_hover_links_bg":"","ocean_menu_social_links_color":"","ocean_menu_social_hover_links_color":"","ocean_disable_title":"default","ocean_disable_heading":"default","ocean_post_title":"","ocean_post_subheading":"","ocean_post_title_style":"","ocean_post_title_background_color":"","ocean_post_title_background":0,"ocean_post_title_bg_image_position":"","ocean_post_title_bg_image_attachment":"","ocean_post_title_bg_image_repeat":"","ocean_post_title_bg_image_size":"","ocean_post_title_height":0,"ocean_post_title_bg_overlay":0.5,"ocean_post_title_bg_overlay_color":"","ocean_disable_breadcrumbs":"default","ocean_breadcrumbs_color":"","ocean_breadcrumbs_separator_color":"","ocean_breadcrumbs_links_color":"","ocean_breadcrumbs_links_hover_color":"","ocean_display_footer_widgets":"default","ocean_display_footer_bottom":"default","ocean_custom_footer_template":"0"},"product_brand":[38],"product_cat":[17],"product_tag":[32],"class_list":{"0":"post-160","1":"product","2":"type-product","3":"status-publish","4":"has-post-thumbnail","6":"product_brand-moy","7":"product_cat-doc","8":"product_tag-etl","10":"entry","11":"has-media","13":"first","14":"instock","15":"taxable","16":"shipping-taxable","17":"purchasable","18":"product-type-simple","19":"has-product-nav","20":"col","21":"span_1_of_6","22":"owp-content-center","23":"owp-thumbs-layout-horizontal","24":"owp-btn-normal","25":"owp-tabs-layout-horizontal","26":"has-no-thumbnails"},"_links":{"self":[{"href":"https:\/\/biblivres.fr\/index.php\/wp-json\/wp\/v2\/product\/160","targetHints":{"allow":["GET"]}}],"collection":[{"href":"https:\/\/biblivres.fr\/index.php\/wp-json\/wp\/v2\/product"}],"about":[{"href":"https:\/\/biblivres.fr\/index.php\/wp-json\/wp\/v2\/types\/product"}],"wp:featuredmedia":[{"embeddable":true,"href":"https:\/\/biblivres.fr\/index.php\/wp-json\/wp\/v2\/media\/161"}],"wp:attachment":[{"href":"https:\/\/biblivres.fr\/index.php\/wp-json\/wp\/v2\/media?parent=160"}],"wp:term":[{"taxonomy":"product_brand","embeddable":true,"href":"https:\/\/biblivres.fr\/index.php\/wp-json\/wp\/v2\/product_brand?post=160"},{"taxonomy":"product_cat","embeddable":true,"href":"https:\/\/biblivres.fr\/index.php\/wp-json\/wp\/v2\/product_cat?post=160"},{"taxonomy":"product_tag","embeddable":true,"href":"https:\/\/biblivres.fr\/index.php\/wp-json\/wp\/v2\/product_tag?post=160"}],"curies":[{"name":"wp","href":"https:\/\/api.w.org\/{rel}","templated":true}]}}