{"id":176,"date":"2026-02-06T10:57:17","date_gmt":"2026-02-06T10:57:17","guid":{"rendered":"https:\/\/biblivres.fr\/index.php\/product\/lepitre-aux-romains\/"},"modified":"2026-02-11T21:54:29","modified_gmt":"2026-02-11T21:54:29","slug":"lepitre-aux-romains","status":"publish","type":"product","link":"https:\/\/biblivres.fr\/index.php\/product\/lepitre-aux-romains\/","title":{"rendered":"L&rsquo;\u00e9p\u00eetre aux  Romains"},"content":{"rendered":"<p>L\u2019\u00c9p\u00eetre aux Romains montre l\u2019\u00e9tat irr\u00e9m\u00e9diable de l\u2019homme (Juif ou non) dans son \u00e9tat naturel, et la merveilleuse justification de Dieu op\u00e9r\u00e9e par J\u00e9sus Christ, pour ceux qui croient. C\u2019est la base du salut et de l\u2019affranchissement du p\u00e9ch\u00e9, proclam\u00e9s par l\u2019\u00e9vangile. La place respective de la loi et des promesses n\u2019est pas oubli\u00e9e. Le chr\u00e9tien est sous la gr\u00e2ce, il n\u2019est plus du tout sous la loi, m\u00eame une loi \u00ab\u00a0spirituelle\u00a0\u00bb. L\u2019avenir glorieux d\u2019Isra\u00ebl dans un temps futur, apr\u00e8s s\u2019\u00eatre repenti, est aussi affirm\u00e9.<\/p>\n","protected":false},"excerpt":{"rendered":"<p>L\u2019\u00c9p\u00eetre aux Romains montre l\u2019\u00e9tat irr\u00e9m\u00e9diable de l\u2019homme (Juif ou non) dans son \u00e9tat naturel, et la merveilleuse justification de Dieu op\u00e9r\u00e9e par J\u00e9sus Christ, pour ceux qui croient. C\u2019est la base du salut et de l\u2019affranchissement du p\u00e9ch\u00e9, proclam\u00e9s par l\u2019\u00e9vangile. La place respective de la loi et des promesses n\u2019est pas oubli\u00e9e. Le chr\u00e9tien est sous la gr\u00e2ce, il n\u2019est plus du tout sous la loi, m\u00eame une loi \u00ab\u00a0spirituelle\u00a0\u00bb. L\u2019avenir glorieux d\u2019Isra\u00ebl dans un temps futur, apr\u00e8s s\u2019\u00eatre repenti, est aussi affirm\u00e9.<\/p>\n","protected":false},"featured_media":177,"template":"","meta":{"ocean_post_layout":"","ocean_both_sidebars_style":"","ocean_both_sidebars_content_width":0,"ocean_both_sidebars_sidebars_width":0,"ocean_sidebar":"0","ocean_second_sidebar":"0","ocean_disable_margins":"enable","ocean_add_body_class":"","ocean_shortcode_before_top_bar":"","ocean_shortcode_after_top_bar":"","ocean_shortcode_before_header":"","ocean_shortcode_after_header":"","ocean_has_shortcode":"","ocean_shortcode_after_title":"","ocean_shortcode_before_footer_widgets":"","ocean_shortcode_after_footer_widgets":"","ocean_shortcode_before_footer_bottom":"","ocean_shortcode_after_footer_bottom":"","ocean_display_top_bar":"default","ocean_display_header":"default","ocean_header_style":"","ocean_center_header_left_menu":"0","ocean_custom_header_template":"0","ocean_custom_logo":0,"ocean_custom_retina_logo":0,"ocean_custom_logo_max_width":0,"ocean_custom_logo_tablet_max_width":0,"ocean_custom_logo_mobile_max_width":0,"ocean_custom_logo_max_height":0,"ocean_custom_logo_tablet_max_height":0,"ocean_custom_logo_mobile_max_height":0,"ocean_header_custom_menu":"0","ocean_menu_typo_font_family":"0","ocean_menu_typo_font_subset":"","ocean_menu_typo_font_size":0,"ocean_menu_typo_font_size_tablet":0,"ocean_menu_typo_font_size_mobile":0,"ocean_menu_typo_font_size_unit":"px","ocean_menu_typo_font_weight":"","ocean_menu_typo_font_weight_tablet":"","ocean_menu_typo_font_weight_mobile":"","ocean_menu_typo_transform":"","ocean_menu_typo_transform_tablet":"","ocean_menu_typo_transform_mobile":"","ocean_menu_typo_line_height":0,"ocean_menu_typo_line_height_tablet":0,"ocean_menu_typo_line_height_mobile":0,"ocean_menu_typo_line_height_unit":"","ocean_menu_typo_spacing":0,"ocean_menu_typo_spacing_tablet":0,"ocean_menu_typo_spacing_mobile":0,"ocean_menu_typo_spacing_unit":"","ocean_menu_link_color":"","ocean_menu_link_color_hover":"","ocean_menu_link_color_active":"","ocean_menu_link_background":"","ocean_menu_link_hover_background":"","ocean_menu_link_active_background":"","ocean_menu_social_links_bg":"","ocean_menu_social_hover_links_bg":"","ocean_menu_social_links_color":"","ocean_menu_social_hover_links_color":"","ocean_disable_title":"default","ocean_disable_heading":"default","ocean_post_title":"","ocean_post_subheading":"","ocean_post_title_style":"","ocean_post_title_background_color":"","ocean_post_title_background":0,"ocean_post_title_bg_image_position":"","ocean_post_title_bg_image_attachment":"","ocean_post_title_bg_image_repeat":"","ocean_post_title_bg_image_size":"","ocean_post_title_height":0,"ocean_post_title_bg_overlay":0.5,"ocean_post_title_bg_overlay_color":"","ocean_disable_breadcrumbs":"default","ocean_breadcrumbs_color":"","ocean_breadcrumbs_separator_color":"","ocean_breadcrumbs_links_color":"","ocean_breadcrumbs_links_hover_color":"","ocean_display_footer_widgets":"default","ocean_display_footer_bottom":"default","ocean_custom_footer_template":"0"},"product_brand":[38],"product_cat":[17],"product_tag":[32],"class_list":{"0":"post-176","1":"product","2":"type-product","3":"status-publish","4":"has-post-thumbnail","6":"product_brand-moy","7":"product_cat-doc","8":"product_tag-etl","10":"entry","11":"has-media","13":"first","14":"instock","15":"taxable","16":"shipping-taxable","17":"purchasable","18":"product-type-simple","19":"has-product-nav","20":"col","21":"span_1_of_6","22":"owp-content-center","23":"owp-thumbs-layout-horizontal","24":"owp-btn-normal","25":"owp-tabs-layout-horizontal","26":"has-no-thumbnails"},"_links":{"self":[{"href":"https:\/\/biblivres.fr\/index.php\/wp-json\/wp\/v2\/product\/176","targetHints":{"allow":["GET"]}}],"collection":[{"href":"https:\/\/biblivres.fr\/index.php\/wp-json\/wp\/v2\/product"}],"about":[{"href":"https:\/\/biblivres.fr\/index.php\/wp-json\/wp\/v2\/types\/product"}],"wp:featuredmedia":[{"embeddable":true,"href":"https:\/\/biblivres.fr\/index.php\/wp-json\/wp\/v2\/media\/177"}],"wp:attachment":[{"href":"https:\/\/biblivres.fr\/index.php\/wp-json\/wp\/v2\/media?parent=176"}],"wp:term":[{"taxonomy":"product_brand","embeddable":true,"href":"https:\/\/biblivres.fr\/index.php\/wp-json\/wp\/v2\/product_brand?post=176"},{"taxonomy":"product_cat","embeddable":true,"href":"https:\/\/biblivres.fr\/index.php\/wp-json\/wp\/v2\/product_cat?post=176"},{"taxonomy":"product_tag","embeddable":true,"href":"https:\/\/biblivres.fr\/index.php\/wp-json\/wp\/v2\/product_tag?post=176"}],"curies":[{"name":"wp","href":"https:\/\/api.w.org\/{rel}","templated":true}]}}