{"id":192,"date":"2026-02-06T10:58:51","date_gmt":"2026-02-06T10:58:51","guid":{"rendered":"https:\/\/biblivres.fr\/index.php\/product\/apercu-comparatif-des-trois-premiers-evangiles\/"},"modified":"2026-02-11T21:52:40","modified_gmt":"2026-02-11T21:52:40","slug":"apercu-comparatif-des-trois-premiers-evangiles","status":"publish","type":"product","link":"https:\/\/biblivres.fr\/index.php\/product\/apercu-comparatif-des-trois-premiers-evangiles\/","title":{"rendered":"Aper\u00e7u comparatif des trois premiers \u00c9vangiles"},"content":{"rendered":"<p>\u00ab\u00a0Toute \u00e9criture est inspir\u00e9e de Dieu\u00a0\u00bb (2\u00a0Tim. 3:16). Les quatre \u00c9vangiles, qui font partie de la Parole de Dieu, ne font pas exception \u00e0 cela. Les \u00e9vang\u00e9listes ont donn\u00e9 chacun un r\u00e9cit de la vie du Seigneur selon le caract\u00e8re sous lequel il devait \u00eatre pr\u00e9sent\u00e9, et selon le but que l\u2019Esprit de Dieu leur indiquait. Ainsi, Marc parle du Seigneur comme Serviteur parfait et suit de pr\u00e8s l\u2019ordre chronologique\u00a0; Matthieu pr\u00e9sente le Messie, Fils de David, promis \u00e0 Isra\u00ebl, et la succession des dispensations de Dieu, en s\u2019\u00e9cartant si n\u00e9cessaire de l\u2019ordre chronologique\u00a0; Luc nous entretient du Fils de l\u2019homme, la gr\u00e2ce et les aspects moraux de son minist\u00e8re et s\u2019\u00e9carte souvent, comme Matthieu, de l\u2019ordre chronologique. Jean, qui met en avant la gloire particuli\u00e8re du Seigneur comme Fils de Dieu, a une place un peu \u00e0 part.<br \/>\nM\u00eame si la Parole de Dieu ne peut jamais \u00eatre mise en d\u00e9faut, la correspondance des \u00e9vangiles n\u2019est pas le but premier de l\u2019Esprit de Dieu. Elle doit donc \u00eatre utilis\u00e9e avec prudence, et plut\u00f4t comme une aide pratique pour mieux se rep\u00e9rer dans les \u00c9vangiles.<\/p>\n","protected":false},"excerpt":{"rendered":"<p>\u00ab\u00a0Toute \u00e9criture est inspir\u00e9e de Dieu\u00a0\u00bb (2\u00a0Tim. 3:16). Les quatre \u00c9vangiles, qui font partie de la Parole de Dieu, ne font pas exception \u00e0 cela. Les \u00e9vang\u00e9listes ont donn\u00e9 chacun un r\u00e9cit de la vie du Seigneur selon le caract\u00e8re sous lequel il devait \u00eatre pr\u00e9sent\u00e9, et selon le but que l\u2019Esprit de Dieu leur indiquait. Ainsi, Marc parle du Seigneur comme Serviteur parfait et suit de pr\u00e8s l\u2019ordre chronologique\u00a0; Matthieu pr\u00e9sente le Messie, Fils de David, promis \u00e0 Isra\u00ebl, et la succession des dispensations de Dieu, en s\u2019\u00e9cartant si n\u00e9cessaire de l\u2019ordre chronologique\u00a0; Luc nous entretient du Fils de l\u2019homme, la gr\u00e2ce et les aspects moraux de son minist\u00e8re et s\u2019\u00e9carte souvent, comme Matthieu, de l\u2019ordre chronologique. Jean, qui met en avant la gloire particuli\u00e8re du Seigneur comme Fils de Dieu, a une place un peu \u00e0 part.<br \/>\nM\u00eame si la Parole de Dieu ne peut jamais \u00eatre mise en d\u00e9faut, la correspondance des \u00e9vangiles n\u2019est pas le but premier de l\u2019Esprit de Dieu. Elle doit donc \u00eatre utilis\u00e9e avec prudence, et plut\u00f4t comme une aide pratique pour mieux se rep\u00e9rer dans les \u00c9vangiles.<\/p>\n","protected":false},"featured_media":193,"template":"","meta":{"ocean_post_layout":"","ocean_both_sidebars_style":"","ocean_both_sidebars_content_width":0,"ocean_both_sidebars_sidebars_width":0,"ocean_sidebar":"0","ocean_second_sidebar":"0","ocean_disable_margins":"enable","ocean_add_body_class":"","ocean_shortcode_before_top_bar":"","ocean_shortcode_after_top_bar":"","ocean_shortcode_before_header":"","ocean_shortcode_after_header":"","ocean_has_shortcode":"","ocean_shortcode_after_title":"","ocean_shortcode_before_footer_widgets":"","ocean_shortcode_after_footer_widgets":"","ocean_shortcode_before_footer_bottom":"","ocean_shortcode_after_footer_bottom":"","ocean_display_top_bar":"default","ocean_display_header":"default","ocean_header_style":"","ocean_center_header_left_menu":"0","ocean_custom_header_template":"0","ocean_custom_logo":0,"ocean_custom_retina_logo":0,"ocean_custom_logo_max_width":0,"ocean_custom_logo_tablet_max_width":0,"ocean_custom_logo_mobile_max_width":0,"ocean_custom_logo_max_height":0,"ocean_custom_logo_tablet_max_height":0,"ocean_custom_logo_mobile_max_height":0,"ocean_header_custom_menu":"0","ocean_menu_typo_font_family":"0","ocean_menu_typo_font_subset":"","ocean_menu_typo_font_size":0,"ocean_menu_typo_font_size_tablet":0,"ocean_menu_typo_font_size_mobile":0,"ocean_menu_typo_font_size_unit":"px","ocean_menu_typo_font_weight":"","ocean_menu_typo_font_weight_tablet":"","ocean_menu_typo_font_weight_mobile":"","ocean_menu_typo_transform":"","ocean_menu_typo_transform_tablet":"","ocean_menu_typo_transform_mobile":"","ocean_menu_typo_line_height":0,"ocean_menu_typo_line_height_tablet":0,"ocean_menu_typo_line_height_mobile":0,"ocean_menu_typo_line_height_unit":"","ocean_menu_typo_spacing":0,"ocean_menu_typo_spacing_tablet":0,"ocean_menu_typo_spacing_mobile":0,"ocean_menu_typo_spacing_unit":"","ocean_menu_link_color":"","ocean_menu_link_color_hover":"","ocean_menu_link_color_active":"","ocean_menu_link_background":"","ocean_menu_link_hover_background":"","ocean_menu_link_active_background":"","ocean_menu_social_links_bg":"","ocean_menu_social_hover_links_bg":"","ocean_menu_social_links_color":"","ocean_menu_social_hover_links_color":"","ocean_disable_title":"default","ocean_disable_heading":"default","ocean_post_title":"","ocean_post_subheading":"","ocean_post_title_style":"","ocean_post_title_background_color":"","ocean_post_title_background":0,"ocean_post_title_bg_image_position":"","ocean_post_title_bg_image_attachment":"","ocean_post_title_bg_image_repeat":"","ocean_post_title_bg_image_size":"","ocean_post_title_height":0,"ocean_post_title_bg_overlay":0.5,"ocean_post_title_bg_overlay_color":"","ocean_disable_breadcrumbs":"default","ocean_breadcrumbs_color":"","ocean_breadcrumbs_separator_color":"","ocean_breadcrumbs_links_color":"","ocean_breadcrumbs_links_hover_color":"","ocean_display_footer_widgets":"default","ocean_display_footer_bottom":"default","ocean_custom_footer_template":"0"},"product_brand":[37],"product_cat":[22],"product_tag":[40],"class_list":{"0":"post-192","1":"product","2":"type-product","3":"status-publish","4":"has-post-thumbnail","6":"product_brand-fac","7":"product_cat-div","8":"product_tag-doc","10":"entry","11":"has-media","13":"first","14":"instock","15":"taxable","16":"shipping-taxable","17":"purchasable","18":"product-type-simple","19":"has-product-nav","20":"col","21":"span_1_of_6","22":"owp-content-center","23":"owp-thumbs-layout-horizontal","24":"owp-btn-normal","25":"owp-tabs-layout-horizontal","26":"has-no-thumbnails"},"_links":{"self":[{"href":"https:\/\/biblivres.fr\/index.php\/wp-json\/wp\/v2\/product\/192","targetHints":{"allow":["GET"]}}],"collection":[{"href":"https:\/\/biblivres.fr\/index.php\/wp-json\/wp\/v2\/product"}],"about":[{"href":"https:\/\/biblivres.fr\/index.php\/wp-json\/wp\/v2\/types\/product"}],"wp:featuredmedia":[{"embeddable":true,"href":"https:\/\/biblivres.fr\/index.php\/wp-json\/wp\/v2\/media\/193"}],"wp:attachment":[{"href":"https:\/\/biblivres.fr\/index.php\/wp-json\/wp\/v2\/media?parent=192"}],"wp:term":[{"taxonomy":"product_brand","embeddable":true,"href":"https:\/\/biblivres.fr\/index.php\/wp-json\/wp\/v2\/product_brand?post=192"},{"taxonomy":"product_cat","embeddable":true,"href":"https:\/\/biblivres.fr\/index.php\/wp-json\/wp\/v2\/product_cat?post=192"},{"taxonomy":"product_tag","embeddable":true,"href":"https:\/\/biblivres.fr\/index.php\/wp-json\/wp\/v2\/product_tag?post=192"}],"curies":[{"name":"wp","href":"https:\/\/api.w.org\/{rel}","templated":true}]}}