{"id":196,"date":"2026-02-06T10:59:09","date_gmt":"2026-02-06T10:59:09","guid":{"rendered":"https:\/\/biblivres.fr\/index.php\/product\/une-question-qui-se-pose\/"},"modified":"2026-02-11T21:52:19","modified_gmt":"2026-02-11T21:52:19","slug":"une-question-qui-se-pose","status":"publish","type":"product","link":"https:\/\/biblivres.fr\/index.php\/product\/une-question-qui-se-pose\/","title":{"rendered":"Une question qui se pose"},"content":{"rendered":"<p>Comment servir ensemble pour Christ\u00a0? La r\u00e9ponse \u00e0 cette question tient \u00e0 la compr\u00e9hension de la v\u00e9rit\u00e9 qu\u2019il n\u2019y a qu\u2019une seule \u00e9glise. Il n\u2019y a dans la Parole de Dieu absolument aucune d\u00e9nomination ou \u00e9glise nominale.<br \/>\nSur cette base s\u00fbre, et avec clart\u00e9, J. Thomas montre comment les chr\u00e9tiens doivent se r\u00e9unir et se recevoir les uns les autres selon la Parole, \u00e0 la gloire de Christ. Les saints d\u00e9sireux de marcher selon elle au milieu de la triste confusion de la chr\u00e9tient\u00e9 n\u2019ont pas le choix\u00a0: ils doivent se r\u00e9unir au seul nom du Seigneur, et marcher de mani\u00e8re unie, dans la s\u00e9paration du mal moral et doctrinal, et de ceux qui y sont associ\u00e9s. Le chr\u00e9tien est responsable de reconna\u00eetre ces enseignements divins et de servir de mani\u00e8re cons\u00e9quente sous le regard de Dieu.<\/p>\n","protected":false},"excerpt":{"rendered":"<p>Comment servir ensemble pour Christ\u00a0? La r\u00e9ponse \u00e0 cette question tient \u00e0 la compr\u00e9hension de la v\u00e9rit\u00e9 qu\u2019il n\u2019y a qu\u2019une seule \u00e9glise. Il n\u2019y a dans la Parole de Dieu absolument aucune d\u00e9nomination ou \u00e9glise nominale.<br \/>\nSur cette base s\u00fbre, et avec clart\u00e9, J. Thomas montre comment les chr\u00e9tiens doivent se r\u00e9unir et se recevoir les uns les autres selon la Parole, \u00e0 la gloire de Christ. Les saints d\u00e9sireux de marcher selon elle au milieu de la triste confusion de la chr\u00e9tient\u00e9 n\u2019ont pas le choix\u00a0: ils doivent se r\u00e9unir au seul nom du Seigneur, et marcher de mani\u00e8re unie, dans la s\u00e9paration du mal moral et doctrinal, et de ceux qui y sont associ\u00e9s. Le chr\u00e9tien est responsable de reconna\u00eetre ces enseignements divins et de servir de mani\u00e8re cons\u00e9quente sous le regard de Dieu.<\/p>\n","protected":false},"featured_media":197,"template":"","meta":{"ocean_post_layout":"","ocean_both_sidebars_style":"","ocean_both_sidebars_content_width":0,"ocean_both_sidebars_sidebars_width":0,"ocean_sidebar":"0","ocean_second_sidebar":"0","ocean_disable_margins":"enable","ocean_add_body_class":"","ocean_shortcode_before_top_bar":"","ocean_shortcode_after_top_bar":"","ocean_shortcode_before_header":"","ocean_shortcode_after_header":"","ocean_has_shortcode":"","ocean_shortcode_after_title":"","ocean_shortcode_before_footer_widgets":"","ocean_shortcode_after_footer_widgets":"","ocean_shortcode_before_footer_bottom":"","ocean_shortcode_after_footer_bottom":"","ocean_display_top_bar":"default","ocean_display_header":"default","ocean_header_style":"","ocean_center_header_left_menu":"0","ocean_custom_header_template":"0","ocean_custom_logo":0,"ocean_custom_retina_logo":0,"ocean_custom_logo_max_width":0,"ocean_custom_logo_tablet_max_width":0,"ocean_custom_logo_mobile_max_width":0,"ocean_custom_logo_max_height":0,"ocean_custom_logo_tablet_max_height":0,"ocean_custom_logo_mobile_max_height":0,"ocean_header_custom_menu":"0","ocean_menu_typo_font_family":"0","ocean_menu_typo_font_subset":"","ocean_menu_typo_font_size":0,"ocean_menu_typo_font_size_tablet":0,"ocean_menu_typo_font_size_mobile":0,"ocean_menu_typo_font_size_unit":"px","ocean_menu_typo_font_weight":"","ocean_menu_typo_font_weight_tablet":"","ocean_menu_typo_font_weight_mobile":"","ocean_menu_typo_transform":"","ocean_menu_typo_transform_tablet":"","ocean_menu_typo_transform_mobile":"","ocean_menu_typo_line_height":0,"ocean_menu_typo_line_height_tablet":0,"ocean_menu_typo_line_height_mobile":0,"ocean_menu_typo_line_height_unit":"","ocean_menu_typo_spacing":0,"ocean_menu_typo_spacing_tablet":0,"ocean_menu_typo_spacing_mobile":0,"ocean_menu_typo_spacing_unit":"","ocean_menu_link_color":"","ocean_menu_link_color_hover":"","ocean_menu_link_color_active":"","ocean_menu_link_background":"","ocean_menu_link_hover_background":"","ocean_menu_link_active_background":"","ocean_menu_social_links_bg":"","ocean_menu_social_hover_links_bg":"","ocean_menu_social_links_color":"","ocean_menu_social_hover_links_color":"","ocean_disable_title":"default","ocean_disable_heading":"default","ocean_post_title":"","ocean_post_subheading":"","ocean_post_title_style":"","ocean_post_title_background_color":"","ocean_post_title_background":0,"ocean_post_title_bg_image_position":"","ocean_post_title_bg_image_attachment":"","ocean_post_title_bg_image_repeat":"","ocean_post_title_bg_image_size":"","ocean_post_title_height":0,"ocean_post_title_bg_overlay":0.5,"ocean_post_title_bg_overlay_color":"","ocean_disable_breadcrumbs":"default","ocean_breadcrumbs_color":"","ocean_breadcrumbs_separator_color":"","ocean_breadcrumbs_links_color":"","ocean_breadcrumbs_links_hover_color":"","ocean_display_footer_widgets":"default","ocean_display_footer_bottom":"default","ocean_custom_footer_template":"0"},"product_brand":[37],"product_cat":[15,18,16,20],"product_tag":[33],"class_list":{"0":"post-196","1":"product","2":"type-product","3":"status-publish","4":"has-post-thumbnail","6":"product_brand-fac","7":"product_cat-uncategorized","8":"product_cat-ecc","9":"product_cat-edi","10":"product_cat-exh","11":"product_tag-com","13":"entry","14":"has-media","16":"first","17":"instock","18":"taxable","19":"shipping-taxable","20":"purchasable","21":"product-type-simple","22":"has-product-nav","23":"col","24":"span_1_of_6","25":"owp-content-center","26":"owp-thumbs-layout-horizontal","27":"owp-btn-normal","28":"owp-tabs-layout-horizontal","29":"has-no-thumbnails"},"_links":{"self":[{"href":"https:\/\/biblivres.fr\/index.php\/wp-json\/wp\/v2\/product\/196","targetHints":{"allow":["GET"]}}],"collection":[{"href":"https:\/\/biblivres.fr\/index.php\/wp-json\/wp\/v2\/product"}],"about":[{"href":"https:\/\/biblivres.fr\/index.php\/wp-json\/wp\/v2\/types\/product"}],"wp:featuredmedia":[{"embeddable":true,"href":"https:\/\/biblivres.fr\/index.php\/wp-json\/wp\/v2\/media\/197"}],"wp:attachment":[{"href":"https:\/\/biblivres.fr\/index.php\/wp-json\/wp\/v2\/media?parent=196"}],"wp:term":[{"taxonomy":"product_brand","embeddable":true,"href":"https:\/\/biblivres.fr\/index.php\/wp-json\/wp\/v2\/product_brand?post=196"},{"taxonomy":"product_cat","embeddable":true,"href":"https:\/\/biblivres.fr\/index.php\/wp-json\/wp\/v2\/product_cat?post=196"},{"taxonomy":"product_tag","embeddable":true,"href":"https:\/\/biblivres.fr\/index.php\/wp-json\/wp\/v2\/product_tag?post=196"}],"curies":[{"name":"wp","href":"https:\/\/api.w.org\/{rel}","templated":true}]}}