{"id":198,"date":"2026-02-06T10:59:18","date_gmt":"2026-02-06T10:59:18","guid":{"rendered":"https:\/\/biblivres.fr\/index.php\/product\/le-temoignage-de-la-fin\/"},"modified":"2026-02-11T21:52:10","modified_gmt":"2026-02-11T21:52:10","slug":"le-temoignage-de-la-fin","status":"publish","type":"product","link":"https:\/\/biblivres.fr\/index.php\/product\/le-temoignage-de-la-fin\/","title":{"rendered":"Le t\u00e9moignage de la fin"},"content":{"rendered":"<p>Par le moyen de d\u2019H\u00e9noc, No\u00e9, Abraham, Isra\u00ebl, Dieu avait autrefois un t\u00e9moignage au milieu du monde, auquel il tenait et qu\u2019il maintenait. En quoi le t\u00e9moignage de Dieu consiste-t-il aujourd\u2019hui\u00a0?<br \/>\nLes ap\u00f4tres Pierre et Paul d\u00e9clarent qu\u2019il est \u00e9troitement li\u00e9 \u00e0 la mort, la r\u00e9surrection et l\u2019\u00e9l\u00e9vation de Christ dans la gloire. Plusieurs v\u00e9rit\u00e9s essentielles, h\u00e9las rapidement oubli\u00e9es dans la chr\u00e9tient\u00e9, en plus du salut par la foi mis en lumi\u00e8re lors de la R\u00e9formation, y sont rattach\u00e9es.<br \/>\nCes quelques articles ont un impact pratique d\u00e9terminant pour les jours actuels. Ils font le tour des v\u00e9rit\u00e9s essentielles li\u00e9es au t\u00e9moignage de Dieu et de son caract\u00e8re particulier aux \u00ab\u00a0derniers jours\u00a0\u00bb, \u00e0 la \u00ab\u00a0fin des temps\u00a0\u00bb (2 Tim. 3:1\u00a0; 2 Pierre 2:3\u00a0; Jude 17). \u00ab\u00a0R\u00e9veille-toi, toi qui dors, et rel\u00e8ve-toi d&rsquo;entre les morts, et le Christ luira sur toi\u00a0!\u00a0\u00bb\u00a0; \u00ab\u00a0Voici l&rsquo;\u00e9poux\u00a0; sortez \u00e0 sa rencontre\u00a0!\u00a0\u00bb (\u00c9ph. 5:14\u00a0; Matt. 25:6)<\/p>\n","protected":false},"excerpt":{"rendered":"<p>Par le moyen de d\u2019H\u00e9noc, No\u00e9, Abraham, Isra\u00ebl, Dieu avait autrefois un t\u00e9moignage au milieu du monde, auquel il tenait et qu\u2019il maintenait. En quoi le t\u00e9moignage de Dieu consiste-t-il aujourd\u2019hui\u00a0?<br \/>\nLes ap\u00f4tres Pierre et Paul d\u00e9clarent qu\u2019il est \u00e9troitement li\u00e9 \u00e0 la mort, la r\u00e9surrection et l\u2019\u00e9l\u00e9vation de Christ dans la gloire. Plusieurs v\u00e9rit\u00e9s essentielles, h\u00e9las rapidement oubli\u00e9es dans la chr\u00e9tient\u00e9, en plus du salut par la foi mis en lumi\u00e8re lors de la R\u00e9formation, y sont rattach\u00e9es.<br \/>\nCes quelques articles ont un impact pratique d\u00e9terminant pour les jours actuels. Ils font le tour des v\u00e9rit\u00e9s essentielles li\u00e9es au t\u00e9moignage de Dieu et de son caract\u00e8re particulier aux \u00ab\u00a0derniers jours\u00a0\u00bb, \u00e0 la \u00ab\u00a0fin des temps\u00a0\u00bb (2 Tim. 3:1\u00a0; 2 Pierre 2:3\u00a0; Jude 17). \u00ab\u00a0R\u00e9veille-toi, toi qui dors, et rel\u00e8ve-toi d&rsquo;entre les morts, et le Christ luira sur toi\u00a0!\u00a0\u00bb\u00a0; \u00ab\u00a0Voici l&rsquo;\u00e9poux\u00a0; sortez \u00e0 sa rencontre\u00a0!\u00a0\u00bb (\u00c9ph. 5:14\u00a0; Matt. 25:6)<\/p>\n","protected":false},"featured_media":199,"template":"","meta":{"ocean_post_layout":"","ocean_both_sidebars_style":"","ocean_both_sidebars_content_width":0,"ocean_both_sidebars_sidebars_width":0,"ocean_sidebar":"0","ocean_second_sidebar":"0","ocean_disable_margins":"enable","ocean_add_body_class":"","ocean_shortcode_before_top_bar":"","ocean_shortcode_after_top_bar":"","ocean_shortcode_before_header":"","ocean_shortcode_after_header":"","ocean_has_shortcode":"","ocean_shortcode_after_title":"","ocean_shortcode_before_footer_widgets":"","ocean_shortcode_after_footer_widgets":"","ocean_shortcode_before_footer_bottom":"","ocean_shortcode_after_footer_bottom":"","ocean_display_top_bar":"default","ocean_display_header":"default","ocean_header_style":"","ocean_center_header_left_menu":"0","ocean_custom_header_template":"0","ocean_custom_logo":0,"ocean_custom_retina_logo":0,"ocean_custom_logo_max_width":0,"ocean_custom_logo_tablet_max_width":0,"ocean_custom_logo_mobile_max_width":0,"ocean_custom_logo_max_height":0,"ocean_custom_logo_tablet_max_height":0,"ocean_custom_logo_mobile_max_height":0,"ocean_header_custom_menu":"0","ocean_menu_typo_font_family":"0","ocean_menu_typo_font_subset":"","ocean_menu_typo_font_size":0,"ocean_menu_typo_font_size_tablet":0,"ocean_menu_typo_font_size_mobile":0,"ocean_menu_typo_font_size_unit":"px","ocean_menu_typo_font_weight":"","ocean_menu_typo_font_weight_tablet":"","ocean_menu_typo_font_weight_mobile":"","ocean_menu_typo_transform":"","ocean_menu_typo_transform_tablet":"","ocean_menu_typo_transform_mobile":"","ocean_menu_typo_line_height":0,"ocean_menu_typo_line_height_tablet":0,"ocean_menu_typo_line_height_mobile":0,"ocean_menu_typo_line_height_unit":"","ocean_menu_typo_spacing":0,"ocean_menu_typo_spacing_tablet":0,"ocean_menu_typo_spacing_mobile":0,"ocean_menu_typo_spacing_unit":"","ocean_menu_link_color":"","ocean_menu_link_color_hover":"","ocean_menu_link_color_active":"","ocean_menu_link_background":"","ocean_menu_link_hover_background":"","ocean_menu_link_active_background":"","ocean_menu_social_links_bg":"","ocean_menu_social_hover_links_bg":"","ocean_menu_social_links_color":"","ocean_menu_social_hover_links_color":"","ocean_disable_title":"default","ocean_disable_heading":"default","ocean_post_title":"","ocean_post_subheading":"","ocean_post_title_style":"","ocean_post_title_background_color":"","ocean_post_title_background":0,"ocean_post_title_bg_image_position":"","ocean_post_title_bg_image_attachment":"","ocean_post_title_bg_image_repeat":"","ocean_post_title_bg_image_size":"","ocean_post_title_height":0,"ocean_post_title_bg_overlay":0.5,"ocean_post_title_bg_overlay_color":"","ocean_disable_breadcrumbs":"default","ocean_breadcrumbs_color":"","ocean_breadcrumbs_separator_color":"","ocean_breadcrumbs_links_color":"","ocean_breadcrumbs_links_hover_color":"","ocean_display_footer_widgets":"default","ocean_display_footer_bottom":"default","ocean_custom_footer_template":"0"},"product_brand":[37],"product_cat":[16],"product_tag":[33],"class_list":{"0":"post-198","1":"product","2":"type-product","3":"status-publish","4":"has-post-thumbnail","6":"product_brand-fac","7":"product_cat-edi","8":"product_tag-com","10":"entry","11":"has-media","13":"first","14":"instock","15":"taxable","16":"shipping-taxable","17":"purchasable","18":"product-type-simple","19":"has-product-nav","20":"col","21":"span_1_of_6","22":"owp-content-center","23":"owp-thumbs-layout-horizontal","24":"owp-btn-normal","25":"owp-tabs-layout-horizontal","26":"has-no-thumbnails"},"_links":{"self":[{"href":"https:\/\/biblivres.fr\/index.php\/wp-json\/wp\/v2\/product\/198","targetHints":{"allow":["GET"]}}],"collection":[{"href":"https:\/\/biblivres.fr\/index.php\/wp-json\/wp\/v2\/product"}],"about":[{"href":"https:\/\/biblivres.fr\/index.php\/wp-json\/wp\/v2\/types\/product"}],"wp:featuredmedia":[{"embeddable":true,"href":"https:\/\/biblivres.fr\/index.php\/wp-json\/wp\/v2\/media\/199"}],"wp:attachment":[{"href":"https:\/\/biblivres.fr\/index.php\/wp-json\/wp\/v2\/media?parent=198"}],"wp:term":[{"taxonomy":"product_brand","embeddable":true,"href":"https:\/\/biblivres.fr\/index.php\/wp-json\/wp\/v2\/product_brand?post=198"},{"taxonomy":"product_cat","embeddable":true,"href":"https:\/\/biblivres.fr\/index.php\/wp-json\/wp\/v2\/product_cat?post=198"},{"taxonomy":"product_tag","embeddable":true,"href":"https:\/\/biblivres.fr\/index.php\/wp-json\/wp\/v2\/product_tag?post=198"}],"curies":[{"name":"wp","href":"https:\/\/api.w.org\/{rel}","templated":true}]}}