{"id":206,"date":"2026-02-06T11:00:04","date_gmt":"2026-02-06T11:00:04","guid":{"rendered":"https:\/\/biblivres.fr\/index.php\/product\/le-rassemblement-des-saints-selon-lecriture\/"},"modified":"2026-02-11T21:50:46","modified_gmt":"2026-02-11T21:50:46","slug":"le-rassemblement-des-saints-selon-lecriture","status":"publish","type":"product","link":"https:\/\/biblivres.fr\/index.php\/product\/le-rassemblement-des-saints-selon-lecriture\/","title":{"rendered":"Le rassemblement des saints selon l&rsquo;\u00c9criture"},"content":{"rendered":"<p>L\u2019enseignement si simple de l\u2019unit\u00e9 de l\u2019\u00c9glise selon l\u2019\u00c9criture, communiqu\u00e9 par l\u2019ap\u00f4tre Paul, a h\u00e9las \u00e9t\u00e9 rapidement d\u00e9tourn\u00e9 ou ni\u00e9 dans la chr\u00e9tient\u00e9. Les d\u00e9nominations sans nombre d\u2019une \u00e9glise d\u00e9membr\u00e9e en sont une marque \u00e9vidente. Alors, au milieu de cette d\u00e9chirante confusion, que doit-on faire le croyant\u00a0?<br \/>\nPourtant, la v\u00e9rit\u00e9 de l\u2019unit\u00e9 de l\u2019\u00e9glise, corps de Christ, et du rassemblement des saints demeure. Un grand nombre de croyants ont tir\u00e9 un immense profit de ces quelques articles de base. Leur lecture attentive, Parole de Dieu en mains, parlera \u00e0 la conscience et au c\u0153ur de ceux qui d\u00e9sirent suivre le Seigneur. Elle les placera devant deux alternatives\u00a0: aller \u00e0 l\u2019\u00e9glise \u00ab\u00a0de son choix\u00a0\u00bb ou suivre l\u2019enseignement divin quant au rassemblement des saints.<\/p>\n","protected":false},"excerpt":{"rendered":"<p>L\u2019enseignement si simple de l\u2019unit\u00e9 de l\u2019\u00c9glise selon l\u2019\u00c9criture, communiqu\u00e9 par l\u2019ap\u00f4tre Paul, a h\u00e9las \u00e9t\u00e9 rapidement d\u00e9tourn\u00e9 ou ni\u00e9 dans la chr\u00e9tient\u00e9. Les d\u00e9nominations sans nombre d\u2019une \u00e9glise d\u00e9membr\u00e9e en sont une marque \u00e9vidente. Alors, au milieu de cette d\u00e9chirante confusion, que doit-on faire le croyant\u00a0?<br \/>\nPourtant, la v\u00e9rit\u00e9 de l\u2019unit\u00e9 de l\u2019\u00e9glise, corps de Christ, et du rassemblement des saints demeure. Un grand nombre de croyants ont tir\u00e9 un immense profit de ces quelques articles de base. Leur lecture attentive, Parole de Dieu en mains, parlera \u00e0 la conscience et au c\u0153ur de ceux qui d\u00e9sirent suivre le Seigneur. Elle les placera devant deux alternatives\u00a0: aller \u00e0 l\u2019\u00e9glise \u00ab\u00a0de son choix\u00a0\u00bb ou suivre l\u2019enseignement divin quant au rassemblement des saints.<\/p>\n","protected":false},"featured_media":207,"template":"","meta":{"ocean_post_layout":"","ocean_both_sidebars_style":"","ocean_both_sidebars_content_width":0,"ocean_both_sidebars_sidebars_width":0,"ocean_sidebar":"0","ocean_second_sidebar":"0","ocean_disable_margins":"enable","ocean_add_body_class":"","ocean_shortcode_before_top_bar":"","ocean_shortcode_after_top_bar":"","ocean_shortcode_before_header":"","ocean_shortcode_after_header":"","ocean_has_shortcode":"","ocean_shortcode_after_title":"","ocean_shortcode_before_footer_widgets":"","ocean_shortcode_after_footer_widgets":"","ocean_shortcode_before_footer_bottom":"","ocean_shortcode_after_footer_bottom":"","ocean_display_top_bar":"default","ocean_display_header":"default","ocean_header_style":"","ocean_center_header_left_menu":"0","ocean_custom_header_template":"0","ocean_custom_logo":0,"ocean_custom_retina_logo":0,"ocean_custom_logo_max_width":0,"ocean_custom_logo_tablet_max_width":0,"ocean_custom_logo_mobile_max_width":0,"ocean_custom_logo_max_height":0,"ocean_custom_logo_tablet_max_height":0,"ocean_custom_logo_mobile_max_height":0,"ocean_header_custom_menu":"0","ocean_menu_typo_font_family":"0","ocean_menu_typo_font_subset":"","ocean_menu_typo_font_size":0,"ocean_menu_typo_font_size_tablet":0,"ocean_menu_typo_font_size_mobile":0,"ocean_menu_typo_font_size_unit":"px","ocean_menu_typo_font_weight":"","ocean_menu_typo_font_weight_tablet":"","ocean_menu_typo_font_weight_mobile":"","ocean_menu_typo_transform":"","ocean_menu_typo_transform_tablet":"","ocean_menu_typo_transform_mobile":"","ocean_menu_typo_line_height":0,"ocean_menu_typo_line_height_tablet":0,"ocean_menu_typo_line_height_mobile":0,"ocean_menu_typo_line_height_unit":"","ocean_menu_typo_spacing":0,"ocean_menu_typo_spacing_tablet":0,"ocean_menu_typo_spacing_mobile":0,"ocean_menu_typo_spacing_unit":"","ocean_menu_link_color":"","ocean_menu_link_color_hover":"","ocean_menu_link_color_active":"","ocean_menu_link_background":"","ocean_menu_link_hover_background":"","ocean_menu_link_active_background":"","ocean_menu_social_links_bg":"","ocean_menu_social_hover_links_bg":"","ocean_menu_social_links_color":"","ocean_menu_social_hover_links_color":"","ocean_disable_title":"default","ocean_disable_heading":"default","ocean_post_title":"","ocean_post_subheading":"","ocean_post_title_style":"","ocean_post_title_background_color":"","ocean_post_title_background":0,"ocean_post_title_bg_image_position":"","ocean_post_title_bg_image_attachment":"","ocean_post_title_bg_image_repeat":"","ocean_post_title_bg_image_size":"","ocean_post_title_height":0,"ocean_post_title_bg_overlay":0.5,"ocean_post_title_bg_overlay_color":"","ocean_disable_breadcrumbs":"default","ocean_breadcrumbs_color":"","ocean_breadcrumbs_separator_color":"","ocean_breadcrumbs_links_color":"","ocean_breadcrumbs_links_hover_color":"","ocean_display_footer_widgets":"default","ocean_display_footer_bottom":"default","ocean_custom_footer_template":"0"},"product_brand":[38],"product_cat":[17],"product_tag":[33],"class_list":{"0":"post-206","1":"product","2":"type-product","3":"status-publish","4":"has-post-thumbnail","6":"product_brand-moy","7":"product_cat-doc","8":"product_tag-com","10":"entry","11":"has-media","13":"first","14":"instock","15":"taxable","16":"shipping-taxable","17":"purchasable","18":"product-type-simple","19":"has-product-nav","20":"col","21":"span_1_of_6","22":"owp-content-center","23":"owp-thumbs-layout-horizontal","24":"owp-btn-normal","25":"owp-tabs-layout-horizontal","26":"has-no-thumbnails"},"_links":{"self":[{"href":"https:\/\/biblivres.fr\/index.php\/wp-json\/wp\/v2\/product\/206","targetHints":{"allow":["GET"]}}],"collection":[{"href":"https:\/\/biblivres.fr\/index.php\/wp-json\/wp\/v2\/product"}],"about":[{"href":"https:\/\/biblivres.fr\/index.php\/wp-json\/wp\/v2\/types\/product"}],"wp:featuredmedia":[{"embeddable":true,"href":"https:\/\/biblivres.fr\/index.php\/wp-json\/wp\/v2\/media\/207"}],"wp:attachment":[{"href":"https:\/\/biblivres.fr\/index.php\/wp-json\/wp\/v2\/media?parent=206"}],"wp:term":[{"taxonomy":"product_brand","embeddable":true,"href":"https:\/\/biblivres.fr\/index.php\/wp-json\/wp\/v2\/product_brand?post=206"},{"taxonomy":"product_cat","embeddable":true,"href":"https:\/\/biblivres.fr\/index.php\/wp-json\/wp\/v2\/product_cat?post=206"},{"taxonomy":"product_tag","embeddable":true,"href":"https:\/\/biblivres.fr\/index.php\/wp-json\/wp\/v2\/product_tag?post=206"}],"curies":[{"name":"wp","href":"https:\/\/api.w.org\/{rel}","templated":true}]}}