{"id":208,"date":"2026-02-06T11:00:53","date_gmt":"2026-02-06T11:00:53","guid":{"rendered":"https:\/\/biblivres.fr\/index.php\/product\/notes-sur-le-lien-du-mariage\/"},"modified":"2026-02-11T21:50:37","modified_gmt":"2026-02-11T21:50:37","slug":"notes-sur-le-lien-du-mariage","status":"publish","type":"product","link":"https:\/\/biblivres.fr\/index.php\/product\/notes-sur-le-lien-du-mariage\/","title":{"rendered":"Notes sur le lien du mariage"},"content":{"rendered":"<p>Le sujet du mariage (et celui du divorce et du remariage) a suscit\u00e9 beaucoup de difficult\u00e9s et m\u00eame d\u2019humiliantes divisions parmi les chr\u00e9tiens. Ce sujet pourtant s\u00e9rieux, \u00e9lev\u00e9 et heureux, li\u00e9 au domaine naturel mais engageant, avec la foi, le c\u0153ur et les affections, doit \u00eatre abord\u00e9 avec beaucoup de d\u00e9pendance du Seigneur et dans un esprit de paix (1\u00a0Cor. 7:15). Les croyants doivent pouvoir en parler avec gr\u00e2ce et v\u00e9rit\u00e9, patience et attention, en dehors de tout esprit inconvenant, l\u00e9gal ou rel\u00e2ch\u00e9, choses qui les ont souvent douloureusement manqu\u00e9s (pour ne rien dire de l\u2019esprit du monde souvent l\u00e9ger, grossier, violent et corrompu, oppos\u00e9 \u00e0 Dieu et \u00e0 sa Parole \u2013 \u00c9ph. 5:3-5).<\/p>\n","protected":false},"excerpt":{"rendered":"<p>Le sujet du mariage (et celui du divorce et du remariage) a suscit\u00e9 beaucoup de difficult\u00e9s et m\u00eame d\u2019humiliantes divisions parmi les chr\u00e9tiens. Ce sujet pourtant s\u00e9rieux, \u00e9lev\u00e9 et heureux, li\u00e9 au domaine naturel mais engageant, avec la foi, le c\u0153ur et les affections, doit \u00eatre abord\u00e9 avec beaucoup de d\u00e9pendance du Seigneur et dans un esprit de paix (1\u00a0Cor. 7:15). Les croyants doivent pouvoir en parler avec gr\u00e2ce et v\u00e9rit\u00e9, patience et attention, en dehors de tout esprit inconvenant, l\u00e9gal ou rel\u00e2ch\u00e9, choses qui les ont souvent douloureusement manqu\u00e9s (pour ne rien dire de l\u2019esprit du monde souvent l\u00e9ger, grossier, violent et corrompu, oppos\u00e9 \u00e0 Dieu et \u00e0 sa Parole \u2013 \u00c9ph. 5:3-5).<\/p>\n","protected":false},"featured_media":209,"template":"","meta":{"ocean_post_layout":"","ocean_both_sidebars_style":"","ocean_both_sidebars_content_width":0,"ocean_both_sidebars_sidebars_width":0,"ocean_sidebar":"0","ocean_second_sidebar":"0","ocean_disable_margins":"enable","ocean_add_body_class":"","ocean_shortcode_before_top_bar":"","ocean_shortcode_after_top_bar":"","ocean_shortcode_before_header":"","ocean_shortcode_after_header":"","ocean_has_shortcode":"","ocean_shortcode_after_title":"","ocean_shortcode_before_footer_widgets":"","ocean_shortcode_after_footer_widgets":"","ocean_shortcode_before_footer_bottom":"","ocean_shortcode_after_footer_bottom":"","ocean_display_top_bar":"default","ocean_display_header":"default","ocean_header_style":"","ocean_center_header_left_menu":"0","ocean_custom_header_template":"0","ocean_custom_logo":0,"ocean_custom_retina_logo":0,"ocean_custom_logo_max_width":0,"ocean_custom_logo_tablet_max_width":0,"ocean_custom_logo_mobile_max_width":0,"ocean_custom_logo_max_height":0,"ocean_custom_logo_tablet_max_height":0,"ocean_custom_logo_mobile_max_height":0,"ocean_header_custom_menu":"0","ocean_menu_typo_font_family":"0","ocean_menu_typo_font_subset":"","ocean_menu_typo_font_size":0,"ocean_menu_typo_font_size_tablet":0,"ocean_menu_typo_font_size_mobile":0,"ocean_menu_typo_font_size_unit":"px","ocean_menu_typo_font_weight":"","ocean_menu_typo_font_weight_tablet":"","ocean_menu_typo_font_weight_mobile":"","ocean_menu_typo_transform":"","ocean_menu_typo_transform_tablet":"","ocean_menu_typo_transform_mobile":"","ocean_menu_typo_line_height":0,"ocean_menu_typo_line_height_tablet":0,"ocean_menu_typo_line_height_mobile":0,"ocean_menu_typo_line_height_unit":"","ocean_menu_typo_spacing":0,"ocean_menu_typo_spacing_tablet":0,"ocean_menu_typo_spacing_mobile":0,"ocean_menu_typo_spacing_unit":"","ocean_menu_link_color":"","ocean_menu_link_color_hover":"","ocean_menu_link_color_active":"","ocean_menu_link_background":"","ocean_menu_link_hover_background":"","ocean_menu_link_active_background":"","ocean_menu_social_links_bg":"","ocean_menu_social_hover_links_bg":"","ocean_menu_social_links_color":"","ocean_menu_social_hover_links_color":"","ocean_disable_title":"default","ocean_disable_heading":"default","ocean_post_title":"","ocean_post_subheading":"","ocean_post_title_style":"","ocean_post_title_background_color":"","ocean_post_title_background":0,"ocean_post_title_bg_image_position":"","ocean_post_title_bg_image_attachment":"","ocean_post_title_bg_image_repeat":"","ocean_post_title_bg_image_size":"","ocean_post_title_height":0,"ocean_post_title_bg_overlay":0.5,"ocean_post_title_bg_overlay_color":"","ocean_disable_breadcrumbs":"default","ocean_breadcrumbs_color":"","ocean_breadcrumbs_separator_color":"","ocean_breadcrumbs_links_color":"","ocean_breadcrumbs_links_hover_color":"","ocean_display_footer_widgets":"default","ocean_display_footer_bottom":"default","ocean_custom_footer_template":"0"},"product_brand":[37],"product_cat":[22],"product_tag":[40],"class_list":{"0":"post-208","1":"product","2":"type-product","3":"status-publish","4":"has-post-thumbnail","6":"product_brand-fac","7":"product_cat-div","8":"product_tag-doc","10":"entry","11":"has-media","13":"first","14":"outofstock","15":"taxable","16":"shipping-taxable","17":"purchasable","18":"product-type-simple","19":"has-product-nav","20":"col","21":"span_1_of_6","22":"owp-content-center","23":"owp-thumbs-layout-horizontal","24":"owp-btn-normal","25":"owp-tabs-layout-horizontal","26":"has-no-thumbnails"},"_links":{"self":[{"href":"https:\/\/biblivres.fr\/index.php\/wp-json\/wp\/v2\/product\/208","targetHints":{"allow":["GET"]}}],"collection":[{"href":"https:\/\/biblivres.fr\/index.php\/wp-json\/wp\/v2\/product"}],"about":[{"href":"https:\/\/biblivres.fr\/index.php\/wp-json\/wp\/v2\/types\/product"}],"wp:featuredmedia":[{"embeddable":true,"href":"https:\/\/biblivres.fr\/index.php\/wp-json\/wp\/v2\/media\/209"}],"wp:attachment":[{"href":"https:\/\/biblivres.fr\/index.php\/wp-json\/wp\/v2\/media?parent=208"}],"wp:term":[{"taxonomy":"product_brand","embeddable":true,"href":"https:\/\/biblivres.fr\/index.php\/wp-json\/wp\/v2\/product_brand?post=208"},{"taxonomy":"product_cat","embeddable":true,"href":"https:\/\/biblivres.fr\/index.php\/wp-json\/wp\/v2\/product_cat?post=208"},{"taxonomy":"product_tag","embeddable":true,"href":"https:\/\/biblivres.fr\/index.php\/wp-json\/wp\/v2\/product_tag?post=208"}],"curies":[{"name":"wp","href":"https:\/\/api.w.org\/{rel}","templated":true}]}}