{"id":214,"date":"2026-02-06T11:01:25","date_gmt":"2026-02-06T11:01:25","guid":{"rendered":"https:\/\/biblivres.fr\/index.php\/product\/la-creation-et-la-terre-adamique-fascicule-n-1\/"},"modified":"2026-02-11T21:50:10","modified_gmt":"2026-02-11T21:50:10","slug":"la-creation-et-la-terre-adamique-fascicule-n-1","status":"publish","type":"product","link":"https:\/\/biblivres.fr\/index.php\/product\/la-creation-et-la-terre-adamique-fascicule-n-1\/","title":{"rendered":"La cr\u00e9ation et la terre adamique (fascicule n\u00b0 1)"},"content":{"rendered":"<p>Le grand sujet de la cr\u00e9ation est abord\u00e9 dans un ouvrage de W. Kelly en anglais The Early Chapters of Genesis (1-11). Il est trait\u00e9 avec une abondance de d\u00e9tails peu commune  parmi les commentateurs, tout en serrant de pr\u00e8s la Parole de Dieu. Ce commentaire remarquable aborde le r\u00e9cit de la cr\u00e9ation sous tous ses angles\u00a0: la cr\u00e9ation originelle, la d\u00e9solation, l\u2019apparition de la lumi\u00e8re, la s\u00e9paration des airs, des terres et des mers, la cr\u00e9ation de la vie v\u00e9g\u00e9tale, l\u2019apparition des luminaires, la cr\u00e9ation particuli\u00e8re de la vie animale, et la cr\u00e9ation sp\u00e9ciale de l\u2019homme avec sa position privil\u00e9gi\u00e9e.<br \/>\nLe pr\u00e9sent fascicule rassemble et reclasse des notes \u00e9parses prises sur ce commentaire de la cr\u00e9ation (chap.1). Les aspects particuliers de ce sujet li\u00e9s \u00e0 la science et \u00e0 la g\u00e9ologie, ainsi qu\u2019\u00e0 l\u2019antiquit\u00e9 de la terre, feront l\u2019objet d\u2019un fascicule ult\u00e9rieur.<\/p>\n","protected":false},"excerpt":{"rendered":"<p>Le grand sujet de la cr\u00e9ation est abord\u00e9 dans un ouvrage de W. Kelly en anglais The Early Chapters of Genesis (1-11). Il est trait\u00e9 avec une abondance de d\u00e9tails peu commune  parmi les commentateurs, tout en serrant de pr\u00e8s la Parole de Dieu. Ce commentaire remarquable aborde le r\u00e9cit de la cr\u00e9ation sous tous ses angles\u00a0: la cr\u00e9ation originelle, la d\u00e9solation, l\u2019apparition de la lumi\u00e8re, la s\u00e9paration des airs, des terres et des mers, la cr\u00e9ation de la vie v\u00e9g\u00e9tale, l\u2019apparition des luminaires, la cr\u00e9ation particuli\u00e8re de la vie animale, et la cr\u00e9ation sp\u00e9ciale de l\u2019homme avec sa position privil\u00e9gi\u00e9e.<br \/>\nLe pr\u00e9sent fascicule rassemble et reclasse des notes \u00e9parses prises sur ce commentaire de la cr\u00e9ation (chap.1). Les aspects particuliers de ce sujet li\u00e9s \u00e0 la science et \u00e0 la g\u00e9ologie, ainsi qu\u2019\u00e0 l\u2019antiquit\u00e9 de la terre, feront l\u2019objet d\u2019un fascicule ult\u00e9rieur.<\/p>\n","protected":false},"featured_media":215,"template":"","meta":{"ocean_post_layout":"","ocean_both_sidebars_style":"","ocean_both_sidebars_content_width":0,"ocean_both_sidebars_sidebars_width":0,"ocean_sidebar":"0","ocean_second_sidebar":"0","ocean_disable_margins":"enable","ocean_add_body_class":"","ocean_shortcode_before_top_bar":"","ocean_shortcode_after_top_bar":"","ocean_shortcode_before_header":"","ocean_shortcode_after_header":"","ocean_has_shortcode":"","ocean_shortcode_after_title":"","ocean_shortcode_before_footer_widgets":"","ocean_shortcode_after_footer_widgets":"","ocean_shortcode_before_footer_bottom":"","ocean_shortcode_after_footer_bottom":"","ocean_display_top_bar":"default","ocean_display_header":"default","ocean_header_style":"","ocean_center_header_left_menu":"0","ocean_custom_header_template":"0","ocean_custom_logo":0,"ocean_custom_retina_logo":0,"ocean_custom_logo_max_width":0,"ocean_custom_logo_tablet_max_width":0,"ocean_custom_logo_mobile_max_width":0,"ocean_custom_logo_max_height":0,"ocean_custom_logo_tablet_max_height":0,"ocean_custom_logo_mobile_max_height":0,"ocean_header_custom_menu":"0","ocean_menu_typo_font_family":"0","ocean_menu_typo_font_subset":"","ocean_menu_typo_font_size":0,"ocean_menu_typo_font_size_tablet":0,"ocean_menu_typo_font_size_mobile":0,"ocean_menu_typo_font_size_unit":"px","ocean_menu_typo_font_weight":"","ocean_menu_typo_font_weight_tablet":"","ocean_menu_typo_font_weight_mobile":"","ocean_menu_typo_transform":"","ocean_menu_typo_transform_tablet":"","ocean_menu_typo_transform_mobile":"","ocean_menu_typo_line_height":0,"ocean_menu_typo_line_height_tablet":0,"ocean_menu_typo_line_height_mobile":0,"ocean_menu_typo_line_height_unit":"","ocean_menu_typo_spacing":0,"ocean_menu_typo_spacing_tablet":0,"ocean_menu_typo_spacing_mobile":0,"ocean_menu_typo_spacing_unit":"","ocean_menu_link_color":"","ocean_menu_link_color_hover":"","ocean_menu_link_color_active":"","ocean_menu_link_background":"","ocean_menu_link_hover_background":"","ocean_menu_link_active_background":"","ocean_menu_social_links_bg":"","ocean_menu_social_hover_links_bg":"","ocean_menu_social_links_color":"","ocean_menu_social_hover_links_color":"","ocean_disable_title":"default","ocean_disable_heading":"default","ocean_post_title":"","ocean_post_subheading":"","ocean_post_title_style":"","ocean_post_title_background_color":"","ocean_post_title_background":0,"ocean_post_title_bg_image_position":"","ocean_post_title_bg_image_attachment":"","ocean_post_title_bg_image_repeat":"","ocean_post_title_bg_image_size":"","ocean_post_title_height":0,"ocean_post_title_bg_overlay":0.5,"ocean_post_title_bg_overlay_color":"","ocean_disable_breadcrumbs":"default","ocean_breadcrumbs_color":"","ocean_breadcrumbs_separator_color":"","ocean_breadcrumbs_links_color":"","ocean_breadcrumbs_links_hover_color":"","ocean_display_footer_widgets":"default","ocean_display_footer_bottom":"default","ocean_custom_footer_template":"0"},"product_brand":[37],"product_cat":[16],"product_tag":[33],"class_list":{"0":"post-214","1":"product","2":"type-product","3":"status-publish","4":"has-post-thumbnail","6":"product_brand-fac","7":"product_cat-edi","8":"product_tag-com","10":"entry","11":"has-media","13":"first","14":"instock","15":"taxable","16":"shipping-taxable","17":"purchasable","18":"product-type-simple","19":"has-product-nav","20":"col","21":"span_1_of_6","22":"owp-content-center","23":"owp-thumbs-layout-horizontal","24":"owp-btn-normal","25":"owp-tabs-layout-horizontal","26":"has-no-thumbnails"},"_links":{"self":[{"href":"https:\/\/biblivres.fr\/index.php\/wp-json\/wp\/v2\/product\/214","targetHints":{"allow":["GET"]}}],"collection":[{"href":"https:\/\/biblivres.fr\/index.php\/wp-json\/wp\/v2\/product"}],"about":[{"href":"https:\/\/biblivres.fr\/index.php\/wp-json\/wp\/v2\/types\/product"}],"wp:featuredmedia":[{"embeddable":true,"href":"https:\/\/biblivres.fr\/index.php\/wp-json\/wp\/v2\/media\/215"}],"wp:attachment":[{"href":"https:\/\/biblivres.fr\/index.php\/wp-json\/wp\/v2\/media?parent=214"}],"wp:term":[{"taxonomy":"product_brand","embeddable":true,"href":"https:\/\/biblivres.fr\/index.php\/wp-json\/wp\/v2\/product_brand?post=214"},{"taxonomy":"product_cat","embeddable":true,"href":"https:\/\/biblivres.fr\/index.php\/wp-json\/wp\/v2\/product_cat?post=214"},{"taxonomy":"product_tag","embeddable":true,"href":"https:\/\/biblivres.fr\/index.php\/wp-json\/wp\/v2\/product_tag?post=214"}],"curies":[{"name":"wp","href":"https:\/\/api.w.org\/{rel}","templated":true}]}}