{"id":226,"date":"2026-02-06T11:02:41","date_gmt":"2026-02-06T11:02:41","guid":{"rendered":"https:\/\/biblivres.fr\/index.php\/product\/trois-perles-prophetiques\/"},"modified":"2026-02-11T21:48:37","modified_gmt":"2026-02-11T21:48:37","slug":"trois-perles-prophetiques","status":"publish","type":"product","link":"https:\/\/biblivres.fr\/index.php\/product\/trois-perles-prophetiques\/","title":{"rendered":"Trois perles proph\u00e9tiques"},"content":{"rendered":"<p>(1) Expos\u00e9 limpide des chapitres 24 et 25 de Matthieu, avec trois parties\u00a0: les disciples juifs, la profession chr\u00e9tienne, et les nations (les temps de la fin). (2) Diff\u00e9rences essentielles entre la venue du Seigneur et le jour du Seigneur\u00a0: lors de sa venue, le Seigneur viendra du ciel sur les nu\u00e9es pour rencontrer les siens ressuscit\u00e9s ou transmu\u00e9s et les amener dans la maison du P\u00e8re\u00a0; lors de son jour, il viendra du ciel sur la terre, avec les saints c\u00e9lestes, pour exercer les jugements et introduire son r\u00e8gne mill\u00e9naire. (3) L\u2019esp\u00e9rance c\u00e9leste sera couronn\u00e9e par la venue du Seigneur en gr\u00e2ce, sur les nu\u00e9es, pour les saints c\u00e9lestes (ceux de l\u2019\u00e9glise, et les hommes de foi d\u2019autrefois). Elle n\u2019a rien \u00e0 voir avec un quelconque \u00e9v\u00e9nement, elle s\u2019adresse au c\u0153ur des vrais croyants et r\u00e9anime leurs affections pour le Seigneur, l\u2019\u00c9poux qui vient \u00ab\u00a0bient\u00f4t\u00a0\u00bb.<\/p>\n","protected":false},"excerpt":{"rendered":"<p>(1) Expos\u00e9 limpide des chapitres 24 et 25 de Matthieu, avec trois parties\u00a0: les disciples juifs, la profession chr\u00e9tienne, et les nations (les temps de la fin). (2) Diff\u00e9rences essentielles entre la venue du Seigneur et le jour du Seigneur\u00a0: lors de sa venue, le Seigneur viendra du ciel sur les nu\u00e9es pour rencontrer les siens ressuscit\u00e9s ou transmu\u00e9s et les amener dans la maison du P\u00e8re\u00a0; lors de son jour, il viendra du ciel sur la terre, avec les saints c\u00e9lestes, pour exercer les jugements et introduire son r\u00e8gne mill\u00e9naire. (3) L\u2019esp\u00e9rance c\u00e9leste sera couronn\u00e9e par la venue du Seigneur en gr\u00e2ce, sur les nu\u00e9es, pour les saints c\u00e9lestes (ceux de l\u2019\u00e9glise, et les hommes de foi d\u2019autrefois). Elle n\u2019a rien \u00e0 voir avec un quelconque \u00e9v\u00e9nement, elle s\u2019adresse au c\u0153ur des vrais croyants et r\u00e9anime leurs affections pour le Seigneur, l\u2019\u00c9poux qui vient \u00ab\u00a0bient\u00f4t\u00a0\u00bb.<\/p>\n","protected":false},"featured_media":227,"template":"","meta":{"ocean_post_layout":"","ocean_both_sidebars_style":"","ocean_both_sidebars_content_width":0,"ocean_both_sidebars_sidebars_width":0,"ocean_sidebar":"0","ocean_second_sidebar":"0","ocean_disable_margins":"enable","ocean_add_body_class":"","ocean_shortcode_before_top_bar":"","ocean_shortcode_after_top_bar":"","ocean_shortcode_before_header":"","ocean_shortcode_after_header":"","ocean_has_shortcode":"","ocean_shortcode_after_title":"","ocean_shortcode_before_footer_widgets":"","ocean_shortcode_after_footer_widgets":"","ocean_shortcode_before_footer_bottom":"","ocean_shortcode_after_footer_bottom":"","ocean_display_top_bar":"default","ocean_display_header":"default","ocean_header_style":"","ocean_center_header_left_menu":"0","ocean_custom_header_template":"0","ocean_custom_logo":0,"ocean_custom_retina_logo":0,"ocean_custom_logo_max_width":0,"ocean_custom_logo_tablet_max_width":0,"ocean_custom_logo_mobile_max_width":0,"ocean_custom_logo_max_height":0,"ocean_custom_logo_tablet_max_height":0,"ocean_custom_logo_mobile_max_height":0,"ocean_header_custom_menu":"0","ocean_menu_typo_font_family":"0","ocean_menu_typo_font_subset":"","ocean_menu_typo_font_size":0,"ocean_menu_typo_font_size_tablet":0,"ocean_menu_typo_font_size_mobile":0,"ocean_menu_typo_font_size_unit":"px","ocean_menu_typo_font_weight":"","ocean_menu_typo_font_weight_tablet":"","ocean_menu_typo_font_weight_mobile":"","ocean_menu_typo_transform":"","ocean_menu_typo_transform_tablet":"","ocean_menu_typo_transform_mobile":"","ocean_menu_typo_line_height":0,"ocean_menu_typo_line_height_tablet":0,"ocean_menu_typo_line_height_mobile":0,"ocean_menu_typo_line_height_unit":"","ocean_menu_typo_spacing":0,"ocean_menu_typo_spacing_tablet":0,"ocean_menu_typo_spacing_mobile":0,"ocean_menu_typo_spacing_unit":"","ocean_menu_link_color":"","ocean_menu_link_color_hover":"","ocean_menu_link_color_active":"","ocean_menu_link_background":"","ocean_menu_link_hover_background":"","ocean_menu_link_active_background":"","ocean_menu_social_links_bg":"","ocean_menu_social_hover_links_bg":"","ocean_menu_social_links_color":"","ocean_menu_social_hover_links_color":"","ocean_disable_title":"default","ocean_disable_heading":"default","ocean_post_title":"","ocean_post_subheading":"","ocean_post_title_style":"","ocean_post_title_background_color":"","ocean_post_title_background":0,"ocean_post_title_bg_image_position":"","ocean_post_title_bg_image_attachment":"","ocean_post_title_bg_image_repeat":"","ocean_post_title_bg_image_size":"","ocean_post_title_height":0,"ocean_post_title_bg_overlay":0.5,"ocean_post_title_bg_overlay_color":"","ocean_disable_breadcrumbs":"default","ocean_breadcrumbs_color":"","ocean_breadcrumbs_separator_color":"","ocean_breadcrumbs_links_color":"","ocean_breadcrumbs_links_hover_color":"","ocean_display_footer_widgets":"default","ocean_display_footer_bottom":"default","ocean_custom_footer_template":"0"},"product_brand":[37],"product_cat":[17],"product_tag":[32],"class_list":{"0":"post-226","1":"product","2":"type-product","3":"status-publish","4":"has-post-thumbnail","6":"product_brand-fac","7":"product_cat-doc","8":"product_tag-etl","10":"entry","11":"has-media","13":"first","14":"instock","15":"taxable","16":"shipping-taxable","17":"purchasable","18":"product-type-simple","19":"has-product-nav","20":"col","21":"span_1_of_6","22":"owp-content-center","23":"owp-thumbs-layout-horizontal","24":"owp-btn-normal","25":"owp-tabs-layout-horizontal","26":"has-no-thumbnails"},"_links":{"self":[{"href":"https:\/\/biblivres.fr\/index.php\/wp-json\/wp\/v2\/product\/226","targetHints":{"allow":["GET"]}}],"collection":[{"href":"https:\/\/biblivres.fr\/index.php\/wp-json\/wp\/v2\/product"}],"about":[{"href":"https:\/\/biblivres.fr\/index.php\/wp-json\/wp\/v2\/types\/product"}],"wp:featuredmedia":[{"embeddable":true,"href":"https:\/\/biblivres.fr\/index.php\/wp-json\/wp\/v2\/media\/227"}],"wp:attachment":[{"href":"https:\/\/biblivres.fr\/index.php\/wp-json\/wp\/v2\/media?parent=226"}],"wp:term":[{"taxonomy":"product_brand","embeddable":true,"href":"https:\/\/biblivres.fr\/index.php\/wp-json\/wp\/v2\/product_brand?post=226"},{"taxonomy":"product_cat","embeddable":true,"href":"https:\/\/biblivres.fr\/index.php\/wp-json\/wp\/v2\/product_cat?post=226"},{"taxonomy":"product_tag","embeddable":true,"href":"https:\/\/biblivres.fr\/index.php\/wp-json\/wp\/v2\/product_tag?post=226"}],"curies":[{"name":"wp","href":"https:\/\/api.w.org\/{rel}","templated":true}]}}