{"id":240,"date":"2026-02-06T11:04:13","date_gmt":"2026-02-06T11:04:13","guid":{"rendered":"https:\/\/biblivres.fr\/index.php\/product\/la-venue-du-seigneur-et-le-jour-du-seigneur\/"},"modified":"2026-02-11T21:46:19","modified_gmt":"2026-02-11T21:46:19","slug":"la-venue-du-seigneur-et-le-jour-du-seigneur","status":"publish","type":"product","link":"https:\/\/biblivres.fr\/index.php\/product\/la-venue-du-seigneur-et-le-jour-du-seigneur\/","title":{"rendered":"La venue du Seigneur, et le jour du Seigneur"},"content":{"rendered":"<p>W. Kelly montre, par la Parole, la diff\u00e9rence essentielle entre la venue du Seigneur et le jour du Seigneur. Dans la premi\u00e8re (Jean 14\u00a0; 1 Thess. 4\u00a0; 1 Cor. 15), il viendra du ciel sur les nu\u00e9es pour rencontrer les siens ressuscit\u00e9s ou transmu\u00e9s (saints c\u00e9lestes), et les amener dans la maison du P\u00e8re. Dans la seconde, il viendra du ciel sur la terre, avec les saints c\u00e9lestes, pour exercer les jugements et introduire son r\u00e8gne mill\u00e9naire. Le premier est en rapport avec la gr\u00e2ce, en vertu de la r\u00e9demption\u00a0; le second (dont il est abondamment parl\u00e9 dans l\u2019Ancien Testament) est en relation avec le service, la responsabilit\u00e9, et les r\u00e9compenses.<\/p>\n<p>L\u2019auteur insiste beaucoup sur 2 Thess. 2, qui fait clairement la distinction entre les deux. H\u00e9las, la chr\u00e9tient\u00e9 a tr\u00e8s t\u00f4t confondu les deux. La raison repose d\u2019une part sur l\u2019alliance de l\u2019\u00e9glise avec le monde, d\u2019autre part sur une mauvaise interpr\u00e9tation et une mauvaise traduction de ce passage. Suite aux efforts de Satan, les chr\u00e9tiens, d\u00e8s les d\u00e9buts de l\u2019\u00e8re chr\u00e9tienne, ont ainsi \u00e9t\u00e9 priv\u00e9s d\u2019une des plus grandes b\u00e9n\u00e9dictions apr\u00e8s la r\u00e9demption\u00a0: l\u2019esp\u00e9rance c\u00e9leste. La p\u00e9riode qui a suivi le R\u00e9veil a \u00e9t\u00e9 l\u2019occasion de remettre en lumi\u00e8re cette v\u00e9rit\u00e9, ainsi que d\u2019autres, essentielles pour les croyants de la p\u00e9riode de la gr\u00e2ce.<\/p>\n","protected":false},"excerpt":{"rendered":"<p>W. Kelly montre, par la Parole, la diff\u00e9rence essentielle entre la venue du Seigneur et le jour du Seigneur. Dans la premi\u00e8re (Jean 14\u00a0; 1 Thess. 4\u00a0; 1 Cor. 15), il viendra du ciel sur les nu\u00e9es pour rencontrer les siens ressuscit\u00e9s ou transmu\u00e9s (saints c\u00e9lestes), et les amener dans la maison du P\u00e8re. Dans la seconde, il viendra du ciel sur la terre, avec les saints c\u00e9lestes, pour exercer les jugements et introduire son r\u00e8gne mill\u00e9naire. Le premier est en rapport avec la gr\u00e2ce, en vertu de la r\u00e9demption\u00a0; le second (dont il est abondamment parl\u00e9 dans l\u2019Ancien Testament) est en relation avec le service, la responsabilit\u00e9, et les r\u00e9compenses.<\/p>\n<p>L\u2019auteur insiste beaucoup sur 2 Thess. 2, qui fait clairement la distinction entre les deux. H\u00e9las, la chr\u00e9tient\u00e9 a tr\u00e8s t\u00f4t confondu les deux. La raison repose d\u2019une part sur l\u2019alliance de l\u2019\u00e9glise avec le monde, d\u2019autre part sur une mauvaise interpr\u00e9tation et une mauvaise traduction de ce passage. Suite aux efforts de Satan, les chr\u00e9tiens, d\u00e8s les d\u00e9buts de l\u2019\u00e8re chr\u00e9tienne, ont ainsi \u00e9t\u00e9 priv\u00e9s d\u2019une des plus grandes b\u00e9n\u00e9dictions apr\u00e8s la r\u00e9demption\u00a0: l\u2019esp\u00e9rance c\u00e9leste. La p\u00e9riode qui a suivi le R\u00e9veil a \u00e9t\u00e9 l\u2019occasion de remettre en lumi\u00e8re cette v\u00e9rit\u00e9, ainsi que d\u2019autres, essentielles pour les croyants de la p\u00e9riode de la gr\u00e2ce.<\/p>\n","protected":false},"featured_media":241,"template":"","meta":{"ocean_post_layout":"","ocean_both_sidebars_style":"","ocean_both_sidebars_content_width":0,"ocean_both_sidebars_sidebars_width":0,"ocean_sidebar":"0","ocean_second_sidebar":"0","ocean_disable_margins":"enable","ocean_add_body_class":"","ocean_shortcode_before_top_bar":"","ocean_shortcode_after_top_bar":"","ocean_shortcode_before_header":"","ocean_shortcode_after_header":"","ocean_has_shortcode":"","ocean_shortcode_after_title":"","ocean_shortcode_before_footer_widgets":"","ocean_shortcode_after_footer_widgets":"","ocean_shortcode_before_footer_bottom":"","ocean_shortcode_after_footer_bottom":"","ocean_display_top_bar":"default","ocean_display_header":"default","ocean_header_style":"","ocean_center_header_left_menu":"0","ocean_custom_header_template":"0","ocean_custom_logo":0,"ocean_custom_retina_logo":0,"ocean_custom_logo_max_width":0,"ocean_custom_logo_tablet_max_width":0,"ocean_custom_logo_mobile_max_width":0,"ocean_custom_logo_max_height":0,"ocean_custom_logo_tablet_max_height":0,"ocean_custom_logo_mobile_max_height":0,"ocean_header_custom_menu":"0","ocean_menu_typo_font_family":"0","ocean_menu_typo_font_subset":"","ocean_menu_typo_font_size":0,"ocean_menu_typo_font_size_tablet":0,"ocean_menu_typo_font_size_mobile":0,"ocean_menu_typo_font_size_unit":"px","ocean_menu_typo_font_weight":"","ocean_menu_typo_font_weight_tablet":"","ocean_menu_typo_font_weight_mobile":"","ocean_menu_typo_transform":"","ocean_menu_typo_transform_tablet":"","ocean_menu_typo_transform_mobile":"","ocean_menu_typo_line_height":0,"ocean_menu_typo_line_height_tablet":0,"ocean_menu_typo_line_height_mobile":0,"ocean_menu_typo_line_height_unit":"","ocean_menu_typo_spacing":0,"ocean_menu_typo_spacing_tablet":0,"ocean_menu_typo_spacing_mobile":0,"ocean_menu_typo_spacing_unit":"","ocean_menu_link_color":"","ocean_menu_link_color_hover":"","ocean_menu_link_color_active":"","ocean_menu_link_background":"","ocean_menu_link_hover_background":"","ocean_menu_link_active_background":"","ocean_menu_social_links_bg":"","ocean_menu_social_hover_links_bg":"","ocean_menu_social_links_color":"","ocean_menu_social_hover_links_color":"","ocean_disable_title":"default","ocean_disable_heading":"default","ocean_post_title":"","ocean_post_subheading":"","ocean_post_title_style":"","ocean_post_title_background_color":"","ocean_post_title_background":0,"ocean_post_title_bg_image_position":"","ocean_post_title_bg_image_attachment":"","ocean_post_title_bg_image_repeat":"","ocean_post_title_bg_image_size":"","ocean_post_title_height":0,"ocean_post_title_bg_overlay":0.5,"ocean_post_title_bg_overlay_color":"","ocean_disable_breadcrumbs":"default","ocean_breadcrumbs_color":"","ocean_breadcrumbs_separator_color":"","ocean_breadcrumbs_links_color":"","ocean_breadcrumbs_links_hover_color":"","ocean_display_footer_widgets":"default","ocean_display_footer_bottom":"default","ocean_custom_footer_template":"0"},"product_brand":[37],"product_cat":[16],"product_tag":[33],"class_list":{"0":"post-240","1":"product","2":"type-product","3":"status-publish","4":"has-post-thumbnail","6":"product_brand-fac","7":"product_cat-edi","8":"product_tag-com","10":"entry","11":"has-media","13":"first","14":"instock","15":"taxable","16":"shipping-taxable","17":"purchasable","18":"product-type-simple","19":"has-product-nav","20":"col","21":"span_1_of_6","22":"owp-content-center","23":"owp-thumbs-layout-horizontal","24":"owp-btn-normal","25":"owp-tabs-layout-horizontal","26":"has-no-thumbnails"},"_links":{"self":[{"href":"https:\/\/biblivres.fr\/index.php\/wp-json\/wp\/v2\/product\/240","targetHints":{"allow":["GET"]}}],"collection":[{"href":"https:\/\/biblivres.fr\/index.php\/wp-json\/wp\/v2\/product"}],"about":[{"href":"https:\/\/biblivres.fr\/index.php\/wp-json\/wp\/v2\/types\/product"}],"wp:featuredmedia":[{"embeddable":true,"href":"https:\/\/biblivres.fr\/index.php\/wp-json\/wp\/v2\/media\/241"}],"wp:attachment":[{"href":"https:\/\/biblivres.fr\/index.php\/wp-json\/wp\/v2\/media?parent=240"}],"wp:term":[{"taxonomy":"product_brand","embeddable":true,"href":"https:\/\/biblivres.fr\/index.php\/wp-json\/wp\/v2\/product_brand?post=240"},{"taxonomy":"product_cat","embeddable":true,"href":"https:\/\/biblivres.fr\/index.php\/wp-json\/wp\/v2\/product_cat?post=240"},{"taxonomy":"product_tag","embeddable":true,"href":"https:\/\/biblivres.fr\/index.php\/wp-json\/wp\/v2\/product_tag?post=240"}],"curies":[{"name":"wp","href":"https:\/\/api.w.org\/{rel}","templated":true}]}}