{"id":242,"date":"2026-02-06T11:04:22","date_gmt":"2026-02-06T11:04:22","guid":{"rendered":"https:\/\/biblivres.fr\/index.php\/product\/la-division-renton-tw\/"},"modified":"2026-02-11T21:46:08","modified_gmt":"2026-02-11T21:46:08","slug":"la-division-renton-tw","status":"publish","type":"product","link":"https:\/\/biblivres.fr\/index.php\/product\/la-division-renton-tw\/","title":{"rendered":"La division Renton (TW)"},"content":{"rendered":"<p>La triste division dite \u00ab\u00a0Tunbridge Wells\u00a0\u00bb (TW) de 1909, qui a notamment pour cause l\u2019acceptation inconditionnelle de d\u00e9cisions d\u2019assembl\u00e9e, a conduit plusieurs d\u00e9bats amers entre fr\u00e8res. Un de ces points est la question du divorce et du remariage, qui a conduit \u00e0 la division dite \u00ab\u00a0Renton\u00a0\u00bb (1930), parmi les assembl\u00e9es dites \u00ab\u00a0T. W.\u00a0\u00bb<br \/>\nN. No\u00ebl a cherch\u00e9 \u00e0 suivre le d\u00e9veloppement de cette question parmi ces assembl\u00e9es T. W. Au-del\u00e0 de l\u2019amertume \u00e9vidente suscit\u00e9e par la question de la reconnaissance des d\u00e9cisions d\u2019assembl\u00e9es, ce d\u00e9bat, h\u00e9las, a conduit \u00e0 de nombreuses positions diff\u00e9rentes, plus ou moins extr\u00eames, et a largement contribu\u00e9 \u00e0 la confusion dans la marche collective des assembl\u00e9es T. W. Dans son livre The History of the Brethren (L\u2019Histoire des Fr\u00e8res), N. No\u00ebl apporte des \u00e9l\u00e9ments utiles sur cet important sujet.<\/p>\n","protected":false},"excerpt":{"rendered":"<p>La triste division dite \u00ab\u00a0Tunbridge Wells\u00a0\u00bb (TW) de 1909, qui a notamment pour cause l\u2019acceptation inconditionnelle de d\u00e9cisions d\u2019assembl\u00e9e, a conduit plusieurs d\u00e9bats amers entre fr\u00e8res. Un de ces points est la question du divorce et du remariage, qui a conduit \u00e0 la division dite \u00ab\u00a0Renton\u00a0\u00bb (1930), parmi les assembl\u00e9es dites \u00ab\u00a0T. W.\u00a0\u00bb<br \/>\nN. No\u00ebl a cherch\u00e9 \u00e0 suivre le d\u00e9veloppement de cette question parmi ces assembl\u00e9es T. W. Au-del\u00e0 de l\u2019amertume \u00e9vidente suscit\u00e9e par la question de la reconnaissance des d\u00e9cisions d\u2019assembl\u00e9es, ce d\u00e9bat, h\u00e9las, a conduit \u00e0 de nombreuses positions diff\u00e9rentes, plus ou moins extr\u00eames, et a largement contribu\u00e9 \u00e0 la confusion dans la marche collective des assembl\u00e9es T. W. Dans son livre The History of the Brethren (L\u2019Histoire des Fr\u00e8res), N. No\u00ebl apporte des \u00e9l\u00e9ments utiles sur cet important sujet.<\/p>\n","protected":false},"featured_media":243,"template":"","meta":{"ocean_post_layout":"","ocean_both_sidebars_style":"","ocean_both_sidebars_content_width":0,"ocean_both_sidebars_sidebars_width":0,"ocean_sidebar":"0","ocean_second_sidebar":"0","ocean_disable_margins":"enable","ocean_add_body_class":"","ocean_shortcode_before_top_bar":"","ocean_shortcode_after_top_bar":"","ocean_shortcode_before_header":"","ocean_shortcode_after_header":"","ocean_has_shortcode":"","ocean_shortcode_after_title":"","ocean_shortcode_before_footer_widgets":"","ocean_shortcode_after_footer_widgets":"","ocean_shortcode_before_footer_bottom":"","ocean_shortcode_after_footer_bottom":"","ocean_display_top_bar":"default","ocean_display_header":"default","ocean_header_style":"","ocean_center_header_left_menu":"0","ocean_custom_header_template":"0","ocean_custom_logo":0,"ocean_custom_retina_logo":0,"ocean_custom_logo_max_width":0,"ocean_custom_logo_tablet_max_width":0,"ocean_custom_logo_mobile_max_width":0,"ocean_custom_logo_max_height":0,"ocean_custom_logo_tablet_max_height":0,"ocean_custom_logo_mobile_max_height":0,"ocean_header_custom_menu":"0","ocean_menu_typo_font_family":"0","ocean_menu_typo_font_subset":"","ocean_menu_typo_font_size":0,"ocean_menu_typo_font_size_tablet":0,"ocean_menu_typo_font_size_mobile":0,"ocean_menu_typo_font_size_unit":"px","ocean_menu_typo_font_weight":"","ocean_menu_typo_font_weight_tablet":"","ocean_menu_typo_font_weight_mobile":"","ocean_menu_typo_transform":"","ocean_menu_typo_transform_tablet":"","ocean_menu_typo_transform_mobile":"","ocean_menu_typo_line_height":0,"ocean_menu_typo_line_height_tablet":0,"ocean_menu_typo_line_height_mobile":0,"ocean_menu_typo_line_height_unit":"","ocean_menu_typo_spacing":0,"ocean_menu_typo_spacing_tablet":0,"ocean_menu_typo_spacing_mobile":0,"ocean_menu_typo_spacing_unit":"","ocean_menu_link_color":"","ocean_menu_link_color_hover":"","ocean_menu_link_color_active":"","ocean_menu_link_background":"","ocean_menu_link_hover_background":"","ocean_menu_link_active_background":"","ocean_menu_social_links_bg":"","ocean_menu_social_hover_links_bg":"","ocean_menu_social_links_color":"","ocean_menu_social_hover_links_color":"","ocean_disable_title":"default","ocean_disable_heading":"default","ocean_post_title":"","ocean_post_subheading":"","ocean_post_title_style":"","ocean_post_title_background_color":"","ocean_post_title_background":0,"ocean_post_title_bg_image_position":"","ocean_post_title_bg_image_attachment":"","ocean_post_title_bg_image_repeat":"","ocean_post_title_bg_image_size":"","ocean_post_title_height":0,"ocean_post_title_bg_overlay":0.5,"ocean_post_title_bg_overlay_color":"","ocean_disable_breadcrumbs":"default","ocean_breadcrumbs_color":"","ocean_breadcrumbs_separator_color":"","ocean_breadcrumbs_links_color":"","ocean_breadcrumbs_links_hover_color":"","ocean_display_footer_widgets":"default","ocean_display_footer_bottom":"default","ocean_custom_footer_template":"0"},"product_brand":[38],"product_cat":[22],"product_tag":[40],"class_list":{"0":"post-242","1":"product","2":"type-product","3":"status-publish","4":"has-post-thumbnail","6":"product_brand-moy","7":"product_cat-div","8":"product_tag-doc","10":"entry","11":"has-media","13":"first","14":"outofstock","15":"taxable","16":"shipping-taxable","17":"purchasable","18":"product-type-simple","19":"has-product-nav","20":"col","21":"span_1_of_6","22":"owp-content-center","23":"owp-thumbs-layout-horizontal","24":"owp-btn-normal","25":"owp-tabs-layout-horizontal","26":"has-no-thumbnails"},"_links":{"self":[{"href":"https:\/\/biblivres.fr\/index.php\/wp-json\/wp\/v2\/product\/242","targetHints":{"allow":["GET"]}}],"collection":[{"href":"https:\/\/biblivres.fr\/index.php\/wp-json\/wp\/v2\/product"}],"about":[{"href":"https:\/\/biblivres.fr\/index.php\/wp-json\/wp\/v2\/types\/product"}],"wp:featuredmedia":[{"embeddable":true,"href":"https:\/\/biblivres.fr\/index.php\/wp-json\/wp\/v2\/media\/243"}],"wp:attachment":[{"href":"https:\/\/biblivres.fr\/index.php\/wp-json\/wp\/v2\/media?parent=242"}],"wp:term":[{"taxonomy":"product_brand","embeddable":true,"href":"https:\/\/biblivres.fr\/index.php\/wp-json\/wp\/v2\/product_brand?post=242"},{"taxonomy":"product_cat","embeddable":true,"href":"https:\/\/biblivres.fr\/index.php\/wp-json\/wp\/v2\/product_cat?post=242"},{"taxonomy":"product_tag","embeddable":true,"href":"https:\/\/biblivres.fr\/index.php\/wp-json\/wp\/v2\/product_tag?post=242"}],"curies":[{"name":"wp","href":"https:\/\/api.w.org\/{rel}","templated":true}]}}