{"id":244,"date":"2026-02-06T11:04:32","date_gmt":"2026-02-06T11:04:32","guid":{"rendered":"https:\/\/biblivres.fr\/index.php\/product\/la-division-tunbridge-wells\/"},"modified":"2026-02-11T21:45:58","modified_gmt":"2026-02-11T21:45:58","slug":"la-division-tunbridge-wells","status":"publish","type":"product","link":"https:\/\/biblivres.fr\/index.php\/product\/la-division-tunbridge-wells\/","title":{"rendered":"La division Tunbridge Wells"},"content":{"rendered":"<p>La question de la division \u00ab\u00a0Tunbridge Wells\u00a0\u00bb (TW) de 1909 a pr\u00e9occup\u00e9 plusieurs. Quelle est l\u2019origine de cette triste division\u00a0? Quels en sont les \u00e9l\u00e9ments doctrinaux ou moraux essentiels\u00a0? On trouvera r\u00e9ponse \u00e0 ces questions dans l\u2019ouvrage de N. No\u00ebl, The History of the Brethren (L\u2019histoire des Fr\u00e8res). Elle a commenc\u00e9 par un esprit d\u2019intol\u00e9rance entre fr\u00e8res, puis a progressivement d\u00e9riv\u00e9 vers un enseignement excessif et faux\u00a0: l\u2019acceptation inconditionnelle de d\u00e9cisions d\u2019assembl\u00e9e.<br \/>\nComme N. No\u00ebl explique, \u00ab\u00a0\u00c0 la suite de la division \u00ab\u00a0Tunbridge Wells\u00a0\u00bb de 1909, une longue s\u00e9rie de br\u00e8ches d\u00e9plorables et d\u00e9sastreuses prirent place parmi ceux qui avaient soutenu 41 York Road, \u00e0 T. W., montrant qu\u2019ils avaient perdu le chemin et avaient d\u00e9riv\u00e9. Ils avaient dit qu\u2019ils voulaient suivre T. W. parce que toutes les d\u00e9cisions d\u2019assembl\u00e9es, justes ou fausses, devaient \u00eatre reconnues et accept\u00e9es. Mais, apr\u00e8s qu\u2019une d\u00e9cennie soit pass\u00e9e, ils renvers\u00e8rent leur position, et depuis lors, aucune branche des fr\u00e8res, except\u00e9 la branche Stuart, n\u2019a refus\u00e9 autant de d\u00e9cisions d\u2019assembl\u00e9es, si bien que ces deux branches sont celles qui sont le plus divis\u00e9es.\u00a0\u00bb (N. No\u00ebl, The History of the Brethren, p.665).<br \/>\nC\u2019est le Seigneur qui est Chef, sur toutes choses, \u00e0 l\u2019Assembl\u00e9e. Ce n\u2019est pas un groupe de fr\u00e8res, de conducteurs, ou d\u2019anciens, ni m\u00eame une assembl\u00e9e locale. Il ne sera donc pas difficile pour une assembl\u00e9e qui d\u00e9sire se tenir sur le terrain de l\u2019unit\u00e9 du corps, de montrer, si elle agit dans la d\u00e9pendance du Seigneur, qu\u2019elle l\u2019a fait avec Lui. Ainsi, les assembl\u00e9es, conduites par l\u2019Esprit et non pas par la chair, seront capables de marcher ensemble dans la v\u00e9rit\u00e9 et dans l\u2019unit\u00e9.<\/p>\n","protected":false},"excerpt":{"rendered":"<p>La question de la division \u00ab\u00a0Tunbridge Wells\u00a0\u00bb (TW) de 1909 a pr\u00e9occup\u00e9 plusieurs. Quelle est l\u2019origine de cette triste division\u00a0? Quels en sont les \u00e9l\u00e9ments doctrinaux ou moraux essentiels\u00a0? On trouvera r\u00e9ponse \u00e0 ces questions dans l\u2019ouvrage de N. No\u00ebl, The History of the Brethren (L\u2019histoire des Fr\u00e8res). Elle a commenc\u00e9 par un esprit d\u2019intol\u00e9rance entre fr\u00e8res, puis a progressivement d\u00e9riv\u00e9 vers un enseignement excessif et faux\u00a0: l\u2019acceptation inconditionnelle de d\u00e9cisions d\u2019assembl\u00e9e.<br \/>\nComme N. No\u00ebl explique, \u00ab\u00a0\u00c0 la suite de la division \u00ab\u00a0Tunbridge Wells\u00a0\u00bb de 1909, une longue s\u00e9rie de br\u00e8ches d\u00e9plorables et d\u00e9sastreuses prirent place parmi ceux qui avaient soutenu 41 York Road, \u00e0 T. W., montrant qu\u2019ils avaient perdu le chemin et avaient d\u00e9riv\u00e9. Ils avaient dit qu\u2019ils voulaient suivre T. W. parce que toutes les d\u00e9cisions d\u2019assembl\u00e9es, justes ou fausses, devaient \u00eatre reconnues et accept\u00e9es. Mais, apr\u00e8s qu\u2019une d\u00e9cennie soit pass\u00e9e, ils renvers\u00e8rent leur position, et depuis lors, aucune branche des fr\u00e8res, except\u00e9 la branche Stuart, n\u2019a refus\u00e9 autant de d\u00e9cisions d\u2019assembl\u00e9es, si bien que ces deux branches sont celles qui sont le plus divis\u00e9es.\u00a0\u00bb (N. No\u00ebl, The History of the Brethren, p.665).<br \/>\nC\u2019est le Seigneur qui est Chef, sur toutes choses, \u00e0 l\u2019Assembl\u00e9e. Ce n\u2019est pas un groupe de fr\u00e8res, de conducteurs, ou d\u2019anciens, ni m\u00eame une assembl\u00e9e locale. Il ne sera donc pas difficile pour une assembl\u00e9e qui d\u00e9sire se tenir sur le terrain de l\u2019unit\u00e9 du corps, de montrer, si elle agit dans la d\u00e9pendance du Seigneur, qu\u2019elle l\u2019a fait avec Lui. Ainsi, les assembl\u00e9es, conduites par l\u2019Esprit et non pas par la chair, seront capables de marcher ensemble dans la v\u00e9rit\u00e9 et dans l\u2019unit\u00e9.<\/p>\n","protected":false},"featured_media":245,"template":"","meta":{"ocean_post_layout":"","ocean_both_sidebars_style":"","ocean_both_sidebars_content_width":0,"ocean_both_sidebars_sidebars_width":0,"ocean_sidebar":"0","ocean_second_sidebar":"0","ocean_disable_margins":"enable","ocean_add_body_class":"","ocean_shortcode_before_top_bar":"","ocean_shortcode_after_top_bar":"","ocean_shortcode_before_header":"","ocean_shortcode_after_header":"","ocean_has_shortcode":"","ocean_shortcode_after_title":"","ocean_shortcode_before_footer_widgets":"","ocean_shortcode_after_footer_widgets":"","ocean_shortcode_before_footer_bottom":"","ocean_shortcode_after_footer_bottom":"","ocean_display_top_bar":"default","ocean_display_header":"default","ocean_header_style":"","ocean_center_header_left_menu":"0","ocean_custom_header_template":"0","ocean_custom_logo":0,"ocean_custom_retina_logo":0,"ocean_custom_logo_max_width":0,"ocean_custom_logo_tablet_max_width":0,"ocean_custom_logo_mobile_max_width":0,"ocean_custom_logo_max_height":0,"ocean_custom_logo_tablet_max_height":0,"ocean_custom_logo_mobile_max_height":0,"ocean_header_custom_menu":"0","ocean_menu_typo_font_family":"0","ocean_menu_typo_font_subset":"","ocean_menu_typo_font_size":0,"ocean_menu_typo_font_size_tablet":0,"ocean_menu_typo_font_size_mobile":0,"ocean_menu_typo_font_size_unit":"px","ocean_menu_typo_font_weight":"","ocean_menu_typo_font_weight_tablet":"","ocean_menu_typo_font_weight_mobile":"","ocean_menu_typo_transform":"","ocean_menu_typo_transform_tablet":"","ocean_menu_typo_transform_mobile":"","ocean_menu_typo_line_height":0,"ocean_menu_typo_line_height_tablet":0,"ocean_menu_typo_line_height_mobile":0,"ocean_menu_typo_line_height_unit":"","ocean_menu_typo_spacing":0,"ocean_menu_typo_spacing_tablet":0,"ocean_menu_typo_spacing_mobile":0,"ocean_menu_typo_spacing_unit":"","ocean_menu_link_color":"","ocean_menu_link_color_hover":"","ocean_menu_link_color_active":"","ocean_menu_link_background":"","ocean_menu_link_hover_background":"","ocean_menu_link_active_background":"","ocean_menu_social_links_bg":"","ocean_menu_social_hover_links_bg":"","ocean_menu_social_links_color":"","ocean_menu_social_hover_links_color":"","ocean_disable_title":"default","ocean_disable_heading":"default","ocean_post_title":"","ocean_post_subheading":"","ocean_post_title_style":"","ocean_post_title_background_color":"","ocean_post_title_background":0,"ocean_post_title_bg_image_position":"","ocean_post_title_bg_image_attachment":"","ocean_post_title_bg_image_repeat":"","ocean_post_title_bg_image_size":"","ocean_post_title_height":0,"ocean_post_title_bg_overlay":0.5,"ocean_post_title_bg_overlay_color":"","ocean_disable_breadcrumbs":"default","ocean_breadcrumbs_color":"","ocean_breadcrumbs_separator_color":"","ocean_breadcrumbs_links_color":"","ocean_breadcrumbs_links_hover_color":"","ocean_display_footer_widgets":"default","ocean_display_footer_bottom":"default","ocean_custom_footer_template":"0"},"product_brand":[38],"product_cat":[22],"product_tag":[40],"class_list":{"0":"post-244","1":"product","2":"type-product","3":"status-publish","4":"has-post-thumbnail","6":"product_brand-moy","7":"product_cat-div","8":"product_tag-doc","10":"entry","11":"has-media","13":"first","14":"outofstock","15":"taxable","16":"shipping-taxable","17":"purchasable","18":"product-type-simple","19":"has-product-nav","20":"col","21":"span_1_of_6","22":"owp-content-center","23":"owp-thumbs-layout-horizontal","24":"owp-btn-normal","25":"owp-tabs-layout-horizontal","26":"has-no-thumbnails"},"_links":{"self":[{"href":"https:\/\/biblivres.fr\/index.php\/wp-json\/wp\/v2\/product\/244","targetHints":{"allow":["GET"]}}],"collection":[{"href":"https:\/\/biblivres.fr\/index.php\/wp-json\/wp\/v2\/product"}],"about":[{"href":"https:\/\/biblivres.fr\/index.php\/wp-json\/wp\/v2\/types\/product"}],"wp:featuredmedia":[{"embeddable":true,"href":"https:\/\/biblivres.fr\/index.php\/wp-json\/wp\/v2\/media\/245"}],"wp:attachment":[{"href":"https:\/\/biblivres.fr\/index.php\/wp-json\/wp\/v2\/media?parent=244"}],"wp:term":[{"taxonomy":"product_brand","embeddable":true,"href":"https:\/\/biblivres.fr\/index.php\/wp-json\/wp\/v2\/product_brand?post=244"},{"taxonomy":"product_cat","embeddable":true,"href":"https:\/\/biblivres.fr\/index.php\/wp-json\/wp\/v2\/product_cat?post=244"},{"taxonomy":"product_tag","embeddable":true,"href":"https:\/\/biblivres.fr\/index.php\/wp-json\/wp\/v2\/product_tag?post=244"}],"curies":[{"name":"wp","href":"https:\/\/api.w.org\/{rel}","templated":true}]}}