{"id":250,"date":"2026-02-06T11:05:04","date_gmt":"2026-02-06T11:05:04","guid":{"rendered":"https:\/\/biblivres.fr\/index.php\/product\/le-lien-du-mariage\/"},"modified":"2026-02-11T21:45:20","modified_gmt":"2026-02-11T21:45:20","slug":"le-lien-du-mariage","status":"publish","type":"product","link":"https:\/\/biblivres.fr\/index.php\/product\/le-lien-du-mariage\/","title":{"rendered":"Le lien du mariage"},"content":{"rendered":"<p>La question du mariage est un sujet s\u00e9rieux qui touche \u00e0 l\u2019ordre de Dieu dans sa cr\u00e9ation. Chacun est directement et personnellement concern\u00e9 par ce sujet. Aujourd\u2019hui, dans un monde qui rejette Dieu et au milieu d\u2019une chr\u00e9tient\u00e9 professante g\u00e9n\u00e9ralement formelle et sans vie, le respect cette institution divine a consid\u00e9rablement baiss\u00e9. Les divorces populaires et courants d\u2019aujourd\u2019hui sont incompatibles avec ce que Dieu nous enseigne dans sa Parole.<br \/>\nLes chr\u00e9tiens authentiques, qui ont plac\u00e9 leur confiance en Dieu et ont accept\u00e9 par la foi de l\u2019\u0153uvre r\u00e9demptrice de J\u00e9sus Christ, re\u00e7oivent une vie divine qui leur donne la capacit\u00e9 de plaire \u00e0 Dieu dans leur vie pratique de tous les jours. Cela donne g\u00e9n\u00e9ralement un stabilit\u00e9 remarquable aux couples chr\u00e9tiens.<br \/>\nCe volume rassemble divers documents importants, d\u2019\u00e9poques diff\u00e9rentes, sur la question du mariage du divorce et du remariage. Nous pensons que ces documents seront utiles au lecteur pour lui faire comprendre l\u2019enseignement simple et clair de la Parole Dieu sur ce sujet.<\/p>\n","protected":false},"excerpt":{"rendered":"<p>La question du mariage est un sujet s\u00e9rieux qui touche \u00e0 l\u2019ordre de Dieu dans sa cr\u00e9ation. Chacun est directement et personnellement concern\u00e9 par ce sujet. Aujourd\u2019hui, dans un monde qui rejette Dieu et au milieu d\u2019une chr\u00e9tient\u00e9 professante g\u00e9n\u00e9ralement formelle et sans vie, le respect cette institution divine a consid\u00e9rablement baiss\u00e9. Les divorces populaires et courants d\u2019aujourd\u2019hui sont incompatibles avec ce que Dieu nous enseigne dans sa Parole.<br \/>\nLes chr\u00e9tiens authentiques, qui ont plac\u00e9 leur confiance en Dieu et ont accept\u00e9 par la foi de l\u2019\u0153uvre r\u00e9demptrice de J\u00e9sus Christ, re\u00e7oivent une vie divine qui leur donne la capacit\u00e9 de plaire \u00e0 Dieu dans leur vie pratique de tous les jours. Cela donne g\u00e9n\u00e9ralement un stabilit\u00e9 remarquable aux couples chr\u00e9tiens.<br \/>\nCe volume rassemble divers documents importants, d\u2019\u00e9poques diff\u00e9rentes, sur la question du mariage du divorce et du remariage. Nous pensons que ces documents seront utiles au lecteur pour lui faire comprendre l\u2019enseignement simple et clair de la Parole Dieu sur ce sujet.<\/p>\n","protected":false},"featured_media":251,"template":"","meta":{"ocean_post_layout":"","ocean_both_sidebars_style":"","ocean_both_sidebars_content_width":0,"ocean_both_sidebars_sidebars_width":0,"ocean_sidebar":"0","ocean_second_sidebar":"0","ocean_disable_margins":"enable","ocean_add_body_class":"","ocean_shortcode_before_top_bar":"","ocean_shortcode_after_top_bar":"","ocean_shortcode_before_header":"","ocean_shortcode_after_header":"","ocean_has_shortcode":"","ocean_shortcode_after_title":"","ocean_shortcode_before_footer_widgets":"","ocean_shortcode_after_footer_widgets":"","ocean_shortcode_before_footer_bottom":"","ocean_shortcode_after_footer_bottom":"","ocean_display_top_bar":"default","ocean_display_header":"default","ocean_header_style":"","ocean_center_header_left_menu":"0","ocean_custom_header_template":"0","ocean_custom_logo":0,"ocean_custom_retina_logo":0,"ocean_custom_logo_max_width":0,"ocean_custom_logo_tablet_max_width":0,"ocean_custom_logo_mobile_max_width":0,"ocean_custom_logo_max_height":0,"ocean_custom_logo_tablet_max_height":0,"ocean_custom_logo_mobile_max_height":0,"ocean_header_custom_menu":"0","ocean_menu_typo_font_family":"0","ocean_menu_typo_font_subset":"","ocean_menu_typo_font_size":0,"ocean_menu_typo_font_size_tablet":0,"ocean_menu_typo_font_size_mobile":0,"ocean_menu_typo_font_size_unit":"px","ocean_menu_typo_font_weight":"","ocean_menu_typo_font_weight_tablet":"","ocean_menu_typo_font_weight_mobile":"","ocean_menu_typo_transform":"","ocean_menu_typo_transform_tablet":"","ocean_menu_typo_transform_mobile":"","ocean_menu_typo_line_height":0,"ocean_menu_typo_line_height_tablet":0,"ocean_menu_typo_line_height_mobile":0,"ocean_menu_typo_line_height_unit":"","ocean_menu_typo_spacing":0,"ocean_menu_typo_spacing_tablet":0,"ocean_menu_typo_spacing_mobile":0,"ocean_menu_typo_spacing_unit":"","ocean_menu_link_color":"","ocean_menu_link_color_hover":"","ocean_menu_link_color_active":"","ocean_menu_link_background":"","ocean_menu_link_hover_background":"","ocean_menu_link_active_background":"","ocean_menu_social_links_bg":"","ocean_menu_social_hover_links_bg":"","ocean_menu_social_links_color":"","ocean_menu_social_hover_links_color":"","ocean_disable_title":"default","ocean_disable_heading":"default","ocean_post_title":"","ocean_post_subheading":"","ocean_post_title_style":"","ocean_post_title_background_color":"","ocean_post_title_background":0,"ocean_post_title_bg_image_position":"","ocean_post_title_bg_image_attachment":"","ocean_post_title_bg_image_repeat":"","ocean_post_title_bg_image_size":"","ocean_post_title_height":0,"ocean_post_title_bg_overlay":0.5,"ocean_post_title_bg_overlay_color":"","ocean_disable_breadcrumbs":"default","ocean_breadcrumbs_color":"","ocean_breadcrumbs_separator_color":"","ocean_breadcrumbs_links_color":"","ocean_breadcrumbs_links_hover_color":"","ocean_display_footer_widgets":"default","ocean_display_footer_bottom":"default","ocean_custom_footer_template":"0"},"product_brand":[37],"product_cat":[22,16],"product_tag":[40],"class_list":{"0":"post-250","1":"product","2":"type-product","3":"status-publish","4":"has-post-thumbnail","6":"product_brand-fac","7":"product_cat-div","8":"product_cat-edi","9":"product_tag-doc","11":"entry","12":"has-media","14":"first","15":"outofstock","16":"taxable","17":"shipping-taxable","18":"purchasable","19":"product-type-simple","20":"has-product-nav","21":"col","22":"span_1_of_6","23":"owp-content-center","24":"owp-thumbs-layout-horizontal","25":"owp-btn-normal","26":"owp-tabs-layout-horizontal","27":"has-no-thumbnails"},"_links":{"self":[{"href":"https:\/\/biblivres.fr\/index.php\/wp-json\/wp\/v2\/product\/250","targetHints":{"allow":["GET"]}}],"collection":[{"href":"https:\/\/biblivres.fr\/index.php\/wp-json\/wp\/v2\/product"}],"about":[{"href":"https:\/\/biblivres.fr\/index.php\/wp-json\/wp\/v2\/types\/product"}],"wp:featuredmedia":[{"embeddable":true,"href":"https:\/\/biblivres.fr\/index.php\/wp-json\/wp\/v2\/media\/251"}],"wp:attachment":[{"href":"https:\/\/biblivres.fr\/index.php\/wp-json\/wp\/v2\/media?parent=250"}],"wp:term":[{"taxonomy":"product_brand","embeddable":true,"href":"https:\/\/biblivres.fr\/index.php\/wp-json\/wp\/v2\/product_brand?post=250"},{"taxonomy":"product_cat","embeddable":true,"href":"https:\/\/biblivres.fr\/index.php\/wp-json\/wp\/v2\/product_cat?post=250"},{"taxonomy":"product_tag","embeddable":true,"href":"https:\/\/biblivres.fr\/index.php\/wp-json\/wp\/v2\/product_tag?post=250"}],"curies":[{"name":"wp","href":"https:\/\/api.w.org\/{rel}","templated":true}]}}