{"id":252,"date":"2026-02-06T11:05:15","date_gmt":"2026-02-06T11:05:15","guid":{"rendered":"https:\/\/biblivres.fr\/index.php\/product\/dates-et-chronologie-de-lecriture\/"},"modified":"2026-02-11T21:45:10","modified_gmt":"2026-02-11T21:45:10","slug":"dates-et-chronologie-de-lecriture","status":"publish","type":"product","link":"https:\/\/biblivres.fr\/index.php\/product\/dates-et-chronologie-de-lecriture\/","title":{"rendered":"Dates et chronologie de l&rsquo;\u00c9criture"},"content":{"rendered":"<p>Pour comprendre l\u2019encha\u00eenement des rep\u00e8res chronologiques dans le temps dans la Parole de Dieu, il faut la lire et la m\u00e9diter avec humilit\u00e9, soin et d\u00e9pendance. Malgr\u00e9 la pr\u00e9sence de quelques silences \u00e0 de rares endroits, un patient travail conduit \u00e0 un aper\u00e7u g\u00e9n\u00e9ral des voies de Dieu sur la terre dans le temps, depuis la cr\u00e9ation.<br \/>\nUne tr\u00e8s grande partie des \u00e9l\u00e9ments sur lesquels se reposent les chronologistes sont impr\u00e9cis, voire futiles. Pour cette raison, la plupart ne sont pas d\u2019accord entre eux. La seule base fiable et exacte reste la Parole de Dieu, parce qu\u2019elle est inspir\u00e9e de Dieu qui ne se trompe jamais. L\u2019examen de nombreux \u00e9l\u00e9ments ext\u00e9rieurs \u00e0 la Parole de Dieu montre que seule la Parole de Dieu est juste et fiable, et que seul notre Dieu est digne de confiance.<\/p>\n","protected":false},"excerpt":{"rendered":"<p>Pour comprendre l\u2019encha\u00eenement des rep\u00e8res chronologiques dans le temps dans la Parole de Dieu, il faut la lire et la m\u00e9diter avec humilit\u00e9, soin et d\u00e9pendance. Malgr\u00e9 la pr\u00e9sence de quelques silences \u00e0 de rares endroits, un patient travail conduit \u00e0 un aper\u00e7u g\u00e9n\u00e9ral des voies de Dieu sur la terre dans le temps, depuis la cr\u00e9ation.<br \/>\nUne tr\u00e8s grande partie des \u00e9l\u00e9ments sur lesquels se reposent les chronologistes sont impr\u00e9cis, voire futiles. Pour cette raison, la plupart ne sont pas d\u2019accord entre eux. La seule base fiable et exacte reste la Parole de Dieu, parce qu\u2019elle est inspir\u00e9e de Dieu qui ne se trompe jamais. L\u2019examen de nombreux \u00e9l\u00e9ments ext\u00e9rieurs \u00e0 la Parole de Dieu montre que seule la Parole de Dieu est juste et fiable, et que seul notre Dieu est digne de confiance.<\/p>\n","protected":false},"featured_media":253,"template":"","meta":{"ocean_post_layout":"","ocean_both_sidebars_style":"","ocean_both_sidebars_content_width":0,"ocean_both_sidebars_sidebars_width":0,"ocean_sidebar":"0","ocean_second_sidebar":"0","ocean_disable_margins":"enable","ocean_add_body_class":"","ocean_shortcode_before_top_bar":"","ocean_shortcode_after_top_bar":"","ocean_shortcode_before_header":"","ocean_shortcode_after_header":"","ocean_has_shortcode":"","ocean_shortcode_after_title":"","ocean_shortcode_before_footer_widgets":"","ocean_shortcode_after_footer_widgets":"","ocean_shortcode_before_footer_bottom":"","ocean_shortcode_after_footer_bottom":"","ocean_display_top_bar":"default","ocean_display_header":"default","ocean_header_style":"","ocean_center_header_left_menu":"0","ocean_custom_header_template":"0","ocean_custom_logo":0,"ocean_custom_retina_logo":0,"ocean_custom_logo_max_width":0,"ocean_custom_logo_tablet_max_width":0,"ocean_custom_logo_mobile_max_width":0,"ocean_custom_logo_max_height":0,"ocean_custom_logo_tablet_max_height":0,"ocean_custom_logo_mobile_max_height":0,"ocean_header_custom_menu":"0","ocean_menu_typo_font_family":"0","ocean_menu_typo_font_subset":"","ocean_menu_typo_font_size":0,"ocean_menu_typo_font_size_tablet":0,"ocean_menu_typo_font_size_mobile":0,"ocean_menu_typo_font_size_unit":"px","ocean_menu_typo_font_weight":"","ocean_menu_typo_font_weight_tablet":"","ocean_menu_typo_font_weight_mobile":"","ocean_menu_typo_transform":"","ocean_menu_typo_transform_tablet":"","ocean_menu_typo_transform_mobile":"","ocean_menu_typo_line_height":0,"ocean_menu_typo_line_height_tablet":0,"ocean_menu_typo_line_height_mobile":0,"ocean_menu_typo_line_height_unit":"","ocean_menu_typo_spacing":0,"ocean_menu_typo_spacing_tablet":0,"ocean_menu_typo_spacing_mobile":0,"ocean_menu_typo_spacing_unit":"","ocean_menu_link_color":"","ocean_menu_link_color_hover":"","ocean_menu_link_color_active":"","ocean_menu_link_background":"","ocean_menu_link_hover_background":"","ocean_menu_link_active_background":"","ocean_menu_social_links_bg":"","ocean_menu_social_hover_links_bg":"","ocean_menu_social_links_color":"","ocean_menu_social_hover_links_color":"","ocean_disable_title":"default","ocean_disable_heading":"default","ocean_post_title":"","ocean_post_subheading":"","ocean_post_title_style":"","ocean_post_title_background_color":"","ocean_post_title_background":0,"ocean_post_title_bg_image_position":"","ocean_post_title_bg_image_attachment":"","ocean_post_title_bg_image_repeat":"","ocean_post_title_bg_image_size":"","ocean_post_title_height":0,"ocean_post_title_bg_overlay":0.5,"ocean_post_title_bg_overlay_color":"","ocean_disable_breadcrumbs":"default","ocean_breadcrumbs_color":"","ocean_breadcrumbs_separator_color":"","ocean_breadcrumbs_links_color":"","ocean_breadcrumbs_links_hover_color":"","ocean_display_footer_widgets":"default","ocean_display_footer_bottom":"default","ocean_custom_footer_template":"0"},"product_brand":[37],"product_cat":[22],"product_tag":[40],"class_list":{"0":"post-252","1":"product","2":"type-product","3":"status-publish","4":"has-post-thumbnail","6":"product_brand-fac","7":"product_cat-div","8":"product_tag-doc","10":"entry","11":"has-media","13":"first","14":"instock","15":"taxable","16":"shipping-taxable","17":"purchasable","18":"product-type-simple","19":"has-product-nav","20":"col","21":"span_1_of_6","22":"owp-content-center","23":"owp-thumbs-layout-horizontal","24":"owp-btn-normal","25":"owp-tabs-layout-horizontal","26":"has-no-thumbnails"},"_links":{"self":[{"href":"https:\/\/biblivres.fr\/index.php\/wp-json\/wp\/v2\/product\/252","targetHints":{"allow":["GET"]}}],"collection":[{"href":"https:\/\/biblivres.fr\/index.php\/wp-json\/wp\/v2\/product"}],"about":[{"href":"https:\/\/biblivres.fr\/index.php\/wp-json\/wp\/v2\/types\/product"}],"wp:featuredmedia":[{"embeddable":true,"href":"https:\/\/biblivres.fr\/index.php\/wp-json\/wp\/v2\/media\/253"}],"wp:attachment":[{"href":"https:\/\/biblivres.fr\/index.php\/wp-json\/wp\/v2\/media?parent=252"}],"wp:term":[{"taxonomy":"product_brand","embeddable":true,"href":"https:\/\/biblivres.fr\/index.php\/wp-json\/wp\/v2\/product_brand?post=252"},{"taxonomy":"product_cat","embeddable":true,"href":"https:\/\/biblivres.fr\/index.php\/wp-json\/wp\/v2\/product_cat?post=252"},{"taxonomy":"product_tag","embeddable":true,"href":"https:\/\/biblivres.fr\/index.php\/wp-json\/wp\/v2\/product_tag?post=252"}],"curies":[{"name":"wp","href":"https:\/\/api.w.org\/{rel}","templated":true}]}}