{"id":254,"date":"2026-02-06T11:05:26","date_gmt":"2026-02-06T11:05:26","guid":{"rendered":"https:\/\/biblivres.fr\/index.php\/product\/lesperance-celeste\/"},"modified":"2026-02-11T21:44:59","modified_gmt":"2026-02-11T21:44:59","slug":"lesperance-celeste","status":"publish","type":"product","link":"https:\/\/biblivres.fr\/index.php\/product\/lesperance-celeste\/","title":{"rendered":"L&rsquo;esp\u00e9rance c\u00e9leste"},"content":{"rendered":"<p>W. Kelly pr\u00e9sente avec beaucoup de d\u00e9tails l\u2019esp\u00e9rance c\u00e9leste, qui sera couronn\u00e9e par la venue du Seigneur en gr\u00e2ce, sur les nu\u00e9es, pour les saints c\u00e9lestes (Jean 14\u00a0; 1 Thess. 4\u00a0; 1 Cor. 15). Elle n\u2019a rien \u00e0 voir avec un quelconque \u00e9v\u00e9nement, proche ou lointain, qui serait rattach\u00e9 \u00e0 l\u2019histoire actuelle de ce monde. Elle s\u2019adresse au c\u0153ur des vrais croyants faisant partie de l\u2019\u00e9glise et r\u00e9anime leurs affections pour le Seigneur, l\u2019\u00c9poux qui vient \u00ab\u00a0bient\u00f4t\u00a0\u00bb (Apoc. 22:16 et 20). Elle se distingue clairement de sa venue (ou plus exactement de l\u2019apparition de sa venue) en jugement, sur la terre, avec les saints c\u00e9lestes.<br \/>\nLa confusion entre ces deux venues du Seigneur, bas\u00e9e depuis tr\u00e8s longtemps sur une mauvaise traduction de 2 Thess. 2:1-2, est d\u00e9velopp\u00e9e avec beaucoup de d\u00e9tails. Les critiques plus r\u00e9centes au sujet de cette distinction scripturaire sont aussi analys\u00e9es avec soin et avec une grande clart\u00e9.<\/p>\n","protected":false},"excerpt":{"rendered":"<p>W. Kelly pr\u00e9sente avec beaucoup de d\u00e9tails l\u2019esp\u00e9rance c\u00e9leste, qui sera couronn\u00e9e par la venue du Seigneur en gr\u00e2ce, sur les nu\u00e9es, pour les saints c\u00e9lestes (Jean 14\u00a0; 1 Thess. 4\u00a0; 1 Cor. 15). Elle n\u2019a rien \u00e0 voir avec un quelconque \u00e9v\u00e9nement, proche ou lointain, qui serait rattach\u00e9 \u00e0 l\u2019histoire actuelle de ce monde. Elle s\u2019adresse au c\u0153ur des vrais croyants faisant partie de l\u2019\u00e9glise et r\u00e9anime leurs affections pour le Seigneur, l\u2019\u00c9poux qui vient \u00ab\u00a0bient\u00f4t\u00a0\u00bb (Apoc. 22:16 et 20). Elle se distingue clairement de sa venue (ou plus exactement de l\u2019apparition de sa venue) en jugement, sur la terre, avec les saints c\u00e9lestes.<br \/>\nLa confusion entre ces deux venues du Seigneur, bas\u00e9e depuis tr\u00e8s longtemps sur une mauvaise traduction de 2 Thess. 2:1-2, est d\u00e9velopp\u00e9e avec beaucoup de d\u00e9tails. Les critiques plus r\u00e9centes au sujet de cette distinction scripturaire sont aussi analys\u00e9es avec soin et avec une grande clart\u00e9.<\/p>\n","protected":false},"featured_media":255,"template":"","meta":{"ocean_post_layout":"","ocean_both_sidebars_style":"","ocean_both_sidebars_content_width":0,"ocean_both_sidebars_sidebars_width":0,"ocean_sidebar":"0","ocean_second_sidebar":"0","ocean_disable_margins":"enable","ocean_add_body_class":"","ocean_shortcode_before_top_bar":"","ocean_shortcode_after_top_bar":"","ocean_shortcode_before_header":"","ocean_shortcode_after_header":"","ocean_has_shortcode":"","ocean_shortcode_after_title":"","ocean_shortcode_before_footer_widgets":"","ocean_shortcode_after_footer_widgets":"","ocean_shortcode_before_footer_bottom":"","ocean_shortcode_after_footer_bottom":"","ocean_display_top_bar":"default","ocean_display_header":"default","ocean_header_style":"","ocean_center_header_left_menu":"0","ocean_custom_header_template":"0","ocean_custom_logo":0,"ocean_custom_retina_logo":0,"ocean_custom_logo_max_width":0,"ocean_custom_logo_tablet_max_width":0,"ocean_custom_logo_mobile_max_width":0,"ocean_custom_logo_max_height":0,"ocean_custom_logo_tablet_max_height":0,"ocean_custom_logo_mobile_max_height":0,"ocean_header_custom_menu":"0","ocean_menu_typo_font_family":"0","ocean_menu_typo_font_subset":"","ocean_menu_typo_font_size":0,"ocean_menu_typo_font_size_tablet":0,"ocean_menu_typo_font_size_mobile":0,"ocean_menu_typo_font_size_unit":"px","ocean_menu_typo_font_weight":"","ocean_menu_typo_font_weight_tablet":"","ocean_menu_typo_font_weight_mobile":"","ocean_menu_typo_transform":"","ocean_menu_typo_transform_tablet":"","ocean_menu_typo_transform_mobile":"","ocean_menu_typo_line_height":0,"ocean_menu_typo_line_height_tablet":0,"ocean_menu_typo_line_height_mobile":0,"ocean_menu_typo_line_height_unit":"","ocean_menu_typo_spacing":0,"ocean_menu_typo_spacing_tablet":0,"ocean_menu_typo_spacing_mobile":0,"ocean_menu_typo_spacing_unit":"","ocean_menu_link_color":"","ocean_menu_link_color_hover":"","ocean_menu_link_color_active":"","ocean_menu_link_background":"","ocean_menu_link_hover_background":"","ocean_menu_link_active_background":"","ocean_menu_social_links_bg":"","ocean_menu_social_hover_links_bg":"","ocean_menu_social_links_color":"","ocean_menu_social_hover_links_color":"","ocean_disable_title":"default","ocean_disable_heading":"default","ocean_post_title":"","ocean_post_subheading":"","ocean_post_title_style":"","ocean_post_title_background_color":"","ocean_post_title_background":0,"ocean_post_title_bg_image_position":"","ocean_post_title_bg_image_attachment":"","ocean_post_title_bg_image_repeat":"","ocean_post_title_bg_image_size":"","ocean_post_title_height":0,"ocean_post_title_bg_overlay":0.5,"ocean_post_title_bg_overlay_color":"","ocean_disable_breadcrumbs":"default","ocean_breadcrumbs_color":"","ocean_breadcrumbs_separator_color":"","ocean_breadcrumbs_links_color":"","ocean_breadcrumbs_links_hover_color":"","ocean_display_footer_widgets":"default","ocean_display_footer_bottom":"default","ocean_custom_footer_template":"0"},"product_brand":[37],"product_cat":[16,20],"product_tag":[33],"class_list":{"0":"post-254","1":"product","2":"type-product","3":"status-publish","4":"has-post-thumbnail","6":"product_brand-fac","7":"product_cat-edi","8":"product_cat-exh","9":"product_tag-com","11":"entry","12":"has-media","14":"first","15":"instock","16":"taxable","17":"shipping-taxable","18":"purchasable","19":"product-type-simple","20":"has-product-nav","21":"col","22":"span_1_of_6","23":"owp-content-center","24":"owp-thumbs-layout-horizontal","25":"owp-btn-normal","26":"owp-tabs-layout-horizontal","27":"has-no-thumbnails"},"_links":{"self":[{"href":"https:\/\/biblivres.fr\/index.php\/wp-json\/wp\/v2\/product\/254","targetHints":{"allow":["GET"]}}],"collection":[{"href":"https:\/\/biblivres.fr\/index.php\/wp-json\/wp\/v2\/product"}],"about":[{"href":"https:\/\/biblivres.fr\/index.php\/wp-json\/wp\/v2\/types\/product"}],"wp:featuredmedia":[{"embeddable":true,"href":"https:\/\/biblivres.fr\/index.php\/wp-json\/wp\/v2\/media\/255"}],"wp:attachment":[{"href":"https:\/\/biblivres.fr\/index.php\/wp-json\/wp\/v2\/media?parent=254"}],"wp:term":[{"taxonomy":"product_brand","embeddable":true,"href":"https:\/\/biblivres.fr\/index.php\/wp-json\/wp\/v2\/product_brand?post=254"},{"taxonomy":"product_cat","embeddable":true,"href":"https:\/\/biblivres.fr\/index.php\/wp-json\/wp\/v2\/product_cat?post=254"},{"taxonomy":"product_tag","embeddable":true,"href":"https:\/\/biblivres.fr\/index.php\/wp-json\/wp\/v2\/product_tag?post=254"}],"curies":[{"name":"wp","href":"https:\/\/api.w.org\/{rel}","templated":true}]}}