{"id":258,"date":"2026-02-06T11:05:45","date_gmt":"2026-02-06T11:05:45","guid":{"rendered":"https:\/\/biblivres.fr\/index.php\/product\/les-cieux-et-la-terre\/"},"modified":"2026-02-11T21:44:41","modified_gmt":"2026-02-11T21:44:41","slug":"les-cieux-et-la-terre","status":"publish","type":"product","link":"https:\/\/biblivres.fr\/index.php\/product\/les-cieux-et-la-terre\/","title":{"rendered":"Les cieux et la terre"},"content":{"rendered":"<p>M\u00e9ditation profonde qui englobe plusieurs aspects essentiels et actuels des voies de Dieu avec l\u2019homme ainsi que l\u2019avenir de la terre\u00a0: la gloire future des saints c\u00e9lestes, le paradis c\u00e9leste, les jugements futurs de la terre et le royaume mill\u00e9naire de Christ, la J\u00e9rusalem c\u00e9leste et la J\u00e9rusalem terrestre, la gloire divine en Isra\u00ebl au milieu des nations. Ce sujet, conduit avec beaucoup d\u2019illustrations bibliques et d\u2019explications spirituelles, \u00e9l\u00e8ve le c\u0153ur et les pens\u00e9es au-dessus des brumes de ce monde pour les porter jusque dans les sph\u00e8res c\u00e9lestes, que nous atteindrons de fait avec le retour du Seigneur en gr\u00e2ce.<\/p>\n","protected":false},"excerpt":{"rendered":"<p>M\u00e9ditation profonde qui englobe plusieurs aspects essentiels et actuels des voies de Dieu avec l\u2019homme ainsi que l\u2019avenir de la terre\u00a0: la gloire future des saints c\u00e9lestes, le paradis c\u00e9leste, les jugements futurs de la terre et le royaume mill\u00e9naire de Christ, la J\u00e9rusalem c\u00e9leste et la J\u00e9rusalem terrestre, la gloire divine en Isra\u00ebl au milieu des nations. Ce sujet, conduit avec beaucoup d\u2019illustrations bibliques et d\u2019explications spirituelles, \u00e9l\u00e8ve le c\u0153ur et les pens\u00e9es au-dessus des brumes de ce monde pour les porter jusque dans les sph\u00e8res c\u00e9lestes, que nous atteindrons de fait avec le retour du Seigneur en gr\u00e2ce.<\/p>\n","protected":false},"featured_media":259,"template":"","meta":{"ocean_post_layout":"","ocean_both_sidebars_style":"","ocean_both_sidebars_content_width":0,"ocean_both_sidebars_sidebars_width":0,"ocean_sidebar":"0","ocean_second_sidebar":"0","ocean_disable_margins":"enable","ocean_add_body_class":"","ocean_shortcode_before_top_bar":"","ocean_shortcode_after_top_bar":"","ocean_shortcode_before_header":"","ocean_shortcode_after_header":"","ocean_has_shortcode":"","ocean_shortcode_after_title":"","ocean_shortcode_before_footer_widgets":"","ocean_shortcode_after_footer_widgets":"","ocean_shortcode_before_footer_bottom":"","ocean_shortcode_after_footer_bottom":"","ocean_display_top_bar":"default","ocean_display_header":"default","ocean_header_style":"","ocean_center_header_left_menu":"0","ocean_custom_header_template":"0","ocean_custom_logo":0,"ocean_custom_retina_logo":0,"ocean_custom_logo_max_width":0,"ocean_custom_logo_tablet_max_width":0,"ocean_custom_logo_mobile_max_width":0,"ocean_custom_logo_max_height":0,"ocean_custom_logo_tablet_max_height":0,"ocean_custom_logo_mobile_max_height":0,"ocean_header_custom_menu":"0","ocean_menu_typo_font_family":"0","ocean_menu_typo_font_subset":"","ocean_menu_typo_font_size":0,"ocean_menu_typo_font_size_tablet":0,"ocean_menu_typo_font_size_mobile":0,"ocean_menu_typo_font_size_unit":"px","ocean_menu_typo_font_weight":"","ocean_menu_typo_font_weight_tablet":"","ocean_menu_typo_font_weight_mobile":"","ocean_menu_typo_transform":"","ocean_menu_typo_transform_tablet":"","ocean_menu_typo_transform_mobile":"","ocean_menu_typo_line_height":0,"ocean_menu_typo_line_height_tablet":0,"ocean_menu_typo_line_height_mobile":0,"ocean_menu_typo_line_height_unit":"","ocean_menu_typo_spacing":0,"ocean_menu_typo_spacing_tablet":0,"ocean_menu_typo_spacing_mobile":0,"ocean_menu_typo_spacing_unit":"","ocean_menu_link_color":"","ocean_menu_link_color_hover":"","ocean_menu_link_color_active":"","ocean_menu_link_background":"","ocean_menu_link_hover_background":"","ocean_menu_link_active_background":"","ocean_menu_social_links_bg":"","ocean_menu_social_hover_links_bg":"","ocean_menu_social_links_color":"","ocean_menu_social_hover_links_color":"","ocean_disable_title":"default","ocean_disable_heading":"default","ocean_post_title":"","ocean_post_subheading":"","ocean_post_title_style":"","ocean_post_title_background_color":"","ocean_post_title_background":0,"ocean_post_title_bg_image_position":"","ocean_post_title_bg_image_attachment":"","ocean_post_title_bg_image_repeat":"","ocean_post_title_bg_image_size":"","ocean_post_title_height":0,"ocean_post_title_bg_overlay":0.5,"ocean_post_title_bg_overlay_color":"","ocean_disable_breadcrumbs":"default","ocean_breadcrumbs_color":"","ocean_breadcrumbs_separator_color":"","ocean_breadcrumbs_links_color":"","ocean_breadcrumbs_links_hover_color":"","ocean_display_footer_widgets":"default","ocean_display_footer_bottom":"default","ocean_custom_footer_template":"0"},"product_brand":[37],"product_cat":[16,20],"product_tag":[33],"class_list":{"0":"post-258","1":"product","2":"type-product","3":"status-publish","4":"has-post-thumbnail","6":"product_brand-fac","7":"product_cat-edi","8":"product_cat-exh","9":"product_tag-com","11":"entry","12":"has-media","14":"first","15":"instock","16":"taxable","17":"shipping-taxable","18":"purchasable","19":"product-type-simple","20":"has-product-nav","21":"col","22":"span_1_of_6","23":"owp-content-center","24":"owp-thumbs-layout-horizontal","25":"owp-btn-normal","26":"owp-tabs-layout-horizontal","27":"has-no-thumbnails"},"_links":{"self":[{"href":"https:\/\/biblivres.fr\/index.php\/wp-json\/wp\/v2\/product\/258","targetHints":{"allow":["GET"]}}],"collection":[{"href":"https:\/\/biblivres.fr\/index.php\/wp-json\/wp\/v2\/product"}],"about":[{"href":"https:\/\/biblivres.fr\/index.php\/wp-json\/wp\/v2\/types\/product"}],"wp:featuredmedia":[{"embeddable":true,"href":"https:\/\/biblivres.fr\/index.php\/wp-json\/wp\/v2\/media\/259"}],"wp:attachment":[{"href":"https:\/\/biblivres.fr\/index.php\/wp-json\/wp\/v2\/media?parent=258"}],"wp:term":[{"taxonomy":"product_brand","embeddable":true,"href":"https:\/\/biblivres.fr\/index.php\/wp-json\/wp\/v2\/product_brand?post=258"},{"taxonomy":"product_cat","embeddable":true,"href":"https:\/\/biblivres.fr\/index.php\/wp-json\/wp\/v2\/product_cat?post=258"},{"taxonomy":"product_tag","embeddable":true,"href":"https:\/\/biblivres.fr\/index.php\/wp-json\/wp\/v2\/product_tag?post=258"}],"curies":[{"name":"wp","href":"https:\/\/api.w.org\/{rel}","templated":true}]}}