{"id":270,"date":"2026-02-06T11:06:56","date_gmt":"2026-02-06T11:06:56","guid":{"rendered":"https:\/\/biblivres.fr\/index.php\/product\/notes-sur-le-livre-de-job\/"},"modified":"2026-02-11T21:43:00","modified_gmt":"2026-02-11T21:43:00","slug":"notes-sur-le-livre-de-job","status":"publish","type":"product","link":"https:\/\/biblivres.fr\/index.php\/product\/notes-sur-le-livre-de-job\/","title":{"rendered":"Notes sur le livre de Job"},"content":{"rendered":"<p>Le livre de Job correspond \u00e0 une \u00e9poque tr\u00e8s recul\u00e9e de l\u2019histoire de l\u2019humanit\u00e9. Les nations et les peuples commen\u00e7aient \u00e0 se d\u00e9velopper \u00e0 partir de grandes familles. Ils n\u2019avaient probablement encore aucun \u00e9crit divin, si ce n\u2019est le livre de la Gen\u00e8se. Mais l\u2019histoire ancienne de l\u2019humanit\u00e9, avec ses principaux faits, se propageait pieusement de fa\u00e7on orale, comme aussi l\u2019\u00e9loignement moral de Dieu et la m\u00e9chancet\u00e9. La pi\u00e9t\u00e9 et la crainte de Dieu et la s\u00e9paration du mal \u00e9taient tr\u00e8s fortes parmi la lign\u00e9e de la foi. Ils se tenaient en garde contre l\u2019idol\u00e2trie (31:24-28), de laquelle Abram devait avoir \u00e9t\u00e9 appel\u00e9 \u00e0 sortir depuis peu (Gen. 12). Ils \u00e9taient dans une relation vivante avec leur Dieu et avaient peu de connaissance de ses voies.<br \/>\n\u00c9crit avant l\u2019alliance avec un peuple \u00e9lu, avant la loi divine, ce livre a une port\u00e9e tr\u00e8s g\u00e9n\u00e9rale. Dieu d\u00e9sire nous entretenir de questions qui concernent les croyants en tout temps et en tout lieu. Sommes-nous pr\u00eats \u00e0 \u00e9couter ces choses que Dieu d\u00e9sire tant communiquer \u00e0 nos \u00e2mes\u00a0? Pourquoi\u00a0? Pourquoi Dieu permet-il tant de souffrance et ne semble-t-il pas r\u00e9pondre alors que l\u2019\u00e2me compte sinc\u00e8rement sur Lui\u00a0? Dieu seul lui donner la r\u00e9ponse juste. Et il va apporter au c\u0153ur de Job une r\u00e9ponse selon Lui aux questions les plus profondes qu\u2019il se pose. Une r\u00e9ponse divine surprenante.<\/p>\n","protected":false},"excerpt":{"rendered":"<p>Le livre de Job correspond \u00e0 une \u00e9poque tr\u00e8s recul\u00e9e de l\u2019histoire de l\u2019humanit\u00e9. Les nations et les peuples commen\u00e7aient \u00e0 se d\u00e9velopper \u00e0 partir de grandes familles. Ils n\u2019avaient probablement encore aucun \u00e9crit divin, si ce n\u2019est le livre de la Gen\u00e8se. Mais l\u2019histoire ancienne de l\u2019humanit\u00e9, avec ses principaux faits, se propageait pieusement de fa\u00e7on orale, comme aussi l\u2019\u00e9loignement moral de Dieu et la m\u00e9chancet\u00e9. La pi\u00e9t\u00e9 et la crainte de Dieu et la s\u00e9paration du mal \u00e9taient tr\u00e8s fortes parmi la lign\u00e9e de la foi. Ils se tenaient en garde contre l\u2019idol\u00e2trie (31:24-28), de laquelle Abram devait avoir \u00e9t\u00e9 appel\u00e9 \u00e0 sortir depuis peu (Gen. 12). Ils \u00e9taient dans une relation vivante avec leur Dieu et avaient peu de connaissance de ses voies.<br \/>\n\u00c9crit avant l\u2019alliance avec un peuple \u00e9lu, avant la loi divine, ce livre a une port\u00e9e tr\u00e8s g\u00e9n\u00e9rale. Dieu d\u00e9sire nous entretenir de questions qui concernent les croyants en tout temps et en tout lieu. Sommes-nous pr\u00eats \u00e0 \u00e9couter ces choses que Dieu d\u00e9sire tant communiquer \u00e0 nos \u00e2mes\u00a0? Pourquoi\u00a0? Pourquoi Dieu permet-il tant de souffrance et ne semble-t-il pas r\u00e9pondre alors que l\u2019\u00e2me compte sinc\u00e8rement sur Lui\u00a0? Dieu seul lui donner la r\u00e9ponse juste. Et il va apporter au c\u0153ur de Job une r\u00e9ponse selon Lui aux questions les plus profondes qu\u2019il se pose. Une r\u00e9ponse divine surprenante.<\/p>\n","protected":false},"featured_media":271,"template":"","meta":{"ocean_post_layout":"","ocean_both_sidebars_style":"","ocean_both_sidebars_content_width":0,"ocean_both_sidebars_sidebars_width":0,"ocean_sidebar":"0","ocean_second_sidebar":"0","ocean_disable_margins":"enable","ocean_add_body_class":"","ocean_shortcode_before_top_bar":"","ocean_shortcode_after_top_bar":"","ocean_shortcode_before_header":"","ocean_shortcode_after_header":"","ocean_has_shortcode":"","ocean_shortcode_after_title":"","ocean_shortcode_before_footer_widgets":"","ocean_shortcode_after_footer_widgets":"","ocean_shortcode_before_footer_bottom":"","ocean_shortcode_after_footer_bottom":"","ocean_display_top_bar":"default","ocean_display_header":"default","ocean_header_style":"","ocean_center_header_left_menu":"0","ocean_custom_header_template":"0","ocean_custom_logo":0,"ocean_custom_retina_logo":0,"ocean_custom_logo_max_width":0,"ocean_custom_logo_tablet_max_width":0,"ocean_custom_logo_mobile_max_width":0,"ocean_custom_logo_max_height":0,"ocean_custom_logo_tablet_max_height":0,"ocean_custom_logo_mobile_max_height":0,"ocean_header_custom_menu":"0","ocean_menu_typo_font_family":"0","ocean_menu_typo_font_subset":"","ocean_menu_typo_font_size":0,"ocean_menu_typo_font_size_tablet":0,"ocean_menu_typo_font_size_mobile":0,"ocean_menu_typo_font_size_unit":"px","ocean_menu_typo_font_weight":"","ocean_menu_typo_font_weight_tablet":"","ocean_menu_typo_font_weight_mobile":"","ocean_menu_typo_transform":"","ocean_menu_typo_transform_tablet":"","ocean_menu_typo_transform_mobile":"","ocean_menu_typo_line_height":0,"ocean_menu_typo_line_height_tablet":0,"ocean_menu_typo_line_height_mobile":0,"ocean_menu_typo_line_height_unit":"","ocean_menu_typo_spacing":0,"ocean_menu_typo_spacing_tablet":0,"ocean_menu_typo_spacing_mobile":0,"ocean_menu_typo_spacing_unit":"","ocean_menu_link_color":"","ocean_menu_link_color_hover":"","ocean_menu_link_color_active":"","ocean_menu_link_background":"","ocean_menu_link_hover_background":"","ocean_menu_link_active_background":"","ocean_menu_social_links_bg":"","ocean_menu_social_hover_links_bg":"","ocean_menu_social_links_color":"","ocean_menu_social_hover_links_color":"","ocean_disable_title":"default","ocean_disable_heading":"default","ocean_post_title":"","ocean_post_subheading":"","ocean_post_title_style":"","ocean_post_title_background_color":"","ocean_post_title_background":0,"ocean_post_title_bg_image_position":"","ocean_post_title_bg_image_attachment":"","ocean_post_title_bg_image_repeat":"","ocean_post_title_bg_image_size":"","ocean_post_title_height":0,"ocean_post_title_bg_overlay":0.5,"ocean_post_title_bg_overlay_color":"","ocean_disable_breadcrumbs":"default","ocean_breadcrumbs_color":"","ocean_breadcrumbs_separator_color":"","ocean_breadcrumbs_links_color":"","ocean_breadcrumbs_links_hover_color":"","ocean_display_footer_widgets":"default","ocean_display_footer_bottom":"default","ocean_custom_footer_template":"0"},"product_brand":[37],"product_cat":[22],"product_tag":[40],"class_list":{"0":"post-270","1":"product","2":"type-product","3":"status-publish","4":"has-post-thumbnail","6":"product_brand-fac","7":"product_cat-div","8":"product_tag-doc","10":"entry","11":"has-media","13":"first","14":"instock","15":"taxable","16":"shipping-taxable","17":"purchasable","18":"product-type-simple","19":"has-product-nav","20":"col","21":"span_1_of_6","22":"owp-content-center","23":"owp-thumbs-layout-horizontal","24":"owp-btn-normal","25":"owp-tabs-layout-horizontal","26":"has-no-thumbnails"},"_links":{"self":[{"href":"https:\/\/biblivres.fr\/index.php\/wp-json\/wp\/v2\/product\/270","targetHints":{"allow":["GET"]}}],"collection":[{"href":"https:\/\/biblivres.fr\/index.php\/wp-json\/wp\/v2\/product"}],"about":[{"href":"https:\/\/biblivres.fr\/index.php\/wp-json\/wp\/v2\/types\/product"}],"wp:featuredmedia":[{"embeddable":true,"href":"https:\/\/biblivres.fr\/index.php\/wp-json\/wp\/v2\/media\/271"}],"wp:attachment":[{"href":"https:\/\/biblivres.fr\/index.php\/wp-json\/wp\/v2\/media?parent=270"}],"wp:term":[{"taxonomy":"product_brand","embeddable":true,"href":"https:\/\/biblivres.fr\/index.php\/wp-json\/wp\/v2\/product_brand?post=270"},{"taxonomy":"product_cat","embeddable":true,"href":"https:\/\/biblivres.fr\/index.php\/wp-json\/wp\/v2\/product_cat?post=270"},{"taxonomy":"product_tag","embeddable":true,"href":"https:\/\/biblivres.fr\/index.php\/wp-json\/wp\/v2\/product_tag?post=270"}],"curies":[{"name":"wp","href":"https:\/\/api.w.org\/{rel}","templated":true}]}}