{"id":272,"date":"2026-02-06T11:07:05","date_gmt":"2026-02-06T11:07:05","guid":{"rendered":"https:\/\/biblivres.fr\/index.php\/product\/linstitution-du-mariage\/"},"modified":"2026-02-11T21:42:52","modified_gmt":"2026-02-11T21:42:52","slug":"linstitution-du-mariage","status":"publish","type":"product","link":"https:\/\/biblivres.fr\/index.php\/product\/linstitution-du-mariage\/","title":{"rendered":"L&rsquo;institution du mariage"},"content":{"rendered":"<p>Dans ce livre, \u00e9crit plus sp\u00e9cialement pour les jeunes croyants, l&rsquo;auteur donne des recommandations bas\u00e9es sur la Parole de Dieu pour le choix d&rsquo;un conjoint, l&rsquo;\u00e9tablissement d&rsquo;un nouveau foyer et l&rsquo;\u00e9ducation d&rsquo;une famille.<br \/>\nSi nous voulons avoir de justes pens\u00e9es au sujet du mariage, il faut revenir au commencement quand Dieu institua pour la premi\u00e8re fois, entre un homme et une femme, le lien du mariage. La soci\u00e9t\u00e9 actuelle est marqu\u00e9e par une mani\u00e8re de vivre de plus en plus rel\u00e2ch\u00e9e. En cons\u00e9quence, le lien du mariage et les relations familiales sont toujours plus affaiblies autour de nous. Le chr\u00e9tien doit \u00eatre vigilant pour ne pas \u00eatre emport\u00e9 par les opinions pr\u00e9valentes d&rsquo;aujourd&rsquo;hui au sujet de ces relations donn\u00e9es par Dieu.<br \/>\nCe livre est tr\u00e8s utile, non seulement pour de jeunes croyants pr\u00e9occup\u00e9s par la question du mariage, mais aussi pour ceux plus \u00e2g\u00e9s qui doivent faire face \u00e0 leurs responsabilit\u00e9s familiales.<\/p>\n","protected":false},"excerpt":{"rendered":"<p>Dans ce livre, \u00e9crit plus sp\u00e9cialement pour les jeunes croyants, l&rsquo;auteur donne des recommandations bas\u00e9es sur la Parole de Dieu pour le choix d&rsquo;un conjoint, l&rsquo;\u00e9tablissement d&rsquo;un nouveau foyer et l&rsquo;\u00e9ducation d&rsquo;une famille.<br \/>\nSi nous voulons avoir de justes pens\u00e9es au sujet du mariage, il faut revenir au commencement quand Dieu institua pour la premi\u00e8re fois, entre un homme et une femme, le lien du mariage. La soci\u00e9t\u00e9 actuelle est marqu\u00e9e par une mani\u00e8re de vivre de plus en plus rel\u00e2ch\u00e9e. En cons\u00e9quence, le lien du mariage et les relations familiales sont toujours plus affaiblies autour de nous. Le chr\u00e9tien doit \u00eatre vigilant pour ne pas \u00eatre emport\u00e9 par les opinions pr\u00e9valentes d&rsquo;aujourd&rsquo;hui au sujet de ces relations donn\u00e9es par Dieu.<br \/>\nCe livre est tr\u00e8s utile, non seulement pour de jeunes croyants pr\u00e9occup\u00e9s par la question du mariage, mais aussi pour ceux plus \u00e2g\u00e9s qui doivent faire face \u00e0 leurs responsabilit\u00e9s familiales.<\/p>\n","protected":false},"featured_media":273,"template":"","meta":{"ocean_post_layout":"","ocean_both_sidebars_style":"","ocean_both_sidebars_content_width":0,"ocean_both_sidebars_sidebars_width":0,"ocean_sidebar":"0","ocean_second_sidebar":"0","ocean_disable_margins":"enable","ocean_add_body_class":"","ocean_shortcode_before_top_bar":"","ocean_shortcode_after_top_bar":"","ocean_shortcode_before_header":"","ocean_shortcode_after_header":"","ocean_has_shortcode":"","ocean_shortcode_after_title":"","ocean_shortcode_before_footer_widgets":"","ocean_shortcode_after_footer_widgets":"","ocean_shortcode_before_footer_bottom":"","ocean_shortcode_after_footer_bottom":"","ocean_display_top_bar":"default","ocean_display_header":"default","ocean_header_style":"","ocean_center_header_left_menu":"0","ocean_custom_header_template":"0","ocean_custom_logo":0,"ocean_custom_retina_logo":0,"ocean_custom_logo_max_width":0,"ocean_custom_logo_tablet_max_width":0,"ocean_custom_logo_mobile_max_width":0,"ocean_custom_logo_max_height":0,"ocean_custom_logo_tablet_max_height":0,"ocean_custom_logo_mobile_max_height":0,"ocean_header_custom_menu":"0","ocean_menu_typo_font_family":"0","ocean_menu_typo_font_subset":"","ocean_menu_typo_font_size":0,"ocean_menu_typo_font_size_tablet":0,"ocean_menu_typo_font_size_mobile":0,"ocean_menu_typo_font_size_unit":"px","ocean_menu_typo_font_weight":"","ocean_menu_typo_font_weight_tablet":"","ocean_menu_typo_font_weight_mobile":"","ocean_menu_typo_transform":"","ocean_menu_typo_transform_tablet":"","ocean_menu_typo_transform_mobile":"","ocean_menu_typo_line_height":0,"ocean_menu_typo_line_height_tablet":0,"ocean_menu_typo_line_height_mobile":0,"ocean_menu_typo_line_height_unit":"","ocean_menu_typo_spacing":0,"ocean_menu_typo_spacing_tablet":0,"ocean_menu_typo_spacing_mobile":0,"ocean_menu_typo_spacing_unit":"","ocean_menu_link_color":"","ocean_menu_link_color_hover":"","ocean_menu_link_color_active":"","ocean_menu_link_background":"","ocean_menu_link_hover_background":"","ocean_menu_link_active_background":"","ocean_menu_social_links_bg":"","ocean_menu_social_hover_links_bg":"","ocean_menu_social_links_color":"","ocean_menu_social_hover_links_color":"","ocean_disable_title":"default","ocean_disable_heading":"default","ocean_post_title":"","ocean_post_subheading":"","ocean_post_title_style":"","ocean_post_title_background_color":"","ocean_post_title_background":0,"ocean_post_title_bg_image_position":"","ocean_post_title_bg_image_attachment":"","ocean_post_title_bg_image_repeat":"","ocean_post_title_bg_image_size":"","ocean_post_title_height":0,"ocean_post_title_bg_overlay":0.5,"ocean_post_title_bg_overlay_color":"","ocean_disable_breadcrumbs":"default","ocean_breadcrumbs_color":"","ocean_breadcrumbs_separator_color":"","ocean_breadcrumbs_links_color":"","ocean_breadcrumbs_links_hover_color":"","ocean_display_footer_widgets":"default","ocean_display_footer_bottom":"default","ocean_custom_footer_template":"0"},"product_brand":[37],"product_cat":[16,17],"product_tag":[33],"class_list":{"0":"post-272","1":"product","2":"type-product","3":"status-publish","4":"has-post-thumbnail","6":"product_brand-fac","7":"product_cat-edi","8":"product_cat-doc","9":"product_tag-com","11":"entry","12":"has-media","14":"first","15":"instock","16":"taxable","17":"shipping-taxable","18":"purchasable","19":"product-type-simple","20":"has-product-nav","21":"col","22":"span_1_of_6","23":"owp-content-center","24":"owp-thumbs-layout-horizontal","25":"owp-btn-normal","26":"owp-tabs-layout-horizontal","27":"has-no-thumbnails"},"_links":{"self":[{"href":"https:\/\/biblivres.fr\/index.php\/wp-json\/wp\/v2\/product\/272","targetHints":{"allow":["GET"]}}],"collection":[{"href":"https:\/\/biblivres.fr\/index.php\/wp-json\/wp\/v2\/product"}],"about":[{"href":"https:\/\/biblivres.fr\/index.php\/wp-json\/wp\/v2\/types\/product"}],"wp:featuredmedia":[{"embeddable":true,"href":"https:\/\/biblivres.fr\/index.php\/wp-json\/wp\/v2\/media\/273"}],"wp:attachment":[{"href":"https:\/\/biblivres.fr\/index.php\/wp-json\/wp\/v2\/media?parent=272"}],"wp:term":[{"taxonomy":"product_brand","embeddable":true,"href":"https:\/\/biblivres.fr\/index.php\/wp-json\/wp\/v2\/product_brand?post=272"},{"taxonomy":"product_cat","embeddable":true,"href":"https:\/\/biblivres.fr\/index.php\/wp-json\/wp\/v2\/product_cat?post=272"},{"taxonomy":"product_tag","embeddable":true,"href":"https:\/\/biblivres.fr\/index.php\/wp-json\/wp\/v2\/product_tag?post=272"}],"curies":[{"name":"wp","href":"https:\/\/api.w.org\/{rel}","templated":true}]}}