{"id":298,"date":"2026-02-06T11:09:04","date_gmt":"2026-02-06T11:09:04","guid":{"rendered":"https:\/\/biblivres.fr\/index.php\/product\/remarques-sur-lunite-de-lesprit\/"},"modified":"2026-02-11T21:26:23","modified_gmt":"2026-02-11T21:26:23","slug":"remarques-sur-lunite-de-lesprit","status":"publish","type":"product","link":"https:\/\/biblivres.fr\/index.php\/product\/remarques-sur-lunite-de-lesprit\/","title":{"rendered":"Remarques sur \u00ab\u00a0L&rsquo;unit\u00e9 de l&rsquo;Esprit\u00a0\u00bb"},"content":{"rendered":"<p>Ces remarques concernent un article d\u00e9taill\u00e9 de W. Kelly bas\u00e9 sur \u00c9ph\u00e9siens 4:3 \u00ab\u00a0vous appliquant \u00e0 garder l&rsquo;unit\u00e9 de l&rsquo;Esprit par le lien de la paix\u00a0\u00bb. Bien qu\u2019il ait \u00e9t\u00e9 \u00e9crit dans un temps de trouble suscit\u00e9 par Satan pour diviser, cet article pr\u00e9sente un grand int\u00e9r\u00eat. Mais, ayant \u00e9t\u00e9 utilis\u00e9 pour justifier une marche collective rel\u00e2ch\u00e9e des saints, il n\u00e9cessite un examen et une r\u00e9flexion s\u00e9rieux, bas\u00e9s sur la Parole de Dieu ainsi que sur d\u2019autres commentaires bibliques \u00e9crits par le m\u00eame auteur. C\u2019est aussi le but de ces quelques remarques. Nous invitons le lecteur \u00e0 consulter cet important article de WK, tr\u00e8s actuel, avec soin et pri\u00e8re sous le regard de Dieu.<\/p>\n","protected":false},"excerpt":{"rendered":"<p>Ces remarques concernent un article d\u00e9taill\u00e9 de W. Kelly bas\u00e9 sur \u00c9ph\u00e9siens 4:3 \u00ab\u00a0vous appliquant \u00e0 garder l&rsquo;unit\u00e9 de l&rsquo;Esprit par le lien de la paix\u00a0\u00bb. Bien qu\u2019il ait \u00e9t\u00e9 \u00e9crit dans un temps de trouble suscit\u00e9 par Satan pour diviser, cet article pr\u00e9sente un grand int\u00e9r\u00eat. Mais, ayant \u00e9t\u00e9 utilis\u00e9 pour justifier une marche collective rel\u00e2ch\u00e9e des saints, il n\u00e9cessite un examen et une r\u00e9flexion s\u00e9rieux, bas\u00e9s sur la Parole de Dieu ainsi que sur d\u2019autres commentaires bibliques \u00e9crits par le m\u00eame auteur. C\u2019est aussi le but de ces quelques remarques. Nous invitons le lecteur \u00e0 consulter cet important article de WK, tr\u00e8s actuel, avec soin et pri\u00e8re sous le regard de Dieu.<\/p>\n","protected":false},"featured_media":299,"template":"","meta":{"ocean_post_layout":"","ocean_both_sidebars_style":"","ocean_both_sidebars_content_width":0,"ocean_both_sidebars_sidebars_width":0,"ocean_sidebar":"0","ocean_second_sidebar":"0","ocean_disable_margins":"enable","ocean_add_body_class":"","ocean_shortcode_before_top_bar":"","ocean_shortcode_after_top_bar":"","ocean_shortcode_before_header":"","ocean_shortcode_after_header":"","ocean_has_shortcode":"","ocean_shortcode_after_title":"","ocean_shortcode_before_footer_widgets":"","ocean_shortcode_after_footer_widgets":"","ocean_shortcode_before_footer_bottom":"","ocean_shortcode_after_footer_bottom":"","ocean_display_top_bar":"default","ocean_display_header":"default","ocean_header_style":"","ocean_center_header_left_menu":"0","ocean_custom_header_template":"0","ocean_custom_logo":0,"ocean_custom_retina_logo":0,"ocean_custom_logo_max_width":0,"ocean_custom_logo_tablet_max_width":0,"ocean_custom_logo_mobile_max_width":0,"ocean_custom_logo_max_height":0,"ocean_custom_logo_tablet_max_height":0,"ocean_custom_logo_mobile_max_height":0,"ocean_header_custom_menu":"0","ocean_menu_typo_font_family":"0","ocean_menu_typo_font_subset":"","ocean_menu_typo_font_size":0,"ocean_menu_typo_font_size_tablet":0,"ocean_menu_typo_font_size_mobile":0,"ocean_menu_typo_font_size_unit":"px","ocean_menu_typo_font_weight":"","ocean_menu_typo_font_weight_tablet":"","ocean_menu_typo_font_weight_mobile":"","ocean_menu_typo_transform":"","ocean_menu_typo_transform_tablet":"","ocean_menu_typo_transform_mobile":"","ocean_menu_typo_line_height":0,"ocean_menu_typo_line_height_tablet":0,"ocean_menu_typo_line_height_mobile":0,"ocean_menu_typo_line_height_unit":"","ocean_menu_typo_spacing":0,"ocean_menu_typo_spacing_tablet":0,"ocean_menu_typo_spacing_mobile":0,"ocean_menu_typo_spacing_unit":"","ocean_menu_link_color":"","ocean_menu_link_color_hover":"","ocean_menu_link_color_active":"","ocean_menu_link_background":"","ocean_menu_link_hover_background":"","ocean_menu_link_active_background":"","ocean_menu_social_links_bg":"","ocean_menu_social_hover_links_bg":"","ocean_menu_social_links_color":"","ocean_menu_social_hover_links_color":"","ocean_disable_title":"default","ocean_disable_heading":"default","ocean_post_title":"","ocean_post_subheading":"","ocean_post_title_style":"","ocean_post_title_background_color":"","ocean_post_title_background":0,"ocean_post_title_bg_image_position":"","ocean_post_title_bg_image_attachment":"","ocean_post_title_bg_image_repeat":"","ocean_post_title_bg_image_size":"","ocean_post_title_height":0,"ocean_post_title_bg_overlay":0.5,"ocean_post_title_bg_overlay_color":"","ocean_disable_breadcrumbs":"default","ocean_breadcrumbs_color":"","ocean_breadcrumbs_separator_color":"","ocean_breadcrumbs_links_color":"","ocean_breadcrumbs_links_hover_color":"","ocean_display_footer_widgets":"default","ocean_display_footer_bottom":"default","ocean_custom_footer_template":"0"},"product_brand":[37],"product_cat":[22],"product_tag":[40],"class_list":{"0":"post-298","1":"product","2":"type-product","3":"status-publish","4":"has-post-thumbnail","6":"product_brand-fac","7":"product_cat-div","8":"product_tag-doc","10":"entry","11":"has-media","13":"first","14":"instock","15":"taxable","16":"shipping-taxable","17":"purchasable","18":"product-type-simple","19":"has-product-nav","20":"col","21":"span_1_of_6","22":"owp-content-center","23":"owp-thumbs-layout-horizontal","24":"owp-btn-normal","25":"owp-tabs-layout-horizontal","26":"has-no-thumbnails"},"_links":{"self":[{"href":"https:\/\/biblivres.fr\/index.php\/wp-json\/wp\/v2\/product\/298","targetHints":{"allow":["GET"]}}],"collection":[{"href":"https:\/\/biblivres.fr\/index.php\/wp-json\/wp\/v2\/product"}],"about":[{"href":"https:\/\/biblivres.fr\/index.php\/wp-json\/wp\/v2\/types\/product"}],"wp:featuredmedia":[{"embeddable":true,"href":"https:\/\/biblivres.fr\/index.php\/wp-json\/wp\/v2\/media\/299"}],"wp:attachment":[{"href":"https:\/\/biblivres.fr\/index.php\/wp-json\/wp\/v2\/media?parent=298"}],"wp:term":[{"taxonomy":"product_brand","embeddable":true,"href":"https:\/\/biblivres.fr\/index.php\/wp-json\/wp\/v2\/product_brand?post=298"},{"taxonomy":"product_cat","embeddable":true,"href":"https:\/\/biblivres.fr\/index.php\/wp-json\/wp\/v2\/product_cat?post=298"},{"taxonomy":"product_tag","embeddable":true,"href":"https:\/\/biblivres.fr\/index.php\/wp-json\/wp\/v2\/product_tag?post=298"}],"curies":[{"name":"wp","href":"https:\/\/api.w.org\/{rel}","templated":true}]}}