{"id":300,"date":"2026-02-06T11:09:20","date_gmt":"2026-02-06T11:09:20","guid":{"rendered":"https:\/\/biblivres.fr\/index.php\/product\/les-peines-eternelles\/"},"modified":"2026-02-11T21:25:59","modified_gmt":"2026-02-11T21:25:59","slug":"les-peines-eternelles","status":"publish","type":"product","link":"https:\/\/biblivres.fr\/index.php\/product\/les-peines-eternelles\/","title":{"rendered":"Les peines \u00e9ternelles"},"content":{"rendered":"<p>Dieu nous parle franchement de sa saintet\u00e9 qui ne peut pas passer sur le p\u00e9ch\u00e9, mais il nous montre aussi sa gr\u00e2ce sans condition ni r\u00e9serve pour ceux qui viennent par la foi \u00e0 l\u2019abri de l\u2019\u0153uvre expiatoire de J\u00e9sus \u00e0 la croix. Quel enjeu pour l\u2019\u00e2me, dont l\u2019issue et la cons\u00e9quence \u00e9ternelle est d\u00e9termin\u00e9e pendant son s\u00e9jour sur la terre\u00a0! La Bible, la Parole de Dieu, ne laisse aucune cr\u00e9dibilit\u00e9 \u00e0 ceux qui veulent les nier.   \u00ab\u00a0Qui croit au Fils a la vie \u00e9ternelle ; mais qui d\u00e9sob\u00e9it au Fils ne verra pas la vie, mais la col\u00e8re de Dieu demeure sur lui\u00a0\u00bb (Jean 3:36)\u00a0; \u00ab\u00a0Et le diable&#8230; fut jet\u00e9 dans l&rsquo;\u00e9tang de feu et de soufre&#8230; et ils seront tourment\u00e9s&#8230; aux si\u00e8cles des si\u00e8cles. Et je vis&#8230; les morts, les grands et les petits, se tenant devant le tr\u00f4ne&#8230; Et les morts furent jug\u00e9s d&rsquo;apr\u00e8s les choses qui \u00e9taient \u00e9crites dans les livres, selon leurs \u0153uvres&#8230; Et si quelqu&rsquo;un n&rsquo;\u00e9tait pas trouv\u00e9 \u00e9crit dans le livre de vie, il \u00e9tait jet\u00e9 dans l&rsquo;\u00e9tang de feu\u00a0\u00bb (Apoc. 20:10-15).<\/p>\n","protected":false},"excerpt":{"rendered":"<p>Dieu nous parle franchement de sa saintet\u00e9 qui ne peut pas passer sur le p\u00e9ch\u00e9, mais il nous montre aussi sa gr\u00e2ce sans condition ni r\u00e9serve pour ceux qui viennent par la foi \u00e0 l\u2019abri de l\u2019\u0153uvre expiatoire de J\u00e9sus \u00e0 la croix. Quel enjeu pour l\u2019\u00e2me, dont l\u2019issue et la cons\u00e9quence \u00e9ternelle est d\u00e9termin\u00e9e pendant son s\u00e9jour sur la terre\u00a0! La Bible, la Parole de Dieu, ne laisse aucune cr\u00e9dibilit\u00e9 \u00e0 ceux qui veulent les nier.   \u00ab\u00a0Qui croit au Fils a la vie \u00e9ternelle ; mais qui d\u00e9sob\u00e9it au Fils ne verra pas la vie, mais la col\u00e8re de Dieu demeure sur lui\u00a0\u00bb (Jean 3:36)\u00a0; \u00ab\u00a0Et le diable&#8230; fut jet\u00e9 dans l&rsquo;\u00e9tang de feu et de soufre&#8230; et ils seront tourment\u00e9s&#8230; aux si\u00e8cles des si\u00e8cles. Et je vis&#8230; les morts, les grands et les petits, se tenant devant le tr\u00f4ne&#8230; Et les morts furent jug\u00e9s d&rsquo;apr\u00e8s les choses qui \u00e9taient \u00e9crites dans les livres, selon leurs \u0153uvres&#8230; Et si quelqu&rsquo;un n&rsquo;\u00e9tait pas trouv\u00e9 \u00e9crit dans le livre de vie, il \u00e9tait jet\u00e9 dans l&rsquo;\u00e9tang de feu\u00a0\u00bb (Apoc. 20:10-15).<\/p>\n","protected":false},"featured_media":301,"template":"","meta":{"ocean_post_layout":"","ocean_both_sidebars_style":"","ocean_both_sidebars_content_width":0,"ocean_both_sidebars_sidebars_width":0,"ocean_sidebar":"0","ocean_second_sidebar":"0","ocean_disable_margins":"enable","ocean_add_body_class":"","ocean_shortcode_before_top_bar":"","ocean_shortcode_after_top_bar":"","ocean_shortcode_before_header":"","ocean_shortcode_after_header":"","ocean_has_shortcode":"","ocean_shortcode_after_title":"","ocean_shortcode_before_footer_widgets":"","ocean_shortcode_after_footer_widgets":"","ocean_shortcode_before_footer_bottom":"","ocean_shortcode_after_footer_bottom":"","ocean_display_top_bar":"default","ocean_display_header":"default","ocean_header_style":"","ocean_center_header_left_menu":"0","ocean_custom_header_template":"0","ocean_custom_logo":0,"ocean_custom_retina_logo":0,"ocean_custom_logo_max_width":0,"ocean_custom_logo_tablet_max_width":0,"ocean_custom_logo_mobile_max_width":0,"ocean_custom_logo_max_height":0,"ocean_custom_logo_tablet_max_height":0,"ocean_custom_logo_mobile_max_height":0,"ocean_header_custom_menu":"0","ocean_menu_typo_font_family":"0","ocean_menu_typo_font_subset":"","ocean_menu_typo_font_size":0,"ocean_menu_typo_font_size_tablet":0,"ocean_menu_typo_font_size_mobile":0,"ocean_menu_typo_font_size_unit":"px","ocean_menu_typo_font_weight":"","ocean_menu_typo_font_weight_tablet":"","ocean_menu_typo_font_weight_mobile":"","ocean_menu_typo_transform":"","ocean_menu_typo_transform_tablet":"","ocean_menu_typo_transform_mobile":"","ocean_menu_typo_line_height":0,"ocean_menu_typo_line_height_tablet":0,"ocean_menu_typo_line_height_mobile":0,"ocean_menu_typo_line_height_unit":"","ocean_menu_typo_spacing":0,"ocean_menu_typo_spacing_tablet":0,"ocean_menu_typo_spacing_mobile":0,"ocean_menu_typo_spacing_unit":"","ocean_menu_link_color":"","ocean_menu_link_color_hover":"","ocean_menu_link_color_active":"","ocean_menu_link_background":"","ocean_menu_link_hover_background":"","ocean_menu_link_active_background":"","ocean_menu_social_links_bg":"","ocean_menu_social_hover_links_bg":"","ocean_menu_social_links_color":"","ocean_menu_social_hover_links_color":"","ocean_disable_title":"default","ocean_disable_heading":"default","ocean_post_title":"","ocean_post_subheading":"","ocean_post_title_style":"","ocean_post_title_background_color":"","ocean_post_title_background":0,"ocean_post_title_bg_image_position":"","ocean_post_title_bg_image_attachment":"","ocean_post_title_bg_image_repeat":"","ocean_post_title_bg_image_size":"","ocean_post_title_height":0,"ocean_post_title_bg_overlay":0.5,"ocean_post_title_bg_overlay_color":"","ocean_disable_breadcrumbs":"default","ocean_breadcrumbs_color":"","ocean_breadcrumbs_separator_color":"","ocean_breadcrumbs_links_color":"","ocean_breadcrumbs_links_hover_color":"","ocean_display_footer_widgets":"default","ocean_display_footer_bottom":"default","ocean_custom_footer_template":"0"},"product_brand":[37],"product_cat":[17],"product_tag":[33],"class_list":{"0":"post-300","1":"product","2":"type-product","3":"status-publish","4":"has-post-thumbnail","6":"product_brand-fac","7":"product_cat-doc","8":"product_tag-com","10":"entry","11":"has-media","13":"first","14":"instock","15":"taxable","16":"shipping-taxable","17":"purchasable","18":"product-type-simple","19":"has-product-nav","20":"col","21":"span_1_of_6","22":"owp-content-center","23":"owp-thumbs-layout-horizontal","24":"owp-btn-normal","25":"owp-tabs-layout-horizontal","26":"has-no-thumbnails"},"_links":{"self":[{"href":"https:\/\/biblivres.fr\/index.php\/wp-json\/wp\/v2\/product\/300","targetHints":{"allow":["GET"]}}],"collection":[{"href":"https:\/\/biblivres.fr\/index.php\/wp-json\/wp\/v2\/product"}],"about":[{"href":"https:\/\/biblivres.fr\/index.php\/wp-json\/wp\/v2\/types\/product"}],"wp:featuredmedia":[{"embeddable":true,"href":"https:\/\/biblivres.fr\/index.php\/wp-json\/wp\/v2\/media\/301"}],"wp:attachment":[{"href":"https:\/\/biblivres.fr\/index.php\/wp-json\/wp\/v2\/media?parent=300"}],"wp:term":[{"taxonomy":"product_brand","embeddable":true,"href":"https:\/\/biblivres.fr\/index.php\/wp-json\/wp\/v2\/product_brand?post=300"},{"taxonomy":"product_cat","embeddable":true,"href":"https:\/\/biblivres.fr\/index.php\/wp-json\/wp\/v2\/product_cat?post=300"},{"taxonomy":"product_tag","embeddable":true,"href":"https:\/\/biblivres.fr\/index.php\/wp-json\/wp\/v2\/product_tag?post=300"}],"curies":[{"name":"wp","href":"https:\/\/api.w.org\/{rel}","templated":true}]}}