{"id":304,"date":"2026-02-06T11:09:40","date_gmt":"2026-02-06T11:09:40","guid":{"rendered":"https:\/\/biblivres.fr\/index.php\/product\/lassemblee-et-son-ordre-selon-lecriture-couverture-rigide\/"},"modified":"2026-02-11T21:25:14","modified_gmt":"2026-02-11T21:25:14","slug":"lassemblee-et-son-ordre-selon-lecriture-couverture-rigide","status":"publish","type":"product","link":"https:\/\/biblivres.fr\/index.php\/product\/lassemblee-et-son-ordre-selon-lecriture-couverture-rigide\/","title":{"rendered":"L&rsquo;assembl\u00e9e et son ordre selon l&rsquo;\u00c9criture &#8211; couverture rigide"},"content":{"rendered":"<p>La Parole de Dieu ne r\u00e9v\u00e8le qu\u2019une seule \u00e9glise ; on n&rsquo;y trouve absolument aucune d\u00e9nomination. Pourquoi les chr\u00e9tiens imaginent-ils tant de choses qui sont en dehors de ce qu\u2019enseigne la Parole\u00a0? En contraste avec l\u2019\u00e9laboration d\u2019arrangements complexes et souvent contradictoires pour r\u00e9guler le fonctionnement de leurs \u00e9glises, l\u2019\u00c9criture donne un enseignement remarquablement simple sur l\u2019ordre de l\u2019\u00e9glise ou assembl\u00e9e de Dieu.<br \/>\nAvec simplicit\u00e9 et clart\u00e9, S. Ridout (1855-1930) montre par la Parole ce qu\u2019est v\u00e9ritablement l\u2019assembl\u00e9e, corps de Christ, et comment les chr\u00e9tiens doivent se r\u00e9unir selon la Parole. Il d\u00e9veloppe ensuite avec force de conviction des sujets pratiques souvent peu compris\u00a0: son organisation, le culte, le minist\u00e8re et la discipline. Les chr\u00e9tiens d\u00e9sireux de serrer de pr\u00e8s la Parole de Dieu sur ces sujets, en dehors de nombreuses voix contradictoires, y trouveront un enseignement remarquable et convainquant.<\/p>\n","protected":false},"excerpt":{"rendered":"<p>La Parole de Dieu ne r\u00e9v\u00e8le qu\u2019une seule \u00e9glise ; on n&rsquo;y trouve absolument aucune d\u00e9nomination. Pourquoi les chr\u00e9tiens imaginent-ils tant de choses qui sont en dehors de ce qu\u2019enseigne la Parole\u00a0? En contraste avec l\u2019\u00e9laboration d\u2019arrangements complexes et souvent contradictoires pour r\u00e9guler le fonctionnement de leurs \u00e9glises, l\u2019\u00c9criture donne un enseignement remarquablement simple sur l\u2019ordre de l\u2019\u00e9glise ou assembl\u00e9e de Dieu.<br \/>\nAvec simplicit\u00e9 et clart\u00e9, S. Ridout (1855-1930) montre par la Parole ce qu\u2019est v\u00e9ritablement l\u2019assembl\u00e9e, corps de Christ, et comment les chr\u00e9tiens doivent se r\u00e9unir selon la Parole. Il d\u00e9veloppe ensuite avec force de conviction des sujets pratiques souvent peu compris\u00a0: son organisation, le culte, le minist\u00e8re et la discipline. Les chr\u00e9tiens d\u00e9sireux de serrer de pr\u00e8s la Parole de Dieu sur ces sujets, en dehors de nombreuses voix contradictoires, y trouveront un enseignement remarquable et convainquant.<\/p>\n","protected":false},"featured_media":305,"template":"","meta":{"ocean_post_layout":"","ocean_both_sidebars_style":"","ocean_both_sidebars_content_width":0,"ocean_both_sidebars_sidebars_width":0,"ocean_sidebar":"0","ocean_second_sidebar":"0","ocean_disable_margins":"enable","ocean_add_body_class":"","ocean_shortcode_before_top_bar":"","ocean_shortcode_after_top_bar":"","ocean_shortcode_before_header":"","ocean_shortcode_after_header":"","ocean_has_shortcode":"","ocean_shortcode_after_title":"","ocean_shortcode_before_footer_widgets":"","ocean_shortcode_after_footer_widgets":"","ocean_shortcode_before_footer_bottom":"","ocean_shortcode_after_footer_bottom":"","ocean_display_top_bar":"default","ocean_display_header":"default","ocean_header_style":"","ocean_center_header_left_menu":"0","ocean_custom_header_template":"0","ocean_custom_logo":0,"ocean_custom_retina_logo":0,"ocean_custom_logo_max_width":0,"ocean_custom_logo_tablet_max_width":0,"ocean_custom_logo_mobile_max_width":0,"ocean_custom_logo_max_height":0,"ocean_custom_logo_tablet_max_height":0,"ocean_custom_logo_mobile_max_height":0,"ocean_header_custom_menu":"0","ocean_menu_typo_font_family":"0","ocean_menu_typo_font_subset":"","ocean_menu_typo_font_size":0,"ocean_menu_typo_font_size_tablet":0,"ocean_menu_typo_font_size_mobile":0,"ocean_menu_typo_font_size_unit":"px","ocean_menu_typo_font_weight":"","ocean_menu_typo_font_weight_tablet":"","ocean_menu_typo_font_weight_mobile":"","ocean_menu_typo_transform":"","ocean_menu_typo_transform_tablet":"","ocean_menu_typo_transform_mobile":"","ocean_menu_typo_line_height":0,"ocean_menu_typo_line_height_tablet":0,"ocean_menu_typo_line_height_mobile":0,"ocean_menu_typo_line_height_unit":"","ocean_menu_typo_spacing":0,"ocean_menu_typo_spacing_tablet":0,"ocean_menu_typo_spacing_mobile":0,"ocean_menu_typo_spacing_unit":"","ocean_menu_link_color":"","ocean_menu_link_color_hover":"","ocean_menu_link_color_active":"","ocean_menu_link_background":"","ocean_menu_link_hover_background":"","ocean_menu_link_active_background":"","ocean_menu_social_links_bg":"","ocean_menu_social_hover_links_bg":"","ocean_menu_social_links_color":"","ocean_menu_social_hover_links_color":"","ocean_disable_title":"default","ocean_disable_heading":"default","ocean_post_title":"","ocean_post_subheading":"","ocean_post_title_style":"","ocean_post_title_background_color":"","ocean_post_title_background":0,"ocean_post_title_bg_image_position":"","ocean_post_title_bg_image_attachment":"","ocean_post_title_bg_image_repeat":"","ocean_post_title_bg_image_size":"","ocean_post_title_height":0,"ocean_post_title_bg_overlay":0.5,"ocean_post_title_bg_overlay_color":"","ocean_disable_breadcrumbs":"default","ocean_breadcrumbs_color":"","ocean_breadcrumbs_separator_color":"","ocean_breadcrumbs_links_color":"","ocean_breadcrumbs_links_hover_color":"","ocean_display_footer_widgets":"default","ocean_display_footer_bottom":"default","ocean_custom_footer_template":"0"},"product_brand":[37],"product_cat":[18,17],"product_tag":[32],"class_list":{"0":"post-304","1":"product","2":"type-product","3":"status-publish","4":"has-post-thumbnail","6":"product_brand-fac","7":"product_cat-ecc","8":"product_cat-doc","9":"product_tag-etl","11":"entry","12":"has-media","14":"first","15":"instock","16":"taxable","17":"shipping-taxable","18":"purchasable","19":"product-type-simple","20":"has-product-nav","21":"col","22":"span_1_of_6","23":"owp-content-center","24":"owp-thumbs-layout-horizontal","25":"owp-btn-normal","26":"owp-tabs-layout-horizontal","27":"has-no-thumbnails"},"_links":{"self":[{"href":"https:\/\/biblivres.fr\/index.php\/wp-json\/wp\/v2\/product\/304","targetHints":{"allow":["GET"]}}],"collection":[{"href":"https:\/\/biblivres.fr\/index.php\/wp-json\/wp\/v2\/product"}],"about":[{"href":"https:\/\/biblivres.fr\/index.php\/wp-json\/wp\/v2\/types\/product"}],"wp:featuredmedia":[{"embeddable":true,"href":"https:\/\/biblivres.fr\/index.php\/wp-json\/wp\/v2\/media\/305"}],"wp:attachment":[{"href":"https:\/\/biblivres.fr\/index.php\/wp-json\/wp\/v2\/media?parent=304"}],"wp:term":[{"taxonomy":"product_brand","embeddable":true,"href":"https:\/\/biblivres.fr\/index.php\/wp-json\/wp\/v2\/product_brand?post=304"},{"taxonomy":"product_cat","embeddable":true,"href":"https:\/\/biblivres.fr\/index.php\/wp-json\/wp\/v2\/product_cat?post=304"},{"taxonomy":"product_tag","embeddable":true,"href":"https:\/\/biblivres.fr\/index.php\/wp-json\/wp\/v2\/product_tag?post=304"}],"curies":[{"name":"wp","href":"https:\/\/api.w.org\/{rel}","templated":true}]}}