{"id":308,"date":"2026-02-06T11:09:58","date_gmt":"2026-02-06T11:09:58","guid":{"rendered":"https:\/\/biblivres.fr\/index.php\/product\/informe-et-vide\/"},"modified":"2026-02-11T21:24:35","modified_gmt":"2026-02-11T21:24:35","slug":"informe-et-vide","status":"publish","type":"product","link":"https:\/\/biblivres.fr\/index.php\/product\/informe-et-vide\/","title":{"rendered":"Informe et vide ?"},"content":{"rendered":"<p>Faut-il voir entre Gen. 1:1 et 2 un immense intervalle de temps, comprenant des temps g\u00e9ologiques immenses, des catastrophes multiples, peut-\u00eatre aussi la chute de Satan et des anges d\u00e9chus\u00a0? La Parole est tr\u00e8s sobre sur le sujet, et le danger est grand d\u2019aller plus loin qu\u2019elle permet de conclure. Elle ne s\u2019adresse pas \u00e0 l\u2019intelligence mais au c\u0153ur\u00a0; elle suppose la foi\u00a0: \u00ab\u00a0Par la foi, nous comprenons que les mondes ont \u00e9t\u00e9 form\u00e9s par la parole de Dieu, de sorte que ce qui se voit n&rsquo;a pas \u00e9t\u00e9 fait de choses qui paraissent.\u00a0\u00bb (H\u00e9b. 13:3). Dieu est le seul acteur et t\u00e9moin de sa cr\u00e9ation, et par cons\u00e9quent le seul habilit\u00e9 \u00e0 en parler avec sagesse, autorit\u00e9 et v\u00e9rit\u00e9.<\/p>\n","protected":false},"excerpt":{"rendered":"<p>Faut-il voir entre Gen. 1:1 et 2 un immense intervalle de temps, comprenant des temps g\u00e9ologiques immenses, des catastrophes multiples, peut-\u00eatre aussi la chute de Satan et des anges d\u00e9chus\u00a0? La Parole est tr\u00e8s sobre sur le sujet, et le danger est grand d\u2019aller plus loin qu\u2019elle permet de conclure. Elle ne s\u2019adresse pas \u00e0 l\u2019intelligence mais au c\u0153ur\u00a0; elle suppose la foi\u00a0: \u00ab\u00a0Par la foi, nous comprenons que les mondes ont \u00e9t\u00e9 form\u00e9s par la parole de Dieu, de sorte que ce qui se voit n&rsquo;a pas \u00e9t\u00e9 fait de choses qui paraissent.\u00a0\u00bb (H\u00e9b. 13:3). Dieu est le seul acteur et t\u00e9moin de sa cr\u00e9ation, et par cons\u00e9quent le seul habilit\u00e9 \u00e0 en parler avec sagesse, autorit\u00e9 et v\u00e9rit\u00e9.<\/p>\n","protected":false},"featured_media":309,"template":"","meta":{"ocean_post_layout":"","ocean_both_sidebars_style":"","ocean_both_sidebars_content_width":0,"ocean_both_sidebars_sidebars_width":0,"ocean_sidebar":"0","ocean_second_sidebar":"0","ocean_disable_margins":"enable","ocean_add_body_class":"","ocean_shortcode_before_top_bar":"","ocean_shortcode_after_top_bar":"","ocean_shortcode_before_header":"","ocean_shortcode_after_header":"","ocean_has_shortcode":"","ocean_shortcode_after_title":"","ocean_shortcode_before_footer_widgets":"","ocean_shortcode_after_footer_widgets":"","ocean_shortcode_before_footer_bottom":"","ocean_shortcode_after_footer_bottom":"","ocean_display_top_bar":"default","ocean_display_header":"default","ocean_header_style":"","ocean_center_header_left_menu":"0","ocean_custom_header_template":"0","ocean_custom_logo":0,"ocean_custom_retina_logo":0,"ocean_custom_logo_max_width":0,"ocean_custom_logo_tablet_max_width":0,"ocean_custom_logo_mobile_max_width":0,"ocean_custom_logo_max_height":0,"ocean_custom_logo_tablet_max_height":0,"ocean_custom_logo_mobile_max_height":0,"ocean_header_custom_menu":"0","ocean_menu_typo_font_family":"0","ocean_menu_typo_font_subset":"","ocean_menu_typo_font_size":0,"ocean_menu_typo_font_size_tablet":0,"ocean_menu_typo_font_size_mobile":0,"ocean_menu_typo_font_size_unit":"px","ocean_menu_typo_font_weight":"","ocean_menu_typo_font_weight_tablet":"","ocean_menu_typo_font_weight_mobile":"","ocean_menu_typo_transform":"","ocean_menu_typo_transform_tablet":"","ocean_menu_typo_transform_mobile":"","ocean_menu_typo_line_height":0,"ocean_menu_typo_line_height_tablet":0,"ocean_menu_typo_line_height_mobile":0,"ocean_menu_typo_line_height_unit":"","ocean_menu_typo_spacing":0,"ocean_menu_typo_spacing_tablet":0,"ocean_menu_typo_spacing_mobile":0,"ocean_menu_typo_spacing_unit":"","ocean_menu_link_color":"","ocean_menu_link_color_hover":"","ocean_menu_link_color_active":"","ocean_menu_link_background":"","ocean_menu_link_hover_background":"","ocean_menu_link_active_background":"","ocean_menu_social_links_bg":"","ocean_menu_social_hover_links_bg":"","ocean_menu_social_links_color":"","ocean_menu_social_hover_links_color":"","ocean_disable_title":"default","ocean_disable_heading":"default","ocean_post_title":"","ocean_post_subheading":"","ocean_post_title_style":"","ocean_post_title_background_color":"","ocean_post_title_background":0,"ocean_post_title_bg_image_position":"","ocean_post_title_bg_image_attachment":"","ocean_post_title_bg_image_repeat":"","ocean_post_title_bg_image_size":"","ocean_post_title_height":0,"ocean_post_title_bg_overlay":0.5,"ocean_post_title_bg_overlay_color":"","ocean_disable_breadcrumbs":"default","ocean_breadcrumbs_color":"","ocean_breadcrumbs_separator_color":"","ocean_breadcrumbs_links_color":"","ocean_breadcrumbs_links_hover_color":"","ocean_display_footer_widgets":"default","ocean_display_footer_bottom":"default","ocean_custom_footer_template":"0"},"product_brand":[38],"product_cat":[22],"product_tag":[40],"class_list":{"0":"post-308","1":"product","2":"type-product","3":"status-publish","4":"has-post-thumbnail","6":"product_brand-moy","7":"product_cat-div","8":"product_tag-doc","10":"entry","11":"has-media","13":"first","14":"instock","15":"taxable","16":"shipping-taxable","17":"purchasable","18":"product-type-simple","19":"has-product-nav","20":"col","21":"span_1_of_6","22":"owp-content-center","23":"owp-thumbs-layout-horizontal","24":"owp-btn-normal","25":"owp-tabs-layout-horizontal","26":"has-no-thumbnails"},"_links":{"self":[{"href":"https:\/\/biblivres.fr\/index.php\/wp-json\/wp\/v2\/product\/308","targetHints":{"allow":["GET"]}}],"collection":[{"href":"https:\/\/biblivres.fr\/index.php\/wp-json\/wp\/v2\/product"}],"about":[{"href":"https:\/\/biblivres.fr\/index.php\/wp-json\/wp\/v2\/types\/product"}],"wp:featuredmedia":[{"embeddable":true,"href":"https:\/\/biblivres.fr\/index.php\/wp-json\/wp\/v2\/media\/309"}],"wp:attachment":[{"href":"https:\/\/biblivres.fr\/index.php\/wp-json\/wp\/v2\/media?parent=308"}],"wp:term":[{"taxonomy":"product_brand","embeddable":true,"href":"https:\/\/biblivres.fr\/index.php\/wp-json\/wp\/v2\/product_brand?post=308"},{"taxonomy":"product_cat","embeddable":true,"href":"https:\/\/biblivres.fr\/index.php\/wp-json\/wp\/v2\/product_cat?post=308"},{"taxonomy":"product_tag","embeddable":true,"href":"https:\/\/biblivres.fr\/index.php\/wp-json\/wp\/v2\/product_tag?post=308"}],"curies":[{"name":"wp","href":"https:\/\/api.w.org\/{rel}","templated":true}]}}