{"id":312,"date":"2026-02-06T11:10:27","date_gmt":"2026-02-06T11:10:27","guid":{"rendered":"https:\/\/biblivres.fr\/index.php\/product\/le-fils-de-son-amour-couverture-rigide\/"},"modified":"2026-02-11T21:23:56","modified_gmt":"2026-02-11T21:23:56","slug":"le-fils-de-son-amour-couverture-rigide","status":"publish","type":"product","link":"https:\/\/biblivres.fr\/index.php\/product\/le-fils-de-son-amour-couverture-rigide\/","title":{"rendered":"Le Fils de son amour &#8211; couverture rigide"},"content":{"rendered":"<p>Le sujet de la Divinit\u00e9 \u00e9ternelle de J\u00e9sus-Christ, le Fils de Dieu, d\u00e9passe toutes les connaissances et les capacit\u00e9s humaines. Seule la r\u00e9v\u00e9lation de la Parole et l\u2019aide du Saint Esprit, dans la communion avec Dieu et dans sa d\u00e9pendance, permettent au chr\u00e9tien d\u2019entrer quelque peu dans un tel sujet. Cet ouvrage, qui d\u00e9veloppe ce th\u00e8me sous plusieurs aspects, doit \u00eatre lu paisiblement, avec pri\u00e8re et m\u00e9ditation. Ainsi le lecteur trouvera de quoi r\u00e9chauffer abondamment ses affections pour J\u00e9sus-Christ, \u00ab\u00a0sur toutes choses Dieu b\u00e9ni \u00e9ternellement\u00a0\u00bb (Rom. 9:5). Tout en r\u00e9pondant aux principales fausses doctrines h\u00e9las r\u00e9pandues aujourd\u2019hui, l\u2019auteur prend soin d\u2019apporter dans un tel sujet de nombreux sujets d\u2019\u00e9dification et d\u2019encouragement.<\/p>\n","protected":false},"excerpt":{"rendered":"<p>Le sujet de la Divinit\u00e9 \u00e9ternelle de J\u00e9sus-Christ, le Fils de Dieu, d\u00e9passe toutes les connaissances et les capacit\u00e9s humaines. Seule la r\u00e9v\u00e9lation de la Parole et l\u2019aide du Saint Esprit, dans la communion avec Dieu et dans sa d\u00e9pendance, permettent au chr\u00e9tien d\u2019entrer quelque peu dans un tel sujet. Cet ouvrage, qui d\u00e9veloppe ce th\u00e8me sous plusieurs aspects, doit \u00eatre lu paisiblement, avec pri\u00e8re et m\u00e9ditation. Ainsi le lecteur trouvera de quoi r\u00e9chauffer abondamment ses affections pour J\u00e9sus-Christ, \u00ab\u00a0sur toutes choses Dieu b\u00e9ni \u00e9ternellement\u00a0\u00bb (Rom. 9:5). Tout en r\u00e9pondant aux principales fausses doctrines h\u00e9las r\u00e9pandues aujourd\u2019hui, l\u2019auteur prend soin d\u2019apporter dans un tel sujet de nombreux sujets d\u2019\u00e9dification et d\u2019encouragement.<\/p>\n","protected":false},"featured_media":313,"template":"","meta":{"ocean_post_layout":"","ocean_both_sidebars_style":"","ocean_both_sidebars_content_width":0,"ocean_both_sidebars_sidebars_width":0,"ocean_sidebar":"0","ocean_second_sidebar":"0","ocean_disable_margins":"enable","ocean_add_body_class":"","ocean_shortcode_before_top_bar":"","ocean_shortcode_after_top_bar":"","ocean_shortcode_before_header":"","ocean_shortcode_after_header":"","ocean_has_shortcode":"","ocean_shortcode_after_title":"","ocean_shortcode_before_footer_widgets":"","ocean_shortcode_after_footer_widgets":"","ocean_shortcode_before_footer_bottom":"","ocean_shortcode_after_footer_bottom":"","ocean_display_top_bar":"default","ocean_display_header":"default","ocean_header_style":"","ocean_center_header_left_menu":"0","ocean_custom_header_template":"0","ocean_custom_logo":0,"ocean_custom_retina_logo":0,"ocean_custom_logo_max_width":0,"ocean_custom_logo_tablet_max_width":0,"ocean_custom_logo_mobile_max_width":0,"ocean_custom_logo_max_height":0,"ocean_custom_logo_tablet_max_height":0,"ocean_custom_logo_mobile_max_height":0,"ocean_header_custom_menu":"0","ocean_menu_typo_font_family":"0","ocean_menu_typo_font_subset":"","ocean_menu_typo_font_size":0,"ocean_menu_typo_font_size_tablet":0,"ocean_menu_typo_font_size_mobile":0,"ocean_menu_typo_font_size_unit":"px","ocean_menu_typo_font_weight":"","ocean_menu_typo_font_weight_tablet":"","ocean_menu_typo_font_weight_mobile":"","ocean_menu_typo_transform":"","ocean_menu_typo_transform_tablet":"","ocean_menu_typo_transform_mobile":"","ocean_menu_typo_line_height":0,"ocean_menu_typo_line_height_tablet":0,"ocean_menu_typo_line_height_mobile":0,"ocean_menu_typo_line_height_unit":"","ocean_menu_typo_spacing":0,"ocean_menu_typo_spacing_tablet":0,"ocean_menu_typo_spacing_mobile":0,"ocean_menu_typo_spacing_unit":"","ocean_menu_link_color":"","ocean_menu_link_color_hover":"","ocean_menu_link_color_active":"","ocean_menu_link_background":"","ocean_menu_link_hover_background":"","ocean_menu_link_active_background":"","ocean_menu_social_links_bg":"","ocean_menu_social_hover_links_bg":"","ocean_menu_social_links_color":"","ocean_menu_social_hover_links_color":"","ocean_disable_title":"default","ocean_disable_heading":"default","ocean_post_title":"","ocean_post_subheading":"","ocean_post_title_style":"","ocean_post_title_background_color":"","ocean_post_title_background":0,"ocean_post_title_bg_image_position":"","ocean_post_title_bg_image_attachment":"","ocean_post_title_bg_image_repeat":"","ocean_post_title_bg_image_size":"","ocean_post_title_height":0,"ocean_post_title_bg_overlay":0.5,"ocean_post_title_bg_overlay_color":"","ocean_disable_breadcrumbs":"default","ocean_breadcrumbs_color":"","ocean_breadcrumbs_separator_color":"","ocean_breadcrumbs_links_color":"","ocean_breadcrumbs_links_hover_color":"","ocean_display_footer_widgets":"default","ocean_display_footer_bottom":"default","ocean_custom_footer_template":"0"},"product_brand":[37],"product_cat":[16],"product_tag":[32],"class_list":{"0":"post-312","1":"product","2":"type-product","3":"status-publish","4":"has-post-thumbnail","6":"product_brand-fac","7":"product_cat-edi","8":"product_tag-etl","10":"entry","11":"has-media","13":"first","14":"instock","15":"taxable","16":"shipping-taxable","17":"purchasable","18":"product-type-simple","19":"has-product-nav","20":"col","21":"span_1_of_6","22":"owp-content-center","23":"owp-thumbs-layout-horizontal","24":"owp-btn-normal","25":"owp-tabs-layout-horizontal","26":"has-no-thumbnails"},"_links":{"self":[{"href":"https:\/\/biblivres.fr\/index.php\/wp-json\/wp\/v2\/product\/312","targetHints":{"allow":["GET"]}}],"collection":[{"href":"https:\/\/biblivres.fr\/index.php\/wp-json\/wp\/v2\/product"}],"about":[{"href":"https:\/\/biblivres.fr\/index.php\/wp-json\/wp\/v2\/types\/product"}],"wp:featuredmedia":[{"embeddable":true,"href":"https:\/\/biblivres.fr\/index.php\/wp-json\/wp\/v2\/media\/313"}],"wp:attachment":[{"href":"https:\/\/biblivres.fr\/index.php\/wp-json\/wp\/v2\/media?parent=312"}],"wp:term":[{"taxonomy":"product_brand","embeddable":true,"href":"https:\/\/biblivres.fr\/index.php\/wp-json\/wp\/v2\/product_brand?post=312"},{"taxonomy":"product_cat","embeddable":true,"href":"https:\/\/biblivres.fr\/index.php\/wp-json\/wp\/v2\/product_cat?post=312"},{"taxonomy":"product_tag","embeddable":true,"href":"https:\/\/biblivres.fr\/index.php\/wp-json\/wp\/v2\/product_tag?post=312"}],"curies":[{"name":"wp","href":"https:\/\/api.w.org\/{rel}","templated":true}]}}