{"id":326,"date":"2026-02-06T11:11:32","date_gmt":"2026-02-06T11:11:32","guid":{"rendered":"https:\/\/biblivres.fr\/index.php\/product\/traites-choisis-couverture-rigide\/"},"modified":"2026-02-11T21:21:25","modified_gmt":"2026-02-11T21:21:25","slug":"traites-choisis-couverture-rigide","status":"publish","type":"product","link":"https:\/\/biblivres.fr\/index.php\/product\/traites-choisis-couverture-rigide\/","title":{"rendered":"Trait\u00e9s choisis &#8211; couverture rigide"},"content":{"rendered":"<p>Ce volume regroupe des articles qui pr\u00e9sentent tous des enseignements doctrinaux et pratiques fondamentaux de la Parole de Dieu, concernant le chr\u00e9tien et l\u2019\u00e9glise ou assembl\u00e9e. Ils d\u00e9veloppent des sujets souvent peu abord\u00e9s ou mal compris dans la chr\u00e9tient\u00e9\u00a0: la mort avec Christ, l\u2019affranchissement du p\u00e9ch\u00e9, la marche en nouveaut\u00e9 de vie, le bapt\u00eame du Saint Esprit, l\u2019assembl\u00e9e corps de Christ, l\u2019unit\u00e9 de l\u2019Esprit, le chemin du chr\u00e9tien au milieu de la ruine de l\u2019\u00e9glise.<br \/>\nF. G. Patterson a exerc\u00e9 un minist\u00e8re discret mais fort appr\u00e9ci\u00e9, de 1864 \u00e0 1884 environ. Son enseignement oral et \u00e9crit, simple, clair et synth\u00e9tique a \u00e9t\u00e9 un moyen d\u2019encouragement et d\u2019\u00e9dification pour de nombreux fr\u00e8res dans la foi. Il r\u00e9pond \u00e0 de nombreuses questions et besoins de la jeunesse. Nous encourageons vivement les chers jeunes fr\u00e8res \u00e0 lire avec attention ces articles qui fortifieront leur \u00e2me dans ses combats et affermiront leur esprit dans la v\u00e9rit\u00e9.<\/p>\n","protected":false},"excerpt":{"rendered":"<p>Ce volume regroupe des articles qui pr\u00e9sentent tous des enseignements doctrinaux et pratiques fondamentaux de la Parole de Dieu, concernant le chr\u00e9tien et l\u2019\u00e9glise ou assembl\u00e9e. Ils d\u00e9veloppent des sujets souvent peu abord\u00e9s ou mal compris dans la chr\u00e9tient\u00e9\u00a0: la mort avec Christ, l\u2019affranchissement du p\u00e9ch\u00e9, la marche en nouveaut\u00e9 de vie, le bapt\u00eame du Saint Esprit, l\u2019assembl\u00e9e corps de Christ, l\u2019unit\u00e9 de l\u2019Esprit, le chemin du chr\u00e9tien au milieu de la ruine de l\u2019\u00e9glise.<br \/>\nF. G. Patterson a exerc\u00e9 un minist\u00e8re discret mais fort appr\u00e9ci\u00e9, de 1864 \u00e0 1884 environ. Son enseignement oral et \u00e9crit, simple, clair et synth\u00e9tique a \u00e9t\u00e9 un moyen d\u2019encouragement et d\u2019\u00e9dification pour de nombreux fr\u00e8res dans la foi. Il r\u00e9pond \u00e0 de nombreuses questions et besoins de la jeunesse. Nous encourageons vivement les chers jeunes fr\u00e8res \u00e0 lire avec attention ces articles qui fortifieront leur \u00e2me dans ses combats et affermiront leur esprit dans la v\u00e9rit\u00e9.<\/p>\n","protected":false},"featured_media":327,"template":"","meta":{"ocean_post_layout":"","ocean_both_sidebars_style":"","ocean_both_sidebars_content_width":0,"ocean_both_sidebars_sidebars_width":0,"ocean_sidebar":"0","ocean_second_sidebar":"0","ocean_disable_margins":"enable","ocean_add_body_class":"","ocean_shortcode_before_top_bar":"","ocean_shortcode_after_top_bar":"","ocean_shortcode_before_header":"","ocean_shortcode_after_header":"","ocean_has_shortcode":"","ocean_shortcode_after_title":"","ocean_shortcode_before_footer_widgets":"","ocean_shortcode_after_footer_widgets":"","ocean_shortcode_before_footer_bottom":"","ocean_shortcode_after_footer_bottom":"","ocean_display_top_bar":"default","ocean_display_header":"default","ocean_header_style":"","ocean_center_header_left_menu":"0","ocean_custom_header_template":"0","ocean_custom_logo":0,"ocean_custom_retina_logo":0,"ocean_custom_logo_max_width":0,"ocean_custom_logo_tablet_max_width":0,"ocean_custom_logo_mobile_max_width":0,"ocean_custom_logo_max_height":0,"ocean_custom_logo_tablet_max_height":0,"ocean_custom_logo_mobile_max_height":0,"ocean_header_custom_menu":"0","ocean_menu_typo_font_family":"0","ocean_menu_typo_font_subset":"","ocean_menu_typo_font_size":0,"ocean_menu_typo_font_size_tablet":0,"ocean_menu_typo_font_size_mobile":0,"ocean_menu_typo_font_size_unit":"px","ocean_menu_typo_font_weight":"","ocean_menu_typo_font_weight_tablet":"","ocean_menu_typo_font_weight_mobile":"","ocean_menu_typo_transform":"","ocean_menu_typo_transform_tablet":"","ocean_menu_typo_transform_mobile":"","ocean_menu_typo_line_height":0,"ocean_menu_typo_line_height_tablet":0,"ocean_menu_typo_line_height_mobile":0,"ocean_menu_typo_line_height_unit":"","ocean_menu_typo_spacing":0,"ocean_menu_typo_spacing_tablet":0,"ocean_menu_typo_spacing_mobile":0,"ocean_menu_typo_spacing_unit":"","ocean_menu_link_color":"","ocean_menu_link_color_hover":"","ocean_menu_link_color_active":"","ocean_menu_link_background":"","ocean_menu_link_hover_background":"","ocean_menu_link_active_background":"","ocean_menu_social_links_bg":"","ocean_menu_social_hover_links_bg":"","ocean_menu_social_links_color":"","ocean_menu_social_hover_links_color":"","ocean_disable_title":"default","ocean_disable_heading":"default","ocean_post_title":"","ocean_post_subheading":"","ocean_post_title_style":"","ocean_post_title_background_color":"","ocean_post_title_background":0,"ocean_post_title_bg_image_position":"","ocean_post_title_bg_image_attachment":"","ocean_post_title_bg_image_repeat":"","ocean_post_title_bg_image_size":"","ocean_post_title_height":0,"ocean_post_title_bg_overlay":0.5,"ocean_post_title_bg_overlay_color":"","ocean_disable_breadcrumbs":"default","ocean_breadcrumbs_color":"","ocean_breadcrumbs_separator_color":"","ocean_breadcrumbs_links_color":"","ocean_breadcrumbs_links_hover_color":"","ocean_display_footer_widgets":"default","ocean_display_footer_bottom":"default","ocean_custom_footer_template":"0"},"product_brand":[37],"product_cat":[16,20],"product_tag":[33],"class_list":{"0":"post-326","1":"product","2":"type-product","3":"status-publish","4":"has-post-thumbnail","6":"product_brand-fac","7":"product_cat-edi","8":"product_cat-exh","9":"product_tag-com","11":"entry","12":"has-media","14":"first","15":"instock","16":"taxable","17":"shipping-taxable","18":"purchasable","19":"product-type-simple","20":"has-product-nav","21":"col","22":"span_1_of_6","23":"owp-content-center","24":"owp-thumbs-layout-horizontal","25":"owp-btn-normal","26":"owp-tabs-layout-horizontal","27":"has-no-thumbnails"},"_links":{"self":[{"href":"https:\/\/biblivres.fr\/index.php\/wp-json\/wp\/v2\/product\/326","targetHints":{"allow":["GET"]}}],"collection":[{"href":"https:\/\/biblivres.fr\/index.php\/wp-json\/wp\/v2\/product"}],"about":[{"href":"https:\/\/biblivres.fr\/index.php\/wp-json\/wp\/v2\/types\/product"}],"wp:featuredmedia":[{"embeddable":true,"href":"https:\/\/biblivres.fr\/index.php\/wp-json\/wp\/v2\/media\/327"}],"wp:attachment":[{"href":"https:\/\/biblivres.fr\/index.php\/wp-json\/wp\/v2\/media?parent=326"}],"wp:term":[{"taxonomy":"product_brand","embeddable":true,"href":"https:\/\/biblivres.fr\/index.php\/wp-json\/wp\/v2\/product_brand?post=326"},{"taxonomy":"product_cat","embeddable":true,"href":"https:\/\/biblivres.fr\/index.php\/wp-json\/wp\/v2\/product_cat?post=326"},{"taxonomy":"product_tag","embeddable":true,"href":"https:\/\/biblivres.fr\/index.php\/wp-json\/wp\/v2\/product_tag?post=326"}],"curies":[{"name":"wp","href":"https:\/\/api.w.org\/{rel}","templated":true}]}}