{"id":336,"date":"2026-02-06T11:12:20","date_gmt":"2026-02-06T11:12:20","guid":{"rendered":"https:\/\/biblivres.fr\/index.php\/product\/un-vase-delection\/"},"modified":"2026-02-11T21:19:58","modified_gmt":"2026-02-11T21:19:58","slug":"un-vase-delection","status":"publish","type":"product","link":"https:\/\/biblivres.fr\/index.php\/product\/un-vase-delection\/","title":{"rendered":"Un vase d&rsquo;\u00e9lection"},"content":{"rendered":"<p>\u00c0 travers Saul, puis l\u2019ap\u00f4tre Paul, vase d\u2019\u00e9lection de Dieu, l\u2019auteur montre comment le travail de Dieu, divin Potier consiste \u00e0 pr\u00e9parer le chr\u00e9tien pour le ciel en le formant moralement \u00e0 l\u2019image de Christ (2 Cor. 3:18). Ses soins fid\u00e8les, sages et attentifs effectuent, patiemment, et avec gr\u00e2ce, un profond travail d\u2019\u00e2me dans sa vie. Le croyant est progressivement affranchi de ce qui vient de la nature humaine, la chair, pour apprendre \u00e0 marcher en libert\u00e9 selon le nouvel homme. Cette formation divine pr\u00e9pare aussi \u00e0 un service utile pour le Ma\u00eetre, o\u00f9 la place est donn\u00e9e \u00e0 Christ, non \u00e0 l\u2019homme, et o\u00f9 la puissance vient de l\u2019Esprit, non de la chair.<br \/>\nCe petit livre, parmi les rares qu\u2019il a \u00e9crit, a \u00e9t\u00e9 publi\u00e9 par l\u2019auteur en marge de nombreux articles parus dans la revue p\u00e9riodique Words of Truth (1867-1876), tous fort appr\u00e9ci\u00e9s. Nous esp\u00e9rons que le lecteur appr\u00e9ciera la valeur de cet ouvrage remarquable par les enseignements pratiques qu\u2019il contient.<\/p>\n","protected":false},"excerpt":{"rendered":"<p>\u00c0 travers Saul, puis l\u2019ap\u00f4tre Paul, vase d\u2019\u00e9lection de Dieu, l\u2019auteur montre comment le travail de Dieu, divin Potier consiste \u00e0 pr\u00e9parer le chr\u00e9tien pour le ciel en le formant moralement \u00e0 l\u2019image de Christ (2 Cor. 3:18). Ses soins fid\u00e8les, sages et attentifs effectuent, patiemment, et avec gr\u00e2ce, un profond travail d\u2019\u00e2me dans sa vie. Le croyant est progressivement affranchi de ce qui vient de la nature humaine, la chair, pour apprendre \u00e0 marcher en libert\u00e9 selon le nouvel homme. Cette formation divine pr\u00e9pare aussi \u00e0 un service utile pour le Ma\u00eetre, o\u00f9 la place est donn\u00e9e \u00e0 Christ, non \u00e0 l\u2019homme, et o\u00f9 la puissance vient de l\u2019Esprit, non de la chair.<br \/>\nCe petit livre, parmi les rares qu\u2019il a \u00e9crit, a \u00e9t\u00e9 publi\u00e9 par l\u2019auteur en marge de nombreux articles parus dans la revue p\u00e9riodique Words of Truth (1867-1876), tous fort appr\u00e9ci\u00e9s. Nous esp\u00e9rons que le lecteur appr\u00e9ciera la valeur de cet ouvrage remarquable par les enseignements pratiques qu\u2019il contient.<\/p>\n","protected":false},"featured_media":337,"template":"","meta":{"ocean_post_layout":"","ocean_both_sidebars_style":"","ocean_both_sidebars_content_width":0,"ocean_both_sidebars_sidebars_width":0,"ocean_sidebar":"0","ocean_second_sidebar":"0","ocean_disable_margins":"enable","ocean_add_body_class":"","ocean_shortcode_before_top_bar":"","ocean_shortcode_after_top_bar":"","ocean_shortcode_before_header":"","ocean_shortcode_after_header":"","ocean_has_shortcode":"","ocean_shortcode_after_title":"","ocean_shortcode_before_footer_widgets":"","ocean_shortcode_after_footer_widgets":"","ocean_shortcode_before_footer_bottom":"","ocean_shortcode_after_footer_bottom":"","ocean_display_top_bar":"default","ocean_display_header":"default","ocean_header_style":"","ocean_center_header_left_menu":"0","ocean_custom_header_template":"0","ocean_custom_logo":0,"ocean_custom_retina_logo":0,"ocean_custom_logo_max_width":0,"ocean_custom_logo_tablet_max_width":0,"ocean_custom_logo_mobile_max_width":0,"ocean_custom_logo_max_height":0,"ocean_custom_logo_tablet_max_height":0,"ocean_custom_logo_mobile_max_height":0,"ocean_header_custom_menu":"0","ocean_menu_typo_font_family":"0","ocean_menu_typo_font_subset":"","ocean_menu_typo_font_size":0,"ocean_menu_typo_font_size_tablet":0,"ocean_menu_typo_font_size_mobile":0,"ocean_menu_typo_font_size_unit":"px","ocean_menu_typo_font_weight":"","ocean_menu_typo_font_weight_tablet":"","ocean_menu_typo_font_weight_mobile":"","ocean_menu_typo_transform":"","ocean_menu_typo_transform_tablet":"","ocean_menu_typo_transform_mobile":"","ocean_menu_typo_line_height":0,"ocean_menu_typo_line_height_tablet":0,"ocean_menu_typo_line_height_mobile":0,"ocean_menu_typo_line_height_unit":"","ocean_menu_typo_spacing":0,"ocean_menu_typo_spacing_tablet":0,"ocean_menu_typo_spacing_mobile":0,"ocean_menu_typo_spacing_unit":"","ocean_menu_link_color":"","ocean_menu_link_color_hover":"","ocean_menu_link_color_active":"","ocean_menu_link_background":"","ocean_menu_link_hover_background":"","ocean_menu_link_active_background":"","ocean_menu_social_links_bg":"","ocean_menu_social_hover_links_bg":"","ocean_menu_social_links_color":"","ocean_menu_social_hover_links_color":"","ocean_disable_title":"default","ocean_disable_heading":"default","ocean_post_title":"","ocean_post_subheading":"","ocean_post_title_style":"","ocean_post_title_background_color":"","ocean_post_title_background":0,"ocean_post_title_bg_image_position":"","ocean_post_title_bg_image_attachment":"","ocean_post_title_bg_image_repeat":"","ocean_post_title_bg_image_size":"","ocean_post_title_height":0,"ocean_post_title_bg_overlay":0.5,"ocean_post_title_bg_overlay_color":"","ocean_disable_breadcrumbs":"default","ocean_breadcrumbs_color":"","ocean_breadcrumbs_separator_color":"","ocean_breadcrumbs_links_color":"","ocean_breadcrumbs_links_hover_color":"","ocean_display_footer_widgets":"default","ocean_display_footer_bottom":"default","ocean_custom_footer_template":"0"},"product_brand":[37],"product_cat":[16,20],"product_tag":[33],"class_list":{"0":"post-336","1":"product","2":"type-product","3":"status-publish","4":"has-post-thumbnail","6":"product_brand-fac","7":"product_cat-edi","8":"product_cat-exh","9":"product_tag-com","11":"entry","12":"has-media","14":"first","15":"instock","16":"taxable","17":"shipping-taxable","18":"purchasable","19":"product-type-simple","20":"has-product-nav","21":"col","22":"span_1_of_6","23":"owp-content-center","24":"owp-thumbs-layout-horizontal","25":"owp-btn-normal","26":"owp-tabs-layout-horizontal","27":"has-no-thumbnails"},"_links":{"self":[{"href":"https:\/\/biblivres.fr\/index.php\/wp-json\/wp\/v2\/product\/336","targetHints":{"allow":["GET"]}}],"collection":[{"href":"https:\/\/biblivres.fr\/index.php\/wp-json\/wp\/v2\/product"}],"about":[{"href":"https:\/\/biblivres.fr\/index.php\/wp-json\/wp\/v2\/types\/product"}],"wp:featuredmedia":[{"embeddable":true,"href":"https:\/\/biblivres.fr\/index.php\/wp-json\/wp\/v2\/media\/337"}],"wp:attachment":[{"href":"https:\/\/biblivres.fr\/index.php\/wp-json\/wp\/v2\/media?parent=336"}],"wp:term":[{"taxonomy":"product_brand","embeddable":true,"href":"https:\/\/biblivres.fr\/index.php\/wp-json\/wp\/v2\/product_brand?post=336"},{"taxonomy":"product_cat","embeddable":true,"href":"https:\/\/biblivres.fr\/index.php\/wp-json\/wp\/v2\/product_cat?post=336"},{"taxonomy":"product_tag","embeddable":true,"href":"https:\/\/biblivres.fr\/index.php\/wp-json\/wp\/v2\/product_tag?post=336"}],"curies":[{"name":"wp","href":"https:\/\/api.w.org\/{rel}","templated":true}]}}