{"id":344,"date":"2026-02-06T11:12:52","date_gmt":"2026-02-06T11:12:52","guid":{"rendered":"https:\/\/biblivres.fr\/index.php\/product\/la-nouvelle-naissance\/"},"modified":"2026-02-12T10:31:53","modified_gmt":"2026-02-12T10:31:53","slug":"la-nouvelle-naissance","status":"publish","type":"product","link":"https:\/\/biblivres.fr\/index.php\/product\/la-nouvelle-naissance\/","title":{"rendered":"La nouvelle naissance"},"content":{"rendered":"<p>Le t\u00e9moignage de Dieu dans sa Parole est formel\u00a0: \u00ab\u00a0Qui croit au Fils a la vie \u00e9ternelle\u00a0; mais qui d\u00e9sob\u00e9it au Fils ne verra pas la vie, mais la col\u00e8re de Dieu demeure sur lui\u00a0\u00bb (Jean 3:36). Depuis Adam et \u00c8ve, qui dans leur innocence ont d\u00e9sob\u00e9i \u00e0 Dieu, tous les hommes ont p\u00e9ch\u00e9. Tout homme est coupable devant Dieu et s\u2019expose au jugement \u00e9ternel. Mais Dieu, dans sa gr\u00e2ce, a aussi donn\u00e9 \u00e0 l\u2019homme un moyen de salut\u00a0: Celui qui se reconna\u00eet un p\u00e9cheur coupable et accepte par la foi l\u2019\u0153uvre de Christ, le Fils de Dieu, re\u00e7oit le pardon de ses p\u00e9ch\u00e9s et une vie nouvelle, \u00e9ternelle et divine, en plus de la nature adamique dont il a h\u00e9rit\u00e9 \u00e0 sa naissance (Jean 3:36).<br \/>\nCet article pr\u00e9sente en d\u00e9tail le sujet fondamental de la nouvelle naissance. Le lecteur y trouvera des explications extr\u00eamement utiles pour \u00eatre sauv\u00e9 de la col\u00e8re qui vient et \u00eatre d\u00e9livr\u00e9 de l\u2019ancienne nature, h\u00e9rit\u00e9e d\u2019Adam, et pour trouver une paix stable et solide avec Dieu, son P\u00e8re, aussi bien dans son c\u0153ur que dans sa conscience.<\/p>\n","protected":false},"excerpt":{"rendered":"<p>Le t\u00e9moignage de Dieu dans sa Parole est formel\u00a0: \u00ab\u00a0Qui croit au Fils a la vie \u00e9ternelle\u00a0; mais qui d\u00e9sob\u00e9it au Fils ne verra pas la vie, mais la col\u00e8re de Dieu demeure sur lui\u00a0\u00bb (Jean 3:36). Depuis Adam et \u00c8ve, qui dans leur innocence ont d\u00e9sob\u00e9i \u00e0 Dieu, tous les hommes ont p\u00e9ch\u00e9. Tout homme est coupable devant Dieu et s\u2019expose au jugement \u00e9ternel. Mais Dieu, dans sa gr\u00e2ce, a aussi donn\u00e9 \u00e0 l\u2019homme un moyen de salut\u00a0: Celui qui se reconna\u00eet un p\u00e9cheur coupable et accepte par la foi l\u2019\u0153uvre de Christ, le Fils de Dieu, re\u00e7oit le pardon de ses p\u00e9ch\u00e9s et une vie nouvelle, \u00e9ternelle et divine, en plus de la nature adamique dont il a h\u00e9rit\u00e9 \u00e0 sa naissance (Jean 3:36).<br \/>\nCet article pr\u00e9sente en d\u00e9tail le sujet fondamental de la nouvelle naissance. Le lecteur y trouvera des explications extr\u00eamement utiles pour \u00eatre sauv\u00e9 de la col\u00e8re qui vient et \u00eatre d\u00e9livr\u00e9 de l\u2019ancienne nature, h\u00e9rit\u00e9e d\u2019Adam, et pour trouver une paix stable et solide avec Dieu, son P\u00e8re, aussi bien dans son c\u0153ur que dans sa conscience.<\/p>\n","protected":false},"featured_media":345,"template":"","meta":{"ocean_post_layout":"","ocean_both_sidebars_style":"","ocean_both_sidebars_content_width":0,"ocean_both_sidebars_sidebars_width":0,"ocean_sidebar":"0","ocean_second_sidebar":"0","ocean_disable_margins":"enable","ocean_add_body_class":"","ocean_shortcode_before_top_bar":"","ocean_shortcode_after_top_bar":"","ocean_shortcode_before_header":"","ocean_shortcode_after_header":"","ocean_has_shortcode":"","ocean_shortcode_after_title":"","ocean_shortcode_before_footer_widgets":"","ocean_shortcode_after_footer_widgets":"","ocean_shortcode_before_footer_bottom":"","ocean_shortcode_after_footer_bottom":"","ocean_display_top_bar":"default","ocean_display_header":"default","ocean_header_style":"","ocean_center_header_left_menu":"0","ocean_custom_header_template":"0","ocean_custom_logo":0,"ocean_custom_retina_logo":0,"ocean_custom_logo_max_width":0,"ocean_custom_logo_tablet_max_width":0,"ocean_custom_logo_mobile_max_width":0,"ocean_custom_logo_max_height":0,"ocean_custom_logo_tablet_max_height":0,"ocean_custom_logo_mobile_max_height":0,"ocean_header_custom_menu":"0","ocean_menu_typo_font_family":"0","ocean_menu_typo_font_subset":"","ocean_menu_typo_font_size":0,"ocean_menu_typo_font_size_tablet":0,"ocean_menu_typo_font_size_mobile":0,"ocean_menu_typo_font_size_unit":"px","ocean_menu_typo_font_weight":"","ocean_menu_typo_font_weight_tablet":"","ocean_menu_typo_font_weight_mobile":"","ocean_menu_typo_transform":"","ocean_menu_typo_transform_tablet":"","ocean_menu_typo_transform_mobile":"","ocean_menu_typo_line_height":0,"ocean_menu_typo_line_height_tablet":0,"ocean_menu_typo_line_height_mobile":0,"ocean_menu_typo_line_height_unit":"","ocean_menu_typo_spacing":0,"ocean_menu_typo_spacing_tablet":0,"ocean_menu_typo_spacing_mobile":0,"ocean_menu_typo_spacing_unit":"","ocean_menu_link_color":"","ocean_menu_link_color_hover":"","ocean_menu_link_color_active":"","ocean_menu_link_background":"","ocean_menu_link_hover_background":"","ocean_menu_link_active_background":"","ocean_menu_social_links_bg":"","ocean_menu_social_hover_links_bg":"","ocean_menu_social_links_color":"","ocean_menu_social_hover_links_color":"","ocean_disable_title":"default","ocean_disable_heading":"default","ocean_post_title":"","ocean_post_subheading":"","ocean_post_title_style":"","ocean_post_title_background_color":"","ocean_post_title_background":0,"ocean_post_title_bg_image_position":"","ocean_post_title_bg_image_attachment":"","ocean_post_title_bg_image_repeat":"","ocean_post_title_bg_image_size":"","ocean_post_title_height":0,"ocean_post_title_bg_overlay":0.5,"ocean_post_title_bg_overlay_color":"","ocean_disable_breadcrumbs":"default","ocean_breadcrumbs_color":"","ocean_breadcrumbs_separator_color":"","ocean_breadcrumbs_links_color":"","ocean_breadcrumbs_links_hover_color":"","ocean_display_footer_widgets":"default","ocean_display_footer_bottom":"default","ocean_custom_footer_template":"0"},"product_brand":[37],"product_cat":[16,17],"product_tag":[33],"class_list":{"0":"post-344","1":"product","2":"type-product","3":"status-publish","4":"has-post-thumbnail","6":"product_brand-fac","7":"product_cat-edi","8":"product_cat-doc","9":"product_tag-com","11":"entry","12":"has-media","14":"first","15":"instock","16":"taxable","17":"shipping-taxable","18":"purchasable","19":"product-type-simple","20":"has-product-nav","21":"col","22":"span_1_of_6","23":"owp-content-center","24":"owp-thumbs-layout-horizontal","25":"owp-btn-normal","26":"owp-tabs-layout-horizontal","27":"has-no-thumbnails"},"_links":{"self":[{"href":"https:\/\/biblivres.fr\/index.php\/wp-json\/wp\/v2\/product\/344","targetHints":{"allow":["GET"]}}],"collection":[{"href":"https:\/\/biblivres.fr\/index.php\/wp-json\/wp\/v2\/product"}],"about":[{"href":"https:\/\/biblivres.fr\/index.php\/wp-json\/wp\/v2\/types\/product"}],"wp:featuredmedia":[{"embeddable":true,"href":"https:\/\/biblivres.fr\/index.php\/wp-json\/wp\/v2\/media\/345"}],"wp:attachment":[{"href":"https:\/\/biblivres.fr\/index.php\/wp-json\/wp\/v2\/media?parent=344"}],"wp:term":[{"taxonomy":"product_brand","embeddable":true,"href":"https:\/\/biblivres.fr\/index.php\/wp-json\/wp\/v2\/product_brand?post=344"},{"taxonomy":"product_cat","embeddable":true,"href":"https:\/\/biblivres.fr\/index.php\/wp-json\/wp\/v2\/product_cat?post=344"},{"taxonomy":"product_tag","embeddable":true,"href":"https:\/\/biblivres.fr\/index.php\/wp-json\/wp\/v2\/product_tag?post=344"}],"curies":[{"name":"wp","href":"https:\/\/api.w.org\/{rel}","templated":true}]}}