{"id":348,"date":"2026-02-06T11:13:12","date_gmt":"2026-02-06T11:13:12","guid":{"rendered":"https:\/\/biblivres.fr\/index.php\/product\/2-tim-219-26\/"},"modified":"2026-02-12T10:35:21","modified_gmt":"2026-02-12T10:35:21","slug":"2-tim-219-26","status":"publish","type":"product","link":"https:\/\/biblivres.fr\/index.php\/product\/2-tim-219-26\/","title":{"rendered":"\u00c9tude sur 2 Tim. 2:19-26"},"content":{"rendered":"<p>D\u2019o\u00f9 vient la confusion pr\u00e9sente\u00a0? Faut-il se satisfaire de celle-ci en acceptant de suivre le courant, ou de tenir ferme en remontant le courant\u00a0? Est-il encore n\u00e9cessaire de se retirer aujourd\u2019hui, quand le mal ne peut plus \u00eatre \u00f4t\u00e9 dans un rassemblement\u00a0? La lecture de cet extrait nous rappelle que le mal est incompatible avec la pr\u00e9sence du Seigneur dans l\u2019assembl\u00e9e et que, si une assembl\u00e9e refuse de juger le mal, le fid\u00e8le doit s\u2019en retirer. La fid\u00e9lit\u00e9 individuelle au Seigneur est \u00e0 la base d\u2019une marche collective fid\u00e8le, et non l\u2019inverse. Puret\u00e9 personnelle et saintet\u00e9 (s\u00e9paration) vont de pair. La position de s\u00e9paration n\u2019est pas quelque chose d\u2019acquis une fois pour toutes, ni pour un individu, ni pour un rassemblement\u00a0; il faut constamment \u00eatre vigilant.<\/p>\n","protected":false},"excerpt":{"rendered":"<p>D\u2019o\u00f9 vient la confusion pr\u00e9sente\u00a0? Faut-il se satisfaire de celle-ci en acceptant de suivre le courant, ou de tenir ferme en remontant le courant\u00a0? Est-il encore n\u00e9cessaire de se retirer aujourd\u2019hui, quand le mal ne peut plus \u00eatre \u00f4t\u00e9 dans un rassemblement\u00a0? La lecture de cet extrait nous rappelle que le mal est incompatible avec la pr\u00e9sence du Seigneur dans l\u2019assembl\u00e9e et que, si une assembl\u00e9e refuse de juger le mal, le fid\u00e8le doit s\u2019en retirer. La fid\u00e9lit\u00e9 individuelle au Seigneur est \u00e0 la base d\u2019une marche collective fid\u00e8le, et non l\u2019inverse. Puret\u00e9 personnelle et saintet\u00e9 (s\u00e9paration) vont de pair. La position de s\u00e9paration n\u2019est pas quelque chose d\u2019acquis une fois pour toutes, ni pour un individu, ni pour un rassemblement\u00a0; il faut constamment \u00eatre vigilant.<\/p>\n","protected":false},"featured_media":349,"template":"","meta":{"ocean_post_layout":"","ocean_both_sidebars_style":"","ocean_both_sidebars_content_width":0,"ocean_both_sidebars_sidebars_width":0,"ocean_sidebar":"0","ocean_second_sidebar":"0","ocean_disable_margins":"enable","ocean_add_body_class":"","ocean_shortcode_before_top_bar":"","ocean_shortcode_after_top_bar":"","ocean_shortcode_before_header":"","ocean_shortcode_after_header":"","ocean_has_shortcode":"","ocean_shortcode_after_title":"","ocean_shortcode_before_footer_widgets":"","ocean_shortcode_after_footer_widgets":"","ocean_shortcode_before_footer_bottom":"","ocean_shortcode_after_footer_bottom":"","ocean_display_top_bar":"default","ocean_display_header":"default","ocean_header_style":"","ocean_center_header_left_menu":"0","ocean_custom_header_template":"0","ocean_custom_logo":0,"ocean_custom_retina_logo":0,"ocean_custom_logo_max_width":0,"ocean_custom_logo_tablet_max_width":0,"ocean_custom_logo_mobile_max_width":0,"ocean_custom_logo_max_height":0,"ocean_custom_logo_tablet_max_height":0,"ocean_custom_logo_mobile_max_height":0,"ocean_header_custom_menu":"0","ocean_menu_typo_font_family":"0","ocean_menu_typo_font_subset":"","ocean_menu_typo_font_size":0,"ocean_menu_typo_font_size_tablet":0,"ocean_menu_typo_font_size_mobile":0,"ocean_menu_typo_font_size_unit":"px","ocean_menu_typo_font_weight":"","ocean_menu_typo_font_weight_tablet":"","ocean_menu_typo_font_weight_mobile":"","ocean_menu_typo_transform":"","ocean_menu_typo_transform_tablet":"","ocean_menu_typo_transform_mobile":"","ocean_menu_typo_line_height":0,"ocean_menu_typo_line_height_tablet":0,"ocean_menu_typo_line_height_mobile":0,"ocean_menu_typo_line_height_unit":"","ocean_menu_typo_spacing":0,"ocean_menu_typo_spacing_tablet":0,"ocean_menu_typo_spacing_mobile":0,"ocean_menu_typo_spacing_unit":"","ocean_menu_link_color":"","ocean_menu_link_color_hover":"","ocean_menu_link_color_active":"","ocean_menu_link_background":"","ocean_menu_link_hover_background":"","ocean_menu_link_active_background":"","ocean_menu_social_links_bg":"","ocean_menu_social_hover_links_bg":"","ocean_menu_social_links_color":"","ocean_menu_social_hover_links_color":"","ocean_disable_title":"default","ocean_disable_heading":"default","ocean_post_title":"","ocean_post_subheading":"","ocean_post_title_style":"","ocean_post_title_background_color":"","ocean_post_title_background":0,"ocean_post_title_bg_image_position":"","ocean_post_title_bg_image_attachment":"","ocean_post_title_bg_image_repeat":"","ocean_post_title_bg_image_size":"","ocean_post_title_height":0,"ocean_post_title_bg_overlay":0.5,"ocean_post_title_bg_overlay_color":"","ocean_disable_breadcrumbs":"default","ocean_breadcrumbs_color":"","ocean_breadcrumbs_separator_color":"","ocean_breadcrumbs_links_color":"","ocean_breadcrumbs_links_hover_color":"","ocean_display_footer_widgets":"default","ocean_display_footer_bottom":"default","ocean_custom_footer_template":"0"},"product_brand":[37],"product_cat":[16],"product_tag":[33],"class_list":{"0":"post-348","1":"product","2":"type-product","3":"status-publish","4":"has-post-thumbnail","6":"product_brand-fac","7":"product_cat-edi","8":"product_tag-com","10":"entry","11":"has-media","13":"first","14":"instock","15":"taxable","16":"shipping-taxable","17":"purchasable","18":"product-type-simple","19":"has-product-nav","20":"col","21":"span_1_of_6","22":"owp-content-center","23":"owp-thumbs-layout-horizontal","24":"owp-btn-normal","25":"owp-tabs-layout-horizontal","26":"has-no-thumbnails"},"_links":{"self":[{"href":"https:\/\/biblivres.fr\/index.php\/wp-json\/wp\/v2\/product\/348","targetHints":{"allow":["GET"]}}],"collection":[{"href":"https:\/\/biblivres.fr\/index.php\/wp-json\/wp\/v2\/product"}],"about":[{"href":"https:\/\/biblivres.fr\/index.php\/wp-json\/wp\/v2\/types\/product"}],"wp:featuredmedia":[{"embeddable":true,"href":"https:\/\/biblivres.fr\/index.php\/wp-json\/wp\/v2\/media\/349"}],"wp:attachment":[{"href":"https:\/\/biblivres.fr\/index.php\/wp-json\/wp\/v2\/media?parent=348"}],"wp:term":[{"taxonomy":"product_brand","embeddable":true,"href":"https:\/\/biblivres.fr\/index.php\/wp-json\/wp\/v2\/product_brand?post=348"},{"taxonomy":"product_cat","embeddable":true,"href":"https:\/\/biblivres.fr\/index.php\/wp-json\/wp\/v2\/product_cat?post=348"},{"taxonomy":"product_tag","embeddable":true,"href":"https:\/\/biblivres.fr\/index.php\/wp-json\/wp\/v2\/product_tag?post=348"}],"curies":[{"name":"wp","href":"https:\/\/api.w.org\/{rel}","templated":true}]}}